{"id":1054,"date":"2025-02-06T01:51:57","date_gmt":"2025-02-06T00:51:57","guid":{"rendered":"https:\/\/openbooks21.com\/?post_type=product&#038;p=1054"},"modified":"2026-03-06T04:29:13","modified_gmt":"2026-03-06T03:29:13","slug":"pack-team-together-material-digital","status":"publish","type":"product","link":"https:\/\/openbooks21.com\/pt\/produto\/pack-team-together-material-digital\/","title":{"rendered":"Pack Team Together (Material digital)"},"content":{"rendered":"<p>El curso de ingl\u00e9s brit\u00e1nico de 7 niveles <strong>Team Together<\/strong> desarrolla las habilidades ling\u00fc\u00edsticas junto con las habilidades del siglo XXI para ayudar a los estudiantes a prosperar en el mundo actual. Los alumnos tienen el reto de comunicarse de forma creativa en contextos aut\u00e9nticos, pensar de forma cr\u00edtica y trabajar juntos para obtener resultados.<\/p>\n<p><strong>O CONTE\u00daDO DE TODOS OS N\u00cdVEIS<\/strong><\/p>\n<table>\n<tbody>\n<tr>\n<td colspan=\"3\" width=\"566\">\n<p style=\"text-align: center;\"><strong>Team Together<\/strong><\/p>\n<\/td>\n<\/tr>\n<tr>\n<td width=\"189\">\n<p style=\"text-align: center;\"><strong>Team Together Starter<\/strong><\/p>\n<\/td>\n<td width=\"189\">\n<p style=\"text-align: center;\"><strong>Team Together 1<\/strong><\/p>\n<\/td>\n<td width=\"189\">\n<p style=\"text-align: center;\"><strong>Team Together 2<\/strong><\/p>\n<\/td>\n<\/tr>\n<tr>\n<td width=\"189\">\n<ul>\n<li>Pupils Book (PDF)<\/li>\n<li>Activity Book (PDF)<\/li>\n<li>Class Audio Cds<\/li>\n<li>Flashcards (PDF)<\/li>\n<li>Teachers Book (PDF)<\/li>\n<li>Photocopiables (PDF)<\/li>\n<\/ul>\n<\/td>\n<td width=\"189\">\n<ul>\n<li>Pupils Book (PDF)<\/li>\n<li>Activity Book (PDF)<\/li>\n<li>Class Audio Cds<\/li>\n<li>Flashcards (PDF)<\/li>\n<li>Posters (PDF)<\/li>\n<li>Teachers Book<\/li>\n<li>Word Cards (PDF)<\/li>\n<li>Story Cards (PDF)<\/li>\n<li>Testes (PDF)<\/li>\n<li>Photocopiables (PDF)<\/li>\n<li>Animations Video<\/li>\n<li>Culture Video<\/li>\n<\/ul>\n<\/td>\n<td width=\"189\">\n<ul>\n<li>Pupils Book (PDF)<\/li>\n<li>Activity Book (PDF)<\/li>\n<li>Class Audio Cds<\/li>\n<li>Flashcards (PDF)<\/li>\n<li>Posters (PDF)<\/li>\n<li>Teachers Book<\/li>\n<li>Word Cards (PDF)<\/li>\n<li>Story Cards (PDF)<\/li>\n<li>Testes (PDF)<\/li>\n<li>Animations Video<\/li>\n<li>Culture Video<\/li>\n<\/ul>\n<\/td>\n<\/tr>\n<tr>\n<td width=\"189\">\n<p style=\"text-align: center;\"><strong>Team Together 3<\/strong><\/p>\n<\/td>\n<td width=\"189\">\n<p style=\"text-align: center;\"><strong>Team Together 4<\/strong><\/p>\n<\/td>\n<td width=\"189\">\n<p style=\"text-align: center;\"><strong>Team Together 5<\/strong><\/p>\n<\/td>\n<\/tr>\n<tr>\n<td width=\"189\">\n<ul>\n<li>Pupils Book (PDF)<\/li>\n<li>Activity Book (PDF)<\/li>\n<li>Class Audio Cds<\/li>\n<li>Posters (PDF)<\/li>\n<li>Teachers Book (PDF)<\/li>\n<li>Photocopiables (PDF)<\/li>\n<li>Testes (PDF)<\/li>\n<\/ul>\n<\/td>\n<td width=\"189\">\n<ul>\n<li>Pupils Book (PDF)<\/li>\n<li>Activity Book (PDF)<\/li>\n<li>Class Audio Cds<\/li>\n<li>Posters (PDF)<\/li>\n<li>Teachers Book (PDF)<\/li>\n<li>Photocopiables (PDF)<\/li>\n<li>Testes (PDF)<\/li>\n<li>Animations Video<\/li>\n<li>Culture Video<\/li>\n<\/ul>\n<\/td>\n<td width=\"189\">\n<ul>\n<li>Pupils Book (PDF)<\/li>\n<li>Activity Book (PDF)<\/li>\n<li>Class Audio Cds<\/li>\n<li>Posters (PDF)<\/li>\n<li>Teachers Book (PDF)<\/li>\n<li>Photocopiables (PDF)<\/li>\n<li>Testes (PDF)<\/li>\n<li>Culture Video<\/li>\n<\/ul>\n<\/td>\n<\/tr>\n<tr>\n<td width=\"189\">\n<p style=\"text-align: center;\"><strong>Team Together 6<\/strong><\/p>\n<\/td>\n<td width=\"189\"><strong>\u00a0<\/strong><\/td>\n<td width=\"189\"><strong>\u00a0<\/strong><\/td>\n<\/tr>\n<tr>\n<td width=\"189\">\n<ul>\n<li>Pupils Book (PDF)<\/li>\n<li>Activity Book (PDF)<\/li>\n<li>Class Audio Cds<\/li>\n<li>Posters (PDF)<\/li>\n<li>Teachers Book (PDF)<\/li>\n<li>Photocopiables (PDF)<\/li>\n<li>Testes (PDF)<\/li>\n<li>Culture Video<\/li>\n<\/ul>\n<\/td>\n<td width=\"189\"><strong>\u00a0<\/strong><\/td>\n<td width=\"189\"><strong>\u00a0<\/strong><\/td>\n<\/tr>\n<\/tbody>\n<\/table>","protected":false},"excerpt":{"rendered":"<p>El curso de ingl\u00e9s brit\u00e1nico de 7 niveles <strong>Team Together<\/strong> desarrolla las habilidades ling\u00fc\u00edsticas junto con las habilidades del siglo XXI para ayudar a los estudiantes a prosperar en el mundo actual.<\/p>","protected":false},"featured_media":1055,"template":"","meta":{"_uag_custom_page_level_css":"","site-sidebar-layout":"default","site-content-layout":"","ast-site-content-layout":"default","site-content-style":"default","site-sidebar-style":"default","ast-global-header-display":"","ast-banner-title-visibility":"","ast-main-header-display":"","ast-hfb-above-header-display":"","ast-hfb-below-header-display":"","ast-hfb-mobile-header-display":"","site-post-title":"","ast-breadcrumbs-content":"","ast-featured-img":"","footer-sml-layout":"","ast-disable-related-posts":"","theme-transparent-header-meta":"default","adv-header-id-meta":"","stick-header-meta":"","header-above-stick-meta":"","header-main-stick-meta":"","header-below-stick-meta":"","astra-migrate-meta-layouts":"set","ast-page-background-enabled":"default","ast-page-background-meta":{"desktop":{"background-color":"var(--ast-global-color-4)","background-image":"","background-repeat":"repeat","background-position":"center center","background-size":"auto","background-attachment":"scroll","background-type":"","background-media":"","overlay-type":"","overlay-color":"","overlay-opacity":"","overlay-gradient":""},"tablet":{"background-color":"","background-image":"","background-repeat":"repeat","background-position":"center center","background-size":"auto","background-attachment":"scroll","background-type":"","background-media":"","overlay-type":"","overlay-color":"","overlay-opacity":"","overlay-gradient":""},"mobile":{"background-color":"","background-image":"","background-repeat":"repeat","background-position":"center center","background-size":"auto","background-attachment":"scroll","background-type":"","background-media":"","overlay-type":"","overlay-color":"","overlay-opacity":"","overlay-gradient":""}},"ast-content-background-meta":{"desktop":{"background-color":"var(--ast-global-color-5)","background-image":"","background-repeat":"repeat","background-position":"center center","background-size":"auto","background-attachment":"scroll","background-type":"","background-media":"","overlay-type":"","overlay-color":"","overlay-opacity":"","overlay-gradient":""},"tablet":{"background-color":"var(--ast-global-color-5)","background-image":"","background-repeat":"repeat","background-position":"center center","background-size":"auto","background-attachment":"scroll","background-type":"","background-media":"","overlay-type":"","overlay-color":"","overlay-opacity":"","overlay-gradient":""},"mobile":{"background-color":"var(--ast-global-color-5)","background-image":"","background-repeat":"repeat","background-position":"center center","background-size":"auto","background-attachment":"scroll","background-type":"","background-media":"","overlay-type":"","overlay-color":"","overlay-opacity":"","overlay-gradient":""}}},"product_brand":[],"product_cat":[22],"product_tag":[50],"class_list":{"0":"post-1054","1":"product","2":"type-product","3":"status-publish","4":"has-post-thumbnail","6":"product_cat-ingles-britanico-ninos-6-11-anos","7":"product_tag-ingles-britanico","8":"desktop-align-left","9":"tablet-align-left","10":"mobile-align-left","12":"first","13":"instock","14":"sale","15":"virtual","16":"purchasable","17":"product-type-simple"},"uagb_featured_image_src":{"full":["https:\/\/openbooks21.com\/wp-content\/uploads\/2025\/02\/Team-Together.jpg",1025,1025,false],"thumbnail":["https:\/\/openbooks21.com\/wp-content\/uploads\/2025\/02\/Team-Together-150x150.jpg",150,150,true],"medium":["https:\/\/openbooks21.com\/wp-content\/uploads\/2025\/02\/Team-Together-300x300.jpg",300,300,true],"medium_large":["https:\/\/openbooks21.com\/wp-content\/uploads\/2025\/02\/Team-Together-768x768.jpg",768,768,true],"large":["https:\/\/openbooks21.com\/wp-content\/uploads\/2025\/02\/Team-Together.jpg",1024,1024,false],"1536x1536":["https:\/\/openbooks21.com\/wp-content\/uploads\/2025\/02\/Team-Together.jpg",1025,1025,false],"2048x2048":["https:\/\/openbooks21.com\/wp-content\/uploads\/2025\/02\/Team-Together.jpg",1025,1025,false],"trp-custom-language-flag":["https:\/\/openbooks21.com\/wp-content\/uploads\/2025\/02\/Team-Together-12x12.jpg",12,12,true],"woocommerce_thumbnail":["https:\/\/openbooks21.com\/wp-content\/uploads\/2025\/02\/Team-Together-300x300.jpg",300,300,true],"woocommerce_single":["https:\/\/openbooks21.com\/wp-content\/uploads\/2025\/02\/Team-Together-600x600.jpg",600,600,true],"woocommerce_gallery_thumbnail":["https:\/\/openbooks21.com\/wp-content\/uploads\/2025\/02\/Team-Together-100x100.jpg",100,100,true],"dgwt-wcas-product-suggestion":["https:\/\/openbooks21.com\/wp-content\/uploads\/2025\/02\/Team-Together-64x64.jpg",64,64,true]},"uagb_author_info":{"display_name":"openbooks21.com","author_link":"https:\/\/openbooks21.com\/pt\/author\/"},"uagb_comment_info":0,"uagb_excerpt":"El curso de ingl\u00e9s brit\u00e1nico de 7 niveles Team Together desarrolla las habilidades ling\u00fc\u00edsticas junto con las habilidades del siglo XXI para ayudar a los estudiantes a prosperar en el mundo actual.","jetpack_sharing_enabled":true,"_links":{"self":[{"href":"https:\/\/openbooks21.com\/pt\/wp-json\/wp\/v2\/product\/1054","targetHints":{"allow":["GET"]}}],"collection":[{"href":"https:\/\/openbooks21.com\/pt\/wp-json\/wp\/v2\/product"}],"about":[{"href":"https:\/\/openbooks21.com\/pt\/wp-json\/wp\/v2\/types\/product"}],"wp:featuredmedia":[{"embeddable":true,"href":"https:\/\/openbooks21.com\/pt\/wp-json\/wp\/v2\/media\/1055"}],"wp:attachment":[{"href":"https:\/\/openbooks21.com\/pt\/wp-json\/wp\/v2\/media?parent=1054"}],"wp:term":[{"taxonomy":"product_brand","embeddable":true,"href":"https:\/\/openbooks21.com\/pt\/wp-json\/wp\/v2\/product_brand?post=1054"},{"taxonomy":"product_cat","embeddable":true,"href":"https:\/\/openbooks21.com\/pt\/wp-json\/wp\/v2\/product_cat?post=1054"},{"taxonomy":"product_tag","embeddable":true,"href":"https:\/\/openbooks21.com\/pt\/wp-json\/wp\/v2\/product_tag?post=1054"}],"curies":[{"name":"wp","href":"https:\/\/api.w.org\/{rel}","templated":true}]}}