{"id":1143,"date":"2025-03-06T06:24:53","date_gmt":"2025-03-06T05:24:53","guid":{"rendered":"https:\/\/openbooks21.com\/?post_type=product&#038;p=1143"},"modified":"2025-11-27T23:36:31","modified_gmt":"2025-11-27T22:36:31","slug":"mega-pack-coleccion-acento-ingles-americano-material-digital","status":"publish","type":"product","link":"https:\/\/openbooks21.com\/pt\/produto\/mega-pack-coleccion-acento-ingles-americano-material-digital\/","title":{"rendered":"MEGA PACK Colecci\u00f3n Acento Ingl\u00e9s Americano (Material digital)"},"content":{"rendered":"<p><strong>La colecci\u00f3n Mejora tu acento ingl\u00e9s americano <\/strong>es una de las mejores colecciones para aprender a pronunciar letras y palabras en ingl\u00e9s. La ense\u00f1anza de esta colecci\u00f3n se presenta en forma de 6 lecciones, que explican de manera completa y \u00fatil todos los contenidos y puntos relacionados con la pronunciaci\u00f3n para los estudiantes de idiomas.<\/p>\n<p><strong>CONTENIDO DE TODA <\/strong><strong>COLECCI\u00d3N<\/strong><\/p>\n<table width=\"794\">\n<tbody>\n<tr>\n<td colspan=\"2\" width=\"794\">\n<p style=\"text-align: center;\"><strong>Colecci\u00f3n Acento Ingl\u00e9s Americano<\/strong><\/p>\n<\/td>\n<\/tr>\n<tr>\n<td width=\"397\">\n<ul>\n<li>Programa de Acento Americano (PDF + Audios)<\/li>\n<li>American Accent video Training Program (PDF + Video)<\/li>\n<li>Libro de Entrenamiento de Acento Americano (PDF + Audio)<\/li>\n<li>Colecci\u00f3n de videos American Accent Course (PDF + Video + Audio)<\/li>\n<\/ul>\n<\/td>\n<td width=\"397\">\n<ul>\n<li>Curso de Acento Americano &#8211; 50 Reglas (Videos)<\/li>\n<li>Mejora tu acento en ingl\u00e9s americano (PDF + Audio)<\/li>\n<li>Pierde tu acento en 28 d\u00edas (PDF + Audio)<\/li>\n<li>5000 Collegiate Words English Dictionary (PDF + Audio)<\/li>\n<\/ul>\n<\/td>\n<\/tr>\n<\/tbody>\n<\/table>","protected":false},"excerpt":{"rendered":"<p><strong>La colecci\u00f3n Mejora tu acento ingl\u00e9s americano <\/strong>es una de las mejores colecciones para aprender a pronunciar letras y palabras en ingl\u00e9s. La ense\u00f1anza de esta colecci\u00f3n se presenta en forma de 6 lecciones, que explican de manera completa y \u00fatil todos los contenidos y puntos relacionados con la pronunciaci\u00f3n para los estudiantes de idiomas.<\/p>","protected":false},"featured_media":1144,"template":"","meta":{"_uag_custom_page_level_css":"","site-sidebar-layout":"default","site-content-layout":"","ast-site-content-layout":"default","site-content-style":"default","site-sidebar-style":"default","ast-global-header-display":"","ast-banner-title-visibility":"","ast-main-header-display":"","ast-hfb-above-header-display":"","ast-hfb-below-header-display":"","ast-hfb-mobile-header-display":"","site-post-title":"","ast-breadcrumbs-content":"","ast-featured-img":"","footer-sml-layout":"","theme-transparent-header-meta":"default","adv-header-id-meta":"","stick-header-meta":"","header-above-stick-meta":"","header-main-stick-meta":"","header-below-stick-meta":"","astra-migrate-meta-layouts":"set","ast-page-background-enabled":"default","ast-page-background-meta":{"desktop":{"background-color":"var(--ast-global-color-4)","background-image":"","background-repeat":"repeat","background-position":"center center","background-size":"auto","background-attachment":"scroll","background-type":"","background-media":"","overlay-type":"","overlay-color":"","overlay-opacity":"","overlay-gradient":""},"tablet":{"background-color":"","background-image":"","background-repeat":"repeat","background-position":"center center","background-size":"auto","background-attachment":"scroll","background-type":"","background-media":"","overlay-type":"","overlay-color":"","overlay-opacity":"","overlay-gradient":""},"mobile":{"background-color":"","background-image":"","background-repeat":"repeat","background-position":"center center","background-size":"auto","background-attachment":"scroll","background-type":"","background-media":"","overlay-type":"","overlay-color":"","overlay-opacity":"","overlay-gradient":""}},"ast-content-background-meta":{"desktop":{"background-color":"var(--ast-global-color-5)","background-image":"","background-repeat":"repeat","background-position":"center center","background-size":"auto","background-attachment":"scroll","background-type":"","background-media":"","overlay-type":"","overlay-color":"","overlay-opacity":"","overlay-gradient":""},"tablet":{"background-color":"var(--ast-global-color-5)","background-image":"","background-repeat":"repeat","background-position":"center center","background-size":"auto","background-attachment":"scroll","background-type":"","background-media":"","overlay-type":"","overlay-color":"","overlay-opacity":"","overlay-gradient":""},"mobile":{"background-color":"var(--ast-global-color-5)","background-image":"","background-repeat":"repeat","background-position":"center center","background-size":"auto","background-attachment":"scroll","background-type":"","background-media":"","overlay-type":"","overlay-color":"","overlay-opacity":"","overlay-gradient":""}}},"product_brand":[],"product_cat":[16],"product_tag":[49,54],"class_list":{"0":"post-1143","1":"product","2":"type-product","3":"status-publish","4":"has-post-thumbnail","6":"product_cat-ingles-americano-adultos","7":"product_tag-ingles-americano","8":"product_tag-promociones","9":"desktop-align-left","10":"tablet-align-left","11":"mobile-align-left","13":"first","14":"instock","15":"sale","16":"virtual","17":"purchasable","18":"product-type-simple"},"uagb_featured_image_src":{"full":["https:\/\/openbooks21.com\/wp-content\/uploads\/2025\/03\/Coleccion-Acento-Ingles-Americano.jpg",1025,1025,false],"thumbnail":["https:\/\/openbooks21.com\/wp-content\/uploads\/2025\/03\/Coleccion-Acento-Ingles-Americano-150x150.jpg",150,150,true],"medium":["https:\/\/openbooks21.com\/wp-content\/uploads\/2025\/03\/Coleccion-Acento-Ingles-Americano-300x300.jpg",300,300,true],"medium_large":["https:\/\/openbooks21.com\/wp-content\/uploads\/2025\/03\/Coleccion-Acento-Ingles-Americano-768x768.jpg",768,768,true],"large":["https:\/\/openbooks21.com\/wp-content\/uploads\/2025\/03\/Coleccion-Acento-Ingles-Americano.jpg",1024,1024,false],"1536x1536":["https:\/\/openbooks21.com\/wp-content\/uploads\/2025\/03\/Coleccion-Acento-Ingles-Americano.jpg",1025,1025,false],"2048x2048":["https:\/\/openbooks21.com\/wp-content\/uploads\/2025\/03\/Coleccion-Acento-Ingles-Americano.jpg",1025,1025,false],"trp-custom-language-flag":["https:\/\/openbooks21.com\/wp-content\/uploads\/2025\/03\/Coleccion-Acento-Ingles-Americano-12x12.jpg",12,12,true],"woocommerce_thumbnail":["https:\/\/openbooks21.com\/wp-content\/uploads\/2025\/03\/Coleccion-Acento-Ingles-Americano-300x300.jpg",300,300,true],"woocommerce_single":["https:\/\/openbooks21.com\/wp-content\/uploads\/2025\/03\/Coleccion-Acento-Ingles-Americano-600x600.jpg",600,600,true],"woocommerce_gallery_thumbnail":["https:\/\/openbooks21.com\/wp-content\/uploads\/2025\/03\/Coleccion-Acento-Ingles-Americano-100x100.jpg",100,100,true],"dgwt-wcas-product-suggestion":["https:\/\/openbooks21.com\/wp-content\/uploads\/2025\/03\/Coleccion-Acento-Ingles-Americano-64x64.jpg",64,64,true]},"uagb_author_info":{"display_name":"openbooks21.com","author_link":"https:\/\/openbooks21.com\/pt\/author\/"},"uagb_comment_info":0,"uagb_excerpt":"La colecci\u00f3n Mejora tu acento ingl\u00e9s americano es una de las mejores colecciones para aprender a pronunciar letras y palabras en ingl\u00e9s. La ense\u00f1anza de esta colecci\u00f3n se presenta en forma de 6 lecciones, que explican de manera completa y \u00fatil todos los contenidos y puntos relacionados con la pronunciaci\u00f3n para los estudiantes de idiomas.","jetpack_sharing_enabled":true,"_links":{"self":[{"href":"https:\/\/openbooks21.com\/pt\/wp-json\/wp\/v2\/product\/1143","targetHints":{"allow":["GET"]}}],"collection":[{"href":"https:\/\/openbooks21.com\/pt\/wp-json\/wp\/v2\/product"}],"about":[{"href":"https:\/\/openbooks21.com\/pt\/wp-json\/wp\/v2\/types\/product"}],"wp:featuredmedia":[{"embeddable":true,"href":"https:\/\/openbooks21.com\/pt\/wp-json\/wp\/v2\/media\/1144"}],"wp:attachment":[{"href":"https:\/\/openbooks21.com\/pt\/wp-json\/wp\/v2\/media?parent=1143"}],"wp:term":[{"taxonomy":"product_brand","embeddable":true,"href":"https:\/\/openbooks21.com\/pt\/wp-json\/wp\/v2\/product_brand?post=1143"},{"taxonomy":"product_cat","embeddable":true,"href":"https:\/\/openbooks21.com\/pt\/wp-json\/wp\/v2\/product_cat?post=1143"},{"taxonomy":"product_tag","embeddable":true,"href":"https:\/\/openbooks21.com\/pt\/wp-json\/wp\/v2\/product_tag?post=1143"}],"curies":[{"name":"wp","href":"https:\/\/api.w.org\/{rel}","templated":true}]}}