{"id":1665,"date":"2025-11-20T03:28:24","date_gmt":"2025-11-20T02:28:24","guid":{"rendered":"https:\/\/openbooks21.com\/?post_type=product&#038;p=1665"},"modified":"2026-03-06T04:04:11","modified_gmt":"2026-03-06T03:04:11","slug":"pack-american-family-and-friends-2nd-edition-material-digital","status":"publish","type":"product","link":"https:\/\/openbooks21.com\/pt\/produto\/pack-american-family-and-friends-2nd-edition-material-digital\/","title":{"rendered":"Pack American Family and Friends 2nd Edition (Material digital)"},"content":{"rendered":"<p><strong>American Family and Friends<\/strong> <strong>2nd Edition <\/strong>tiene una estructura clara, su din\u00e1mico programa de idiomas, sus atractivas canciones e historias, y su completo sistema de evaluaci\u00f3n lo convierten en uno de los cursos m\u00e1s populares del mundo para j\u00f3venes estudiantes.<\/p>\n<p><strong>O CONTE\u00daDO DE TODOS OS N\u00cdVEIS<\/strong><\/p>\n<table width=\"756\">\n<tbody>\n<tr>\n<td colspan=\"3\" width=\"756\">\n<p style=\"text-align: center;\"><strong>American Family and Friends 2nd Edition<\/strong><\/p>\n<\/td>\n<\/tr>\n<tr>\n<td width=\"255\"><strong>American Family and Friends 1<\/strong><\/td>\n<td width=\"246\"><strong>American Family and Friends 2<\/strong><\/td>\n<td width=\"255\"><strong>American Family and Friends 3<\/strong><\/td>\n<\/tr>\n<tr>\n<td width=\"255\">\n<ul>\n<li>Students Book (PDF)<\/li>\n<li>Teachers Book (PDF)<\/li>\n<li>Workbook (PDF)<\/li>\n<li>\u00c1udio<\/li>\n<li>Assessment Audio<\/li>\n<li>Make Materials (PDF)<\/li>\n<li>Songs<\/li>\n<li>Story Video<\/li>\n<li>CDRom<\/li>\n<li>DVD<\/li>\n<\/ul>\n<\/td>\n<td width=\"246\">\n<ul>\n<li>Students Book (PDF)<\/li>\n<li>Teachers Book (PDF)<\/li>\n<li>Workbook (PDF)<\/li>\n<li>\u00c1udio<\/li>\n<li>Assessment Audio<\/li>\n<li>Make Materials (PDF)<\/li>\n<li>Songs<\/li>\n<li>Story Video<\/li>\n<li>CDRom<\/li>\n<li>DVD<\/li>\n<\/ul>\n<\/td>\n<td width=\"255\">\n<ul>\n<li>Students Book (PDF)<\/li>\n<li>Teachers Book (PDF)<\/li>\n<li>Workbook (PDF)<\/li>\n<li>\u00c1udio<\/li>\n<li>Assessment Audio<\/li>\n<li>Make Materials (PDF)<\/li>\n<li>Songs<\/li>\n<li>Story Video<\/li>\n<li>CDRom<\/li>\n<li>DVD<\/li>\n<\/ul>\n<\/td>\n<\/tr>\n<tr>\n<td width=\"255\"><strong>American Family and Friends 4<\/strong><\/td>\n<td width=\"246\"><strong>American Family and Friends 5<\/strong><\/td>\n<td width=\"255\"><strong>American Family and Friends 6<\/strong><\/td>\n<\/tr>\n<tr>\n<td width=\"255\">\n<ul>\n<li>Students Book (PDF)<\/li>\n<li>Teachers Book (PDF)<\/li>\n<li>Workbook (PDF)<\/li>\n<li>\u00c1udio<\/li>\n<li>Assessment Audio<\/li>\n<li>Make Materials (PDF)<\/li>\n<li>Songs<\/li>\n<li>Story Video<\/li>\n<li>CDRom<\/li>\n<li>DVD<\/li>\n<\/ul>\n<\/td>\n<td width=\"246\">\n<ul>\n<li>Students Book (PDF)<\/li>\n<li>Teachers Book (PDF)<\/li>\n<li>Workbook (PDF)<\/li>\n<li>\u00c1udio<\/li>\n<li>Assessment Audio<\/li>\n<li>Make Materials (PDF)<\/li>\n<li>Songs<\/li>\n<li>CDRom<\/li>\n<li>DVD<\/li>\n<\/ul>\n<\/td>\n<td width=\"255\">\n<ul>\n<li>Students Book (PDF)<\/li>\n<li>Teachers Book (PDF)<\/li>\n<li>Workbook (PDF)<\/li>\n<li>\u00c1udio<\/li>\n<li>Assessment Audio<\/li>\n<li>Make Materials (PDF)<\/li>\n<li>Songs<\/li>\n<li>CDRom<\/li>\n<li>DVD<\/li>\n<\/ul>\n<\/td>\n<\/tr>\n<tr>\n<td width=\"255\"><strong>EXTRA<\/strong><\/td>\n<td width=\"246\"><\/td>\n<td width=\"255\"><\/td>\n<\/tr>\n<tr>\n<td width=\"255\">\n<ul>\n<li>Video Tips for Teachers<\/li>\n<li>1-6 Workbook Keys<\/li>\n<li>1-6 Scope and Sequence Teachers books<\/li>\n<li>1-6 Wordlists<\/li>\n<\/ul>\n<\/td>\n<td width=\"246\"><\/td>\n<td width=\"255\"><\/td>\n<\/tr>\n<\/tbody>\n<\/table>","protected":false},"excerpt":{"rendered":"<p><strong>American Family and Friends<\/strong> <strong>2nd Edition <\/strong>tiene una estructura clara, su din\u00e1mico programa de idiomas, sus atractivas canciones e historias, y su completo sistema de evaluaci\u00f3n lo convierten en uno de los cursos m\u00e1s populares del mundo para j\u00f3venes estudiantes.<\/p>","protected":false},"featured_media":1666,"template":"","meta":{"_uag_custom_page_level_css":"","site-sidebar-layout":"default","site-content-layout":"","ast-site-content-layout":"default","site-content-style":"default","site-sidebar-style":"default","ast-global-header-display":"","ast-banner-title-visibility":"","ast-main-header-display":"","ast-hfb-above-header-display":"","ast-hfb-below-header-display":"","ast-hfb-mobile-header-display":"","site-post-title":"","ast-breadcrumbs-content":"","ast-featured-img":"","footer-sml-layout":"","ast-disable-related-posts":"","theme-transparent-header-meta":"default","adv-header-id-meta":"","stick-header-meta":"","header-above-stick-meta":"","header-main-stick-meta":"","header-below-stick-meta":"","astra-migrate-meta-layouts":"set","ast-page-background-enabled":"default","ast-page-background-meta":{"desktop":{"background-color":"var(--ast-global-color-4)","background-image":"","background-repeat":"repeat","background-position":"center center","background-size":"auto","background-attachment":"scroll","background-type":"","background-media":"","overlay-type":"","overlay-color":"","overlay-opacity":"","overlay-gradient":""},"tablet":{"background-color":"","background-image":"","background-repeat":"repeat","background-position":"center center","background-size":"auto","background-attachment":"scroll","background-type":"","background-media":"","overlay-type":"","overlay-color":"","overlay-opacity":"","overlay-gradient":""},"mobile":{"background-color":"","background-image":"","background-repeat":"repeat","background-position":"center center","background-size":"auto","background-attachment":"scroll","background-type":"","background-media":"","overlay-type":"","overlay-color":"","overlay-opacity":"","overlay-gradient":""}},"ast-content-background-meta":{"desktop":{"background-color":"var(--ast-global-color-5)","background-image":"","background-repeat":"repeat","background-position":"center center","background-size":"auto","background-attachment":"scroll","background-type":"","background-media":"","overlay-type":"","overlay-color":"","overlay-opacity":"","overlay-gradient":""},"tablet":{"background-color":"var(--ast-global-color-5)","background-image":"","background-repeat":"repeat","background-position":"center center","background-size":"auto","background-attachment":"scroll","background-type":"","background-media":"","overlay-type":"","overlay-color":"","overlay-opacity":"","overlay-gradient":""},"mobile":{"background-color":"var(--ast-global-color-5)","background-image":"","background-repeat":"repeat","background-position":"center center","background-size":"auto","background-attachment":"scroll","background-type":"","background-media":"","overlay-type":"","overlay-color":"","overlay-opacity":"","overlay-gradient":""}}},"product_brand":[],"product_cat":[21],"product_tag":[49],"class_list":{"0":"post-1665","1":"product","2":"type-product","3":"status-publish","4":"has-post-thumbnail","6":"product_cat-ingles-americano-ninos-6-11-anos","7":"product_tag-ingles-americano","8":"desktop-align-left","9":"tablet-align-left","10":"mobile-align-left","12":"first","13":"instock","14":"sale","15":"virtual","16":"purchasable","17":"product-type-simple"},"uagb_featured_image_src":{"full":["https:\/\/openbooks21.com\/wp-content\/uploads\/2025\/11\/American-Family-and-Friends-2nd-Edition.jpg",1025,1025,false],"thumbnail":["https:\/\/openbooks21.com\/wp-content\/uploads\/2025\/11\/American-Family-and-Friends-2nd-Edition-150x150.jpg",150,150,true],"medium":["https:\/\/openbooks21.com\/wp-content\/uploads\/2025\/11\/American-Family-and-Friends-2nd-Edition-300x300.jpg",300,300,true],"medium_large":["https:\/\/openbooks21.com\/wp-content\/uploads\/2025\/11\/American-Family-and-Friends-2nd-Edition-768x768.jpg",768,768,true],"large":["https:\/\/openbooks21.com\/wp-content\/uploads\/2025\/11\/American-Family-and-Friends-2nd-Edition.jpg",1024,1024,false],"1536x1536":["https:\/\/openbooks21.com\/wp-content\/uploads\/2025\/11\/American-Family-and-Friends-2nd-Edition.jpg",1025,1025,false],"2048x2048":["https:\/\/openbooks21.com\/wp-content\/uploads\/2025\/11\/American-Family-and-Friends-2nd-Edition.jpg",1025,1025,false],"trp-custom-language-flag":["https:\/\/openbooks21.com\/wp-content\/uploads\/2025\/11\/American-Family-and-Friends-2nd-Edition-12x12.jpg",12,12,true],"woocommerce_thumbnail":["https:\/\/openbooks21.com\/wp-content\/uploads\/2025\/11\/American-Family-and-Friends-2nd-Edition-300x300.jpg",300,300,true],"woocommerce_single":["https:\/\/openbooks21.com\/wp-content\/uploads\/2025\/11\/American-Family-and-Friends-2nd-Edition-600x600.jpg",600,600,true],"woocommerce_gallery_thumbnail":["https:\/\/openbooks21.com\/wp-content\/uploads\/2025\/11\/American-Family-and-Friends-2nd-Edition-100x100.jpg",100,100,true],"dgwt-wcas-product-suggestion":["https:\/\/openbooks21.com\/wp-content\/uploads\/2025\/11\/American-Family-and-Friends-2nd-Edition-64x64.jpg",64,64,true]},"uagb_author_info":{"display_name":"openbooks21.com","author_link":"https:\/\/openbooks21.com\/pt\/author\/"},"uagb_comment_info":0,"uagb_excerpt":"American Family and Friends 2nd Edition tiene una estructura clara, su din\u00e1mico programa de idiomas, sus atractivas canciones e historias, y su completo sistema de evaluaci\u00f3n lo convierten en uno de los cursos m\u00e1s populares del mundo para j\u00f3venes estudiantes.","jetpack_sharing_enabled":true,"_links":{"self":[{"href":"https:\/\/openbooks21.com\/pt\/wp-json\/wp\/v2\/product\/1665","targetHints":{"allow":["GET"]}}],"collection":[{"href":"https:\/\/openbooks21.com\/pt\/wp-json\/wp\/v2\/product"}],"about":[{"href":"https:\/\/openbooks21.com\/pt\/wp-json\/wp\/v2\/types\/product"}],"wp:featuredmedia":[{"embeddable":true,"href":"https:\/\/openbooks21.com\/pt\/wp-json\/wp\/v2\/media\/1666"}],"wp:attachment":[{"href":"https:\/\/openbooks21.com\/pt\/wp-json\/wp\/v2\/media?parent=1665"}],"wp:term":[{"taxonomy":"product_brand","embeddable":true,"href":"https:\/\/openbooks21.com\/pt\/wp-json\/wp\/v2\/product_brand?post=1665"},{"taxonomy":"product_cat","embeddable":true,"href":"https:\/\/openbooks21.com\/pt\/wp-json\/wp\/v2\/product_cat?post=1665"},{"taxonomy":"product_tag","embeddable":true,"href":"https:\/\/openbooks21.com\/pt\/wp-json\/wp\/v2\/product_tag?post=1665"}],"curies":[{"name":"wp","href":"https:\/\/api.w.org\/{rel}","templated":true}]}}