{"id":1756,"date":"2025-12-16T05:51:07","date_gmt":"2025-12-16T04:51:07","guid":{"rendered":"https:\/\/openbooks21.com\/?post_type=product&#038;p=1756"},"modified":"2025-12-16T05:51:07","modified_gmt":"2025-12-16T04:51:07","slug":"pack-academy-stars-2nd-edition-material-digital","status":"publish","type":"product","link":"https:\/\/openbooks21.com\/pt\/produto\/pack-academy-stars-2nd-edition-material-digital\/","title":{"rendered":"Pack Academy Stars 2nd Edition (Material digital)"},"content":{"rendered":"<p><strong>Academy Stars 2nd Edition <\/strong>es un m\u00e9todo de ingl\u00e9s para ni\u00f1os de primaria en academias que pone el foco en la pr\u00e1ctica del lenguaje y la independencia.<\/p>\n<p><strong>O CONTE\u00daDO DE TODOS OS N\u00cdVEIS<\/strong><\/p>\n<table width=\"709\">\n<tbody>\n<tr>\n<td colspan=\"3\" width=\"709\">\n<p style=\"text-align: center;\"><strong>Academy Stars Second Edition<\/strong><\/p>\n<\/td>\n<\/tr>\n<tr>\n<td width=\"236\">\n<p style=\"text-align: center;\"><strong>Academy Stars Starter<\/strong><\/p>\n<\/td>\n<td width=\"236\">\n<p style=\"text-align: center;\"><strong>Academy Stars 1<\/strong><\/p>\n<\/td>\n<td width=\"236\">\n<p style=\"text-align: center;\"><strong>Academy Stars 2<\/strong><\/p>\n<\/td>\n<\/tr>\n<tr>\n<td width=\"236\">\n<ul>\n<li>Pupils Book (PDF)<\/li>\n<li>Pupils Book \u00c1udio<\/li>\n<li>Alphabet Book (PDF)<\/li>\n<li>Alphabet Book Audio<\/li>\n<li>Alphabet Teachers Notes (PDF)<\/li>\n<li>Alphabet Flashcards (PDF)<\/li>\n<li>Teachers book (PDF)<\/li>\n<li>Flashcards (PDF)<\/li>\n<li>Worksheets (PDF)<\/li>\n<li>Assessment (PDF)<\/li>\n<\/ul>\n<\/td>\n<td width=\"236\">\n<ul>\n<li>Pupils Book (PDF)<\/li>\n<li>Pupils Book \u00c1udio<\/li>\n<li>Workbook (PDF)<\/li>\n<li>Workbook Audio<\/li>\n<li>Teachers book (PDF)<\/li>\n<li>Flashcards (PDF)<\/li>\n<li>Worksheets (PDF)<\/li>\n<li>Communicative activities (PDF)<\/li>\n<li>Grammar Booster (PDF)<\/li>\n<li>Assessment (PDF)<\/li>\n<li>V\u00eddeos<\/li>\n<\/ul>\n<\/td>\n<td width=\"236\">\n<ul>\n<li>Pupils Book (PDF)<\/li>\n<li>Pupils Book \u00c1udio<\/li>\n<li>Workbook (PDF)<\/li>\n<li>Workbook Audio<\/li>\n<li>Teachers book (PDF)<\/li>\n<li>Flashcards (PDF)<\/li>\n<li>Worksheets (PDF)<\/li>\n<li>Communicative activities (PDF)<\/li>\n<li>Grammar Booster (PDF)<\/li>\n<li>Assessment (PDF)<\/li>\n<li>V\u00eddeos<\/li>\n<\/ul>\n<\/td>\n<\/tr>\n<tr>\n<td width=\"236\">\n<p style=\"text-align: center;\"><strong>Academy Stars 3<\/strong><\/p>\n<\/td>\n<td width=\"236\">\n<p style=\"text-align: center;\"><strong>Academy Stars 4<\/strong><\/p>\n<\/td>\n<td width=\"236\">\n<p style=\"text-align: center;\"><strong>Academy Stars 5<\/strong><\/p>\n<\/td>\n<\/tr>\n<tr>\n<td width=\"236\">\n<ul>\n<li>Pupils Book (PDF)<\/li>\n<li>Pupils Book \u00c1udio<\/li>\n<li>Workbook (PDF)<\/li>\n<li>Workbook Audio<\/li>\n<li>Teachers book (PDF)<\/li>\n<li>Flashcards (PDF)<\/li>\n<li>Worksheets (PDF)<\/li>\n<li>Communicative activities (PDF)<\/li>\n<li>Grammar Booster (PDF)<\/li>\n<li>Assessment (PDF)<\/li>\n<li>V\u00eddeos<\/li>\n<\/ul>\n<\/td>\n<td width=\"236\">\n<ul>\n<li>Pupils Book (PDF)<\/li>\n<li>Pupils Book \u00c1udio<\/li>\n<li>Workbook (PDF)<\/li>\n<li>Workbook Audio<\/li>\n<li>Teachers book (PDF)<\/li>\n<li>Flashcards (PDF)<\/li>\n<li>Worksheets (PDF)<\/li>\n<li>Communicative activities (PDF)<\/li>\n<li>Grammar Booster (PDF)<\/li>\n<li>Assessment (PDF)<\/li>\n<li>V\u00eddeos<\/li>\n<\/ul>\n<\/td>\n<td width=\"236\">\n<ul>\n<li>Pupils Book (PDF)<\/li>\n<li>Pupils Book \u00c1udio<\/li>\n<li>Workbook (PDF)<\/li>\n<li>Workbook Audio<\/li>\n<li>Teachers book (PDF)<\/li>\n<li>Worksheets (PDF)<\/li>\n<li>Communicative activities (PDF)<\/li>\n<li>Grammar Booster (PDF)<\/li>\n<li>Assessment (PDF)<\/li>\n<li>V\u00eddeos<\/li>\n<\/ul>\n<\/td>\n<\/tr>\n<tr>\n<td width=\"236\">\n<p style=\"text-align: center;\"><strong>Academy Stars 6<\/strong><\/p>\n<\/td>\n<td width=\"236\">&nbsp;<\/td>\n<td width=\"236\">&nbsp;<\/td>\n<\/tr>\n<tr>\n<td width=\"236\">\n<ul>\n<li>Pupils Book (PDF)<\/li>\n<li>Pupils Book \u00c1udio<\/li>\n<li>Workbook (PDF)<\/li>\n<li>Workbook Audio<\/li>\n<li>Teachers book (PDF)<\/li>\n<li>Worksheets (PDF)<\/li>\n<li>Communicative activities (PDF)<\/li>\n<li>Grammar Booster (PDF)<\/li>\n<li>Assessment (PDF)<\/li>\n<li>V\u00eddeos<\/li>\n<\/ul>\n<\/td>\n<td width=\"236\">&nbsp;<\/td>\n<td width=\"236\">&nbsp;<\/td>\n<\/tr>\n<\/tbody>\n<\/table>","protected":false},"excerpt":{"rendered":"<p><strong>Academy Stars 2nd Edition <\/strong>es un m\u00e9todo de ingl\u00e9s para ni\u00f1os de primaria en academias que pone el foco en la pr\u00e1ctica del lenguaje y la independencia.<\/p>","protected":false},"featured_media":1757,"template":"","meta":{"_uag_custom_page_level_css":"","site-sidebar-layout":"default","site-content-layout":"","ast-site-content-layout":"default","site-content-style":"default","site-sidebar-style":"default","ast-global-header-display":"","ast-banner-title-visibility":"","ast-main-header-display":"","ast-hfb-above-header-display":"","ast-hfb-below-header-display":"","ast-hfb-mobile-header-display":"","site-post-title":"","ast-breadcrumbs-content":"","ast-featured-img":"","footer-sml-layout":"","theme-transparent-header-meta":"default","adv-header-id-meta":"","stick-header-meta":"","header-above-stick-meta":"","header-main-stick-meta":"","header-below-stick-meta":"","astra-migrate-meta-layouts":"set","ast-page-background-enabled":"default","ast-page-background-meta":{"desktop":{"background-color":"var(--ast-global-color-4)","background-image":"","background-repeat":"repeat","background-position":"center center","background-size":"auto","background-attachment":"scroll","background-type":"","background-media":"","overlay-type":"","overlay-color":"","overlay-opacity":"","overlay-gradient":""},"tablet":{"background-color":"","background-image":"","background-repeat":"repeat","background-position":"center center","background-size":"auto","background-attachment":"scroll","background-type":"","background-media":"","overlay-type":"","overlay-color":"","overlay-opacity":"","overlay-gradient":""},"mobile":{"background-color":"","background-image":"","background-repeat":"repeat","background-position":"center center","background-size":"auto","background-attachment":"scroll","background-type":"","background-media":"","overlay-type":"","overlay-color":"","overlay-opacity":"","overlay-gradient":""}},"ast-content-background-meta":{"desktop":{"background-color":"var(--ast-global-color-5)","background-image":"","background-repeat":"repeat","background-position":"center center","background-size":"auto","background-attachment":"scroll","background-type":"","background-media":"","overlay-type":"","overlay-color":"","overlay-opacity":"","overlay-gradient":""},"tablet":{"background-color":"var(--ast-global-color-5)","background-image":"","background-repeat":"repeat","background-position":"center center","background-size":"auto","background-attachment":"scroll","background-type":"","background-media":"","overlay-type":"","overlay-color":"","overlay-opacity":"","overlay-gradient":""},"mobile":{"background-color":"var(--ast-global-color-5)","background-image":"","background-repeat":"repeat","background-position":"center center","background-size":"auto","background-attachment":"scroll","background-type":"","background-media":"","overlay-type":"","overlay-color":"","overlay-opacity":"","overlay-gradient":""}}},"product_brand":[],"product_cat":[22],"product_tag":[50],"class_list":{"0":"post-1756","1":"product","2":"type-product","3":"status-publish","4":"has-post-thumbnail","6":"product_cat-ingles-britanico-ninos-6-11-anos","7":"product_tag-ingles-britanico","8":"desktop-align-left","9":"tablet-align-left","10":"mobile-align-left","12":"first","13":"instock","14":"sale","15":"virtual","16":"purchasable","17":"product-type-simple"},"uagb_featured_image_src":{"full":["https:\/\/openbooks21.com\/wp-content\/uploads\/2025\/12\/Academy-Stars-2nd-Edition.jpg",1025,1025,false],"thumbnail":["https:\/\/openbooks21.com\/wp-content\/uploads\/2025\/12\/Academy-Stars-2nd-Edition-150x150.jpg",150,150,true],"medium":["https:\/\/openbooks21.com\/wp-content\/uploads\/2025\/12\/Academy-Stars-2nd-Edition-300x300.jpg",300,300,true],"medium_large":["https:\/\/openbooks21.com\/wp-content\/uploads\/2025\/12\/Academy-Stars-2nd-Edition-768x768.jpg",768,768,true],"large":["https:\/\/openbooks21.com\/wp-content\/uploads\/2025\/12\/Academy-Stars-2nd-Edition.jpg",1024,1024,false],"1536x1536":["https:\/\/openbooks21.com\/wp-content\/uploads\/2025\/12\/Academy-Stars-2nd-Edition.jpg",1025,1025,false],"2048x2048":["https:\/\/openbooks21.com\/wp-content\/uploads\/2025\/12\/Academy-Stars-2nd-Edition.jpg",1025,1025,false],"trp-custom-language-flag":["https:\/\/openbooks21.com\/wp-content\/uploads\/2025\/12\/Academy-Stars-2nd-Edition-12x12.jpg",12,12,true],"woocommerce_thumbnail":["https:\/\/openbooks21.com\/wp-content\/uploads\/2025\/12\/Academy-Stars-2nd-Edition-300x300.jpg",300,300,true],"woocommerce_single":["https:\/\/openbooks21.com\/wp-content\/uploads\/2025\/12\/Academy-Stars-2nd-Edition-600x600.jpg",600,600,true],"woocommerce_gallery_thumbnail":["https:\/\/openbooks21.com\/wp-content\/uploads\/2025\/12\/Academy-Stars-2nd-Edition-100x100.jpg",100,100,true],"dgwt-wcas-product-suggestion":["https:\/\/openbooks21.com\/wp-content\/uploads\/2025\/12\/Academy-Stars-2nd-Edition-64x64.jpg",64,64,true]},"uagb_author_info":{"display_name":"openbooks21.com","author_link":"https:\/\/openbooks21.com\/pt\/author\/"},"uagb_comment_info":0,"uagb_excerpt":"Academy Stars 2nd Edition es un m\u00e9todo de ingl\u00e9s para ni\u00f1os de primaria en academias que pone el foco en la pr\u00e1ctica del lenguaje y la independencia.","jetpack_sharing_enabled":true,"_links":{"self":[{"href":"https:\/\/openbooks21.com\/pt\/wp-json\/wp\/v2\/product\/1756","targetHints":{"allow":["GET"]}}],"collection":[{"href":"https:\/\/openbooks21.com\/pt\/wp-json\/wp\/v2\/product"}],"about":[{"href":"https:\/\/openbooks21.com\/pt\/wp-json\/wp\/v2\/types\/product"}],"wp:featuredmedia":[{"embeddable":true,"href":"https:\/\/openbooks21.com\/pt\/wp-json\/wp\/v2\/media\/1757"}],"wp:attachment":[{"href":"https:\/\/openbooks21.com\/pt\/wp-json\/wp\/v2\/media?parent=1756"}],"wp:term":[{"taxonomy":"product_brand","embeddable":true,"href":"https:\/\/openbooks21.com\/pt\/wp-json\/wp\/v2\/product_brand?post=1756"},{"taxonomy":"product_cat","embeddable":true,"href":"https:\/\/openbooks21.com\/pt\/wp-json\/wp\/v2\/product_cat?post=1756"},{"taxonomy":"product_tag","embeddable":true,"href":"https:\/\/openbooks21.com\/pt\/wp-json\/wp\/v2\/product_tag?post=1756"}],"curies":[{"name":"wp","href":"https:\/\/api.w.org\/{rel}","templated":true}]}}