{"id":1808,"date":"2026-01-06T01:02:12","date_gmt":"2026-01-06T00:02:12","guid":{"rendered":"https:\/\/openbooks21.com\/?post_type=product&#038;p=1808"},"modified":"2026-01-06T01:09:47","modified_gmt":"2026-01-06T00:09:47","slug":"pack-storyfun-2nd-edition-material-digital","status":"publish","type":"product","link":"https:\/\/openbooks21.com\/pt\/produto\/pack-storyfun-2nd-edition-material-digital\/","title":{"rendered":"Pack STORYFUN 2ND EDITION (Material digital)"},"content":{"rendered":"<p><strong>Storyfun 1-6 Segunda Edici\u00f3n<\/strong> es una serie actualizada de libros de texto para preparar los ex\u00e1menes de Cambridge Young Learners: Starters, Movers, Flyers. Esta segunda edici\u00f3n incluye ejercicios con el formato actualizado. Cada libro contiene ocho historias ilustradas, seguidas de ejercicios y preguntas de estilo de examen para evaluar la comprensi\u00f3n de los estudiantes y practicar la gram\u00e1tica, el vocabulario y la comprensi\u00f3n lectora.<\/p>\n<p><strong>CONTENIDO DE TODOS LOS NIVELES<\/strong><\/p>\n<table>\n<tbody>\n<tr>\n<td colspan=\"3\" width=\"566\">\n<p style=\"text-align: center;\"><strong>STORYFUN 2ND EDITION<\/strong><\/p>\n<\/td>\n<\/tr>\n<tr>\n<td width=\"189\">\n<p style=\"text-align: center;\"><strong>Storyfun 1<\/strong><\/p>\n<\/td>\n<td width=\"189\">\n<p style=\"text-align: center;\"><strong>Storyfun 2<\/strong><\/p>\n<\/td>\n<td width=\"189\">\n<p style=\"text-align: center;\"><strong>Storyfun 3<\/strong><\/p>\n<\/td>\n<\/tr>\n<tr>\n<td width=\"189\">\n<ul>\n<li>Students book (PDF)<\/li>\n<li>Students book Audio<\/li>\n<li>Teachers book (PDF)<\/li>\n<li>Presentation Plus WIN <strong>(Software Interactivo)<\/strong><\/li>\n<\/ul>\n<\/td>\n<td width=\"189\">\n<ul>\n<li>Students book (PDF)<\/li>\n<li>Students book Audio<\/li>\n<li>Teachers book (PDF)<\/li>\n<li>Presentation Plus WIN <strong>(Software Interactivo)<\/strong><\/li>\n<\/ul>\n<\/td>\n<td width=\"189\">\n<ul>\n<li>Students book (PDF)<\/li>\n<li>Students book Audio<\/li>\n<li>Teachers book (PDF)<\/li>\n<li>Presentation Plus WIN <strong>(Software Interactivo)<\/strong><\/li>\n<\/ul>\n<\/td>\n<\/tr>\n<tr>\n<td width=\"189\">\n<p style=\"text-align: center;\"><strong>Storyfun 4<\/strong><\/p>\n<\/td>\n<td width=\"189\">\n<p style=\"text-align: center;\"><strong>Storyfun 5<\/strong><\/p>\n<\/td>\n<td width=\"189\">\n<p style=\"text-align: center;\"><strong>Storyfun 6<\/strong><\/p>\n<\/td>\n<\/tr>\n<tr>\n<td width=\"189\">\n<ul>\n<li>Students book (PDF)<\/li>\n<li>Students book Audio<\/li>\n<li>Teachers book (PDF)<\/li>\n<li>Presentation Plus WIN <strong>(Software Interactivo)<\/strong><\/li>\n<\/ul>\n<\/td>\n<td width=\"189\">\n<ul>\n<li>Students book (PDF)<\/li>\n<li>Students book Audio<\/li>\n<li>Teachers book (PDF)<\/li>\n<li>Presentation Plus WIN <strong>(Software Interactivo)<\/strong><\/li>\n<\/ul>\n<\/td>\n<td width=\"189\">\n<ul>\n<li>Students book (PDF)<\/li>\n<li>Students book Audio<\/li>\n<li>Teachers book (PDF)<\/li>\n<\/ul>\n<p>&nbsp;<\/td>\n<\/tr>\n<tr>\n<td colspan=\"3\" width=\"566\"><\/td>\n<\/tr>\n<tr>\n<td colspan=\"3\" width=\"566\">\n<p style=\"text-align: center;\"><strong>Storyfun for Starters, Movers &amp; Flyers<\/strong><\/p>\n<\/td>\n<\/tr>\n<tr>\n<td width=\"189\">\n<p style=\"text-align: center;\"><strong>Storyfun for Starters<\/strong><\/p>\n<\/td>\n<td width=\"189\">\n<p style=\"text-align: center;\"><strong>Storyfun for Movers<\/strong><\/p>\n<\/td>\n<td width=\"189\">\n<p style=\"text-align: center;\"><strong>Storyfun for Flyers<\/strong><\/p>\n<\/td>\n<\/tr>\n<tr>\n<td width=\"189\">\n<ul>\n<li>Students book (PDF)<\/li>\n<li>Teachers book (PDF)<\/li>\n<li>Teachers book Audio CD<\/li>\n<\/ul>\n<\/td>\n<td width=\"189\">\n<ul>\n<li>Students book (PDF)<\/li>\n<li>Teachers book (PDF)<\/li>\n<li>Teachers book Audio CD<\/li>\n<\/ul>\n<\/td>\n<td width=\"189\">\n<ul>\n<li>Students book (PDF)<\/li>\n<li>Students book Audio CD<\/li>\n<li>Teachers book (PDF)<\/li>\n<li>Teachers book Audio CD<\/li>\n<\/ul>\n<\/td>\n<\/tr>\n<tr>\n<td colspan=\"3\" width=\"566\"><\/td>\n<\/tr>\n<tr>\n<td colspan=\"3\" width=\"566\">\n<p style=\"text-align: center;\"><strong>Cambridge Home Fun Booklet 1 &#8211; 6<\/strong><\/p>\n<\/td>\n<\/tr>\n<tr>\n<td colspan=\"3\" width=\"566\">\n<ul>\n<li>Cambridge Home Fun Booklet 1 Students book PDF + audio + keys<\/li>\n<li>Cambridge Home Fun Booklet 2 Students book PDF + keys<\/li>\n<li>Cambridge Home Fun Booklet 3 Students book PDF + audio + keys<\/li>\n<li>Cambridge Home Fun Booklet 4 Students book PDF + keys<\/li>\n<li>Cambridge Home Fun Booklet 5 Students book PDF + audio + keys<\/li>\n<li>Cambridge Home Fun Booklet 6 Students book PDF + keys<\/li>\n<\/ul>\n<\/td>\n<\/tr>\n<\/tbody>\n<\/table>","protected":false},"excerpt":{"rendered":"<p><strong>Storyfun 1-6 Segunda Edici\u00f3n<\/strong> es una serie actualizada de libros de texto para preparar los ex\u00e1menes de Cambridge Young Learners: Starters, Movers, Flyers. Esta segunda edici\u00f3n incluye ejercicios con el formato actualizado.<\/p>","protected":false},"featured_media":1809,"template":"","meta":{"_uag_custom_page_level_css":"","site-sidebar-layout":"default","site-content-layout":"","ast-site-content-layout":"default","site-content-style":"default","site-sidebar-style":"default","ast-global-header-display":"","ast-banner-title-visibility":"","ast-main-header-display":"","ast-hfb-above-header-display":"","ast-hfb-below-header-display":"","ast-hfb-mobile-header-display":"","site-post-title":"","ast-breadcrumbs-content":"","ast-featured-img":"","footer-sml-layout":"","ast-disable-related-posts":"","theme-transparent-header-meta":"default","adv-header-id-meta":"","stick-header-meta":"","header-above-stick-meta":"","header-main-stick-meta":"","header-below-stick-meta":"","astra-migrate-meta-layouts":"set","ast-page-background-enabled":"default","ast-page-background-meta":{"desktop":{"background-color":"var(--ast-global-color-4)","background-image":"","background-repeat":"repeat","background-position":"center center","background-size":"auto","background-attachment":"scroll","background-type":"","background-media":"","overlay-type":"","overlay-color":"","overlay-opacity":"","overlay-gradient":""},"tablet":{"background-color":"","background-image":"","background-repeat":"repeat","background-position":"center center","background-size":"auto","background-attachment":"scroll","background-type":"","background-media":"","overlay-type":"","overlay-color":"","overlay-opacity":"","overlay-gradient":""},"mobile":{"background-color":"","background-image":"","background-repeat":"repeat","background-position":"center center","background-size":"auto","background-attachment":"scroll","background-type":"","background-media":"","overlay-type":"","overlay-color":"","overlay-opacity":"","overlay-gradient":""}},"ast-content-background-meta":{"desktop":{"background-color":"var(--ast-global-color-5)","background-image":"","background-repeat":"repeat","background-position":"center center","background-size":"auto","background-attachment":"scroll","background-type":"","background-media":"","overlay-type":"","overlay-color":"","overlay-opacity":"","overlay-gradient":""},"tablet":{"background-color":"var(--ast-global-color-5)","background-image":"","background-repeat":"repeat","background-position":"center center","background-size":"auto","background-attachment":"scroll","background-type":"","background-media":"","overlay-type":"","overlay-color":"","overlay-opacity":"","overlay-gradient":""},"mobile":{"background-color":"var(--ast-global-color-5)","background-image":"","background-repeat":"repeat","background-position":"center center","background-size":"auto","background-attachment":"scroll","background-type":"","background-media":"","overlay-type":"","overlay-color":"","overlay-opacity":"","overlay-gradient":""}}},"product_brand":[],"product_cat":[80,73,22,77,78],"product_tag":[50,79,81],"class_list":{"0":"post-1808","1":"product","2":"type-product","3":"status-publish","4":"has-post-thumbnail","6":"product_cat-young-learners-english-yle","7":"product_cat-curso-de-preparacion-para-examenes-de-ingles","8":"product_cat-ingles-britanico-ninos-6-11-anos","9":"product_cat-interactivo","10":"product_cat-software-interactivo","11":"product_tag-ingles-britanico","12":"product_tag-interactivo","13":"product_tag-yle","14":"desktop-align-left","15":"tablet-align-left","16":"mobile-align-left","18":"first","19":"instock","20":"sale","21":"virtual","22":"purchasable","23":"product-type-simple"},"uagb_featured_image_src":{"full":["https:\/\/openbooks21.com\/wp-content\/uploads\/2026\/01\/STORYFUN_SECOND_EDITION.jpg",1025,1025,false],"thumbnail":["https:\/\/openbooks21.com\/wp-content\/uploads\/2026\/01\/STORYFUN_SECOND_EDITION-150x150.jpg",150,150,true],"medium":["https:\/\/openbooks21.com\/wp-content\/uploads\/2026\/01\/STORYFUN_SECOND_EDITION-300x300.jpg",300,300,true],"medium_large":["https:\/\/openbooks21.com\/wp-content\/uploads\/2026\/01\/STORYFUN_SECOND_EDITION-768x768.jpg",768,768,true],"large":["https:\/\/openbooks21.com\/wp-content\/uploads\/2026\/01\/STORYFUN_SECOND_EDITION.jpg",1024,1024,false],"1536x1536":["https:\/\/openbooks21.com\/wp-content\/uploads\/2026\/01\/STORYFUN_SECOND_EDITION.jpg",1025,1025,false],"2048x2048":["https:\/\/openbooks21.com\/wp-content\/uploads\/2026\/01\/STORYFUN_SECOND_EDITION.jpg",1025,1025,false],"trp-custom-language-flag":["https:\/\/openbooks21.com\/wp-content\/uploads\/2026\/01\/STORYFUN_SECOND_EDITION-12x12.jpg",12,12,true],"woocommerce_thumbnail":["https:\/\/openbooks21.com\/wp-content\/uploads\/2026\/01\/STORYFUN_SECOND_EDITION-300x300.jpg",300,300,true],"woocommerce_single":["https:\/\/openbooks21.com\/wp-content\/uploads\/2026\/01\/STORYFUN_SECOND_EDITION-600x600.jpg",600,600,true],"woocommerce_gallery_thumbnail":["https:\/\/openbooks21.com\/wp-content\/uploads\/2026\/01\/STORYFUN_SECOND_EDITION-100x100.jpg",100,100,true],"dgwt-wcas-product-suggestion":["https:\/\/openbooks21.com\/wp-content\/uploads\/2026\/01\/STORYFUN_SECOND_EDITION-64x64.jpg",64,64,true]},"uagb_author_info":{"display_name":"openbooks21.com","author_link":"https:\/\/openbooks21.com\/pt\/author\/"},"uagb_comment_info":0,"uagb_excerpt":"Storyfun 1-6 Segunda Edici\u00f3n es una serie actualizada de libros de texto para preparar los ex\u00e1menes de Cambridge Young Learners: Starters, Movers, Flyers. Esta segunda edici\u00f3n incluye ejercicios con el formato actualizado.","jetpack_sharing_enabled":true,"_links":{"self":[{"href":"https:\/\/openbooks21.com\/pt\/wp-json\/wp\/v2\/product\/1808","targetHints":{"allow":["GET"]}}],"collection":[{"href":"https:\/\/openbooks21.com\/pt\/wp-json\/wp\/v2\/product"}],"about":[{"href":"https:\/\/openbooks21.com\/pt\/wp-json\/wp\/v2\/types\/product"}],"wp:featuredmedia":[{"embeddable":true,"href":"https:\/\/openbooks21.com\/pt\/wp-json\/wp\/v2\/media\/1809"}],"wp:attachment":[{"href":"https:\/\/openbooks21.com\/pt\/wp-json\/wp\/v2\/media?parent=1808"}],"wp:term":[{"taxonomy":"product_brand","embeddable":true,"href":"https:\/\/openbooks21.com\/pt\/wp-json\/wp\/v2\/product_brand?post=1808"},{"taxonomy":"product_cat","embeddable":true,"href":"https:\/\/openbooks21.com\/pt\/wp-json\/wp\/v2\/product_cat?post=1808"},{"taxonomy":"product_tag","embeddable":true,"href":"https:\/\/openbooks21.com\/pt\/wp-json\/wp\/v2\/product_tag?post=1808"}],"curies":[{"name":"wp","href":"https:\/\/api.w.org\/{rel}","templated":true}]}}