{"id":1810,"date":"2026-01-06T01:12:25","date_gmt":"2026-01-06T00:12:25","guid":{"rendered":"https:\/\/openbooks21.com\/?post_type=product&#038;p=1810"},"modified":"2026-03-05T04:57:08","modified_gmt":"2026-03-05T03:57:08","slug":"pack-fun-skills-material-digital","status":"publish","type":"product","link":"https:\/\/openbooks21.com\/pt\/produto\/pack-fun-skills-material-digital\/","title":{"rendered":"Pack FUN Skills (Material digital)"},"content":{"rendered":"<p><strong><em>Cambridge Fun Skills<\/em><\/strong> tiene divertida preparaci\u00f3n para desarrollar las habilidades necesarias para estar listo el d\u00eda del examen. Las lecciones tem\u00e1ticas dan vida a todo con canciones, gram\u00e1tica divertida, animaciones y fotos originales.<\/p>\n<p><strong>CONTENIDO DE TODOS LOS NIVELES<\/strong><\/p>\n<table>\n<tbody>\n<tr>\n<td colspan=\"3\" width=\"566\">\n<p style=\"text-align: center;\"><strong>Fun Skills<\/strong><\/p>\n<\/td>\n<\/tr>\n<tr>\n<td width=\"189\">\n<p style=\"text-align: center;\"><strong>Fun Skills 1<\/strong><\/p>\n<\/td>\n<td width=\"189\">\n<p style=\"text-align: center;\"><strong>Fun Skills 2<\/strong><\/p>\n<\/td>\n<td width=\"189\">\n<p style=\"text-align: center;\"><strong>Fun Skills 3<\/strong><\/p>\n<\/td>\n<\/tr>\n<tr>\n<td width=\"189\">\n<ul>\n<li>Students Book with Home Booklet (PDF)<\/li>\n<li>Teacher&#039;s Book (PDF)<\/li>\n<li>Classroom Audio<\/li>\n<li>Home Booklet Self Study Audio<\/li>\n<li>Teacher Resources (PDF)<\/li>\n<li>Video<\/li>\n<li>Presentation Plus WIN <strong>(Software Interactivo)<\/strong><\/li>\n<\/ul>\n<\/td>\n<td width=\"189\">\n<ul>\n<li>Students Book with Home Booklet (PDF)<\/li>\n<li>Teacher&#039;s Book (PDF)<\/li>\n<li>Classroom Audio<\/li>\n<li>Home Booklet Self Study Audio<\/li>\n<li>Teacher Resources (PDF)<\/li>\n<li>Video<\/li>\n<li>Presentation Plus WIN <strong>(Software Interactivo)<\/strong><\/li>\n<\/ul>\n<\/td>\n<td width=\"189\">\n<ul>\n<li>Students Book with Home Booklet (PDF)<\/li>\n<li>Teacher&#039;s Book (PDF)<\/li>\n<li>Classroom Audio<\/li>\n<li>Home Booklet Self Study Audio<\/li>\n<li>Teacher Resources (PDF)<\/li>\n<li>Video<\/li>\n<li>Presentation Plus WIN <strong>(Software Interactivo)<\/strong><\/li>\n<\/ul>\n<\/td>\n<\/tr>\n<tr>\n<td width=\"189\">\n<p style=\"text-align: center;\"><strong>Fun Skills 4<\/strong><\/p>\n<\/td>\n<td width=\"189\">\n<p style=\"text-align: center;\"><strong>Fun Skills 5<\/strong><\/p>\n<\/td>\n<td width=\"189\">\n<p style=\"text-align: center;\"><strong>Fun Skills 6<\/strong><\/p>\n<\/td>\n<\/tr>\n<tr>\n<td width=\"189\">\n<ul>\n<li>Students Book with Home Booklet (PDF)<\/li>\n<li>Teacher&#039;s Book (PDF)<\/li>\n<li>Classroom Audio<\/li>\n<li>Home Booklet Self Study Audio<\/li>\n<li>Teacher Resources (PDF)<\/li>\n<li>Video<\/li>\n<li>Presentation Plus WIN <strong>(Software Interactivo)<\/strong><\/li>\n<\/ul>\n<\/td>\n<td width=\"189\">\n<ul>\n<li>Students Book with Home Booklet (PDF)<\/li>\n<li>Teacher&#039;s Book (PDF)<\/li>\n<li>Classroom Audio<\/li>\n<li>Home Booklet Self Study Audio<\/li>\n<li>Teacher Resources (PDF)<\/li>\n<li>Video<\/li>\n<li>Presentation Plus WIN <strong>(Software Interactivo)<\/strong><\/li>\n<\/ul>\n<\/td>\n<td width=\"189\">\n<ul>\n<li>Students Book with Home Booklet (PDF)<\/li>\n<li>Teacher&#039;s Book (PDF)<\/li>\n<li>Classroom Audio<\/li>\n<li>Home Booklet Self Study Audio<\/li>\n<li>Teacher Resources (PDF)<\/li>\n<li>Video<\/li>\n<li>Presentation Plus WIN <strong>(Software Interactivo)<\/strong><\/li>\n<\/ul>\n<\/td>\n<\/tr>\n<\/tbody>\n<\/table>","protected":false},"excerpt":{"rendered":"<p><strong><em>Cambridge Fun Skills<\/em><\/strong> tiene divertida preparaci\u00f3n para desarrollar las habilidades necesarias para estar listo el d\u00eda del examen. Las lecciones tem\u00e1ticas dan vida a todo con canciones, gram\u00e1tica divertida, animaciones y fotos originales.<\/p>","protected":false},"featured_media":1811,"template":"","meta":{"_uag_custom_page_level_css":"","site-sidebar-layout":"default","site-content-layout":"","ast-site-content-layout":"default","site-content-style":"default","site-sidebar-style":"default","ast-global-header-display":"","ast-banner-title-visibility":"","ast-main-header-display":"","ast-hfb-above-header-display":"","ast-hfb-below-header-display":"","ast-hfb-mobile-header-display":"","site-post-title":"","ast-breadcrumbs-content":"","ast-featured-img":"","footer-sml-layout":"","ast-disable-related-posts":"","theme-transparent-header-meta":"default","adv-header-id-meta":"","stick-header-meta":"","header-above-stick-meta":"","header-main-stick-meta":"","header-below-stick-meta":"","astra-migrate-meta-layouts":"set","ast-page-background-enabled":"default","ast-page-background-meta":{"desktop":{"background-color":"var(--ast-global-color-4)","background-image":"","background-repeat":"repeat","background-position":"center center","background-size":"auto","background-attachment":"scroll","background-type":"","background-media":"","overlay-type":"","overlay-color":"","overlay-opacity":"","overlay-gradient":""},"tablet":{"background-color":"","background-image":"","background-repeat":"repeat","background-position":"center center","background-size":"auto","background-attachment":"scroll","background-type":"","background-media":"","overlay-type":"","overlay-color":"","overlay-opacity":"","overlay-gradient":""},"mobile":{"background-color":"","background-image":"","background-repeat":"repeat","background-position":"center center","background-size":"auto","background-attachment":"scroll","background-type":"","background-media":"","overlay-type":"","overlay-color":"","overlay-opacity":"","overlay-gradient":""}},"ast-content-background-meta":{"desktop":{"background-color":"var(--ast-global-color-5)","background-image":"","background-repeat":"repeat","background-position":"center center","background-size":"auto","background-attachment":"scroll","background-type":"","background-media":"","overlay-type":"","overlay-color":"","overlay-opacity":"","overlay-gradient":""},"tablet":{"background-color":"var(--ast-global-color-5)","background-image":"","background-repeat":"repeat","background-position":"center center","background-size":"auto","background-attachment":"scroll","background-type":"","background-media":"","overlay-type":"","overlay-color":"","overlay-opacity":"","overlay-gradient":""},"mobile":{"background-color":"var(--ast-global-color-5)","background-image":"","background-repeat":"repeat","background-position":"center center","background-size":"auto","background-attachment":"scroll","background-type":"","background-media":"","overlay-type":"","overlay-color":"","overlay-opacity":"","overlay-gradient":""}}},"product_brand":[],"product_cat":[80,73,22,77,78],"product_tag":[50,79,81],"class_list":{"0":"post-1810","1":"product","2":"type-product","3":"status-publish","4":"has-post-thumbnail","6":"product_cat-young-learners-english-yle","7":"product_cat-curso-de-preparacion-para-examenes-de-ingles","8":"product_cat-ingles-britanico-ninos-6-11-anos","9":"product_cat-interactivo","10":"product_cat-software-interactivo","11":"product_tag-ingles-britanico","12":"product_tag-interactivo","13":"product_tag-yle","14":"desktop-align-left","15":"tablet-align-left","16":"mobile-align-left","18":"first","19":"instock","20":"sale","21":"virtual","22":"purchasable","23":"product-type-simple"},"uagb_featured_image_src":{"full":["https:\/\/openbooks21.com\/wp-content\/uploads\/2026\/01\/FUN-Skills.jpg",1025,1025,false],"thumbnail":["https:\/\/openbooks21.com\/wp-content\/uploads\/2026\/01\/FUN-Skills-150x150.jpg",150,150,true],"medium":["https:\/\/openbooks21.com\/wp-content\/uploads\/2026\/01\/FUN-Skills-300x300.jpg",300,300,true],"medium_large":["https:\/\/openbooks21.com\/wp-content\/uploads\/2026\/01\/FUN-Skills-768x768.jpg",768,768,true],"large":["https:\/\/openbooks21.com\/wp-content\/uploads\/2026\/01\/FUN-Skills.jpg",1024,1024,false],"1536x1536":["https:\/\/openbooks21.com\/wp-content\/uploads\/2026\/01\/FUN-Skills.jpg",1025,1025,false],"2048x2048":["https:\/\/openbooks21.com\/wp-content\/uploads\/2026\/01\/FUN-Skills.jpg",1025,1025,false],"trp-custom-language-flag":["https:\/\/openbooks21.com\/wp-content\/uploads\/2026\/01\/FUN-Skills-12x12.jpg",12,12,true],"woocommerce_thumbnail":["https:\/\/openbooks21.com\/wp-content\/uploads\/2026\/01\/FUN-Skills-300x300.jpg",300,300,true],"woocommerce_single":["https:\/\/openbooks21.com\/wp-content\/uploads\/2026\/01\/FUN-Skills-600x600.jpg",600,600,true],"woocommerce_gallery_thumbnail":["https:\/\/openbooks21.com\/wp-content\/uploads\/2026\/01\/FUN-Skills-100x100.jpg",100,100,true],"dgwt-wcas-product-suggestion":["https:\/\/openbooks21.com\/wp-content\/uploads\/2026\/01\/FUN-Skills-64x64.jpg",64,64,true]},"uagb_author_info":{"display_name":"openbooks21.com","author_link":"https:\/\/openbooks21.com\/pt\/author\/"},"uagb_comment_info":0,"uagb_excerpt":"Cambridge Fun Skills tiene divertida preparaci\u00f3n para desarrollar las habilidades necesarias para estar listo el d\u00eda del examen. Las lecciones tem\u00e1ticas dan vida a todo con canciones, gram\u00e1tica divertida, animaciones y fotos originales.","jetpack_sharing_enabled":true,"_links":{"self":[{"href":"https:\/\/openbooks21.com\/pt\/wp-json\/wp\/v2\/product\/1810","targetHints":{"allow":["GET"]}}],"collection":[{"href":"https:\/\/openbooks21.com\/pt\/wp-json\/wp\/v2\/product"}],"about":[{"href":"https:\/\/openbooks21.com\/pt\/wp-json\/wp\/v2\/types\/product"}],"wp:featuredmedia":[{"embeddable":true,"href":"https:\/\/openbooks21.com\/pt\/wp-json\/wp\/v2\/media\/1811"}],"wp:attachment":[{"href":"https:\/\/openbooks21.com\/pt\/wp-json\/wp\/v2\/media?parent=1810"}],"wp:term":[{"taxonomy":"product_brand","embeddable":true,"href":"https:\/\/openbooks21.com\/pt\/wp-json\/wp\/v2\/product_brand?post=1810"},{"taxonomy":"product_cat","embeddable":true,"href":"https:\/\/openbooks21.com\/pt\/wp-json\/wp\/v2\/product_cat?post=1810"},{"taxonomy":"product_tag","embeddable":true,"href":"https:\/\/openbooks21.com\/pt\/wp-json\/wp\/v2\/product_tag?post=1810"}],"curies":[{"name":"wp","href":"https:\/\/api.w.org\/{rel}","templated":true}]}}