{"id":1816,"date":"2026-01-06T02:36:45","date_gmt":"2026-01-06T01:36:45","guid":{"rendered":"https:\/\/openbooks21.com\/?post_type=product&#038;p=1816"},"modified":"2026-01-06T02:36:45","modified_gmt":"2026-01-06T01:36:45","slug":"pack-mindset-for-ielts-material-digital","status":"publish","type":"product","link":"https:\/\/openbooks21.com\/pt\/produto\/pack-mindset-for-ielts-material-digital\/","title":{"rendered":"Pack MINDSET FOR IELTS (Material digital)"},"content":{"rendered":"<p><strong>MINDSET FOR IELTS<\/strong><strong>,<\/strong> es el curso de 4 niveles de Cambridge que te introduce al examen IELTS. Su exclusiva combinaci\u00f3n de contenido impreso y en l\u00ednea te permite personalizar la duraci\u00f3n y el enfoque del curso seg\u00fan tus necesidades. Las unidades tem\u00e1ticas abarcan cada una de las cuatro habilidades, lo que facilita encontrar lo que buscas. Cada nivel incluye estrategias de aprendizaje, pr\u00e1ctica de habilidades y ejercicios de examen dise\u00f1ados para ayudar a los estudiantes a alcanzar su puntuaci\u00f3n objetivo.<\/p>\n<p><strong>CONTENIDO DE TODOS LOS NIVELES<\/strong><\/p>\n<table>\n<tbody>\n<tr>\n<td colspan=\"2\" width=\"566\">\n<p style=\"text-align: center;\"><strong>MINDSET FOR IELTS<\/strong><\/p>\n<\/td>\n<\/tr>\n<tr>\n<td width=\"283\">\n<p style=\"text-align: center;\"><strong>Mindset for IELTS Foundation<\/strong><\/p>\n<\/td>\n<td width=\"283\">\n<p style=\"text-align: center;\"><strong>Mindset for IELTS 1<\/strong><\/p>\n<\/td>\n<\/tr>\n<tr>\n<td width=\"283\">\n<ul>\n<li>Students book (PDF)<\/li>\n<li>Teachers book (PDF)<\/li>\n<li>Audio CDs<\/li>\n<li>Skills Modules (DOC)<\/li>\n<li>Presentation Plus Win <strong>(Software Interactivo)<\/strong><\/li>\n<\/ul>\n<\/td>\n<td width=\"283\">\n<ul>\n<li>Students book (PDF)<\/li>\n<li>Teachers book (PDF)<\/li>\n<li>Audio CDs<\/li>\n<li>Skills Modules (DOC)<\/li>\n<li>Presentation Plus Win <strong>(Software Interactivo)<\/strong><\/li>\n<\/ul>\n<\/td>\n<\/tr>\n<tr>\n<td width=\"283\">\n<p style=\"text-align: center;\"><strong>Mindset for IELTS 2<\/strong><\/p>\n<\/td>\n<td width=\"283\">\n<p style=\"text-align: center;\"><strong>Mindset for IELTS 3<\/strong><\/p>\n<\/td>\n<\/tr>\n<tr>\n<td width=\"283\">\n<ul>\n<li>Students book (PDF)<\/li>\n<li>Teachers book (PDF)<\/li>\n<li>Audio CDs<\/li>\n<li>Skills Modules (DOC)<\/li>\n<li>Presentation Plus Win <strong>(Software Interactivo)<\/strong><\/li>\n<\/ul>\n<\/td>\n<td width=\"283\">\n<ul>\n<li>Students book (PDF)<\/li>\n<li>Teachers book (PDF)<\/li>\n<li>Audio CDs<\/li>\n<li>Skills Modules (DOC)<\/li>\n<li>Presentation Plus Win <strong>(Software Interactivo)<\/strong><\/li>\n<\/ul>\n<\/td>\n<\/tr>\n<\/tbody>\n<\/table>","protected":false},"excerpt":{"rendered":"<p><strong>MINDSET FOR IELTS<\/strong><strong>,<\/strong> es el curso de 4 niveles de Cambridge que te introduce al examen IELTS. Su exclusiva combinaci\u00f3n de contenido impreso y en l\u00ednea te permite personalizar la duraci\u00f3n y el enfoque del curso seg\u00fan tus necesidades.<\/p>","protected":false},"featured_media":1817,"template":"","meta":{"_uag_custom_page_level_css":"","site-sidebar-layout":"default","site-content-layout":"","ast-site-content-layout":"default","site-content-style":"default","site-sidebar-style":"default","ast-global-header-display":"","ast-banner-title-visibility":"","ast-main-header-display":"","ast-hfb-above-header-display":"","ast-hfb-below-header-display":"","ast-hfb-mobile-header-display":"","site-post-title":"","ast-breadcrumbs-content":"","ast-featured-img":"","footer-sml-layout":"","ast-disable-related-posts":"","theme-transparent-header-meta":"default","adv-header-id-meta":"","stick-header-meta":"","header-above-stick-meta":"","header-main-stick-meta":"","header-below-stick-meta":"","astra-migrate-meta-layouts":"set","ast-page-background-enabled":"default","ast-page-background-meta":{"desktop":{"background-color":"var(--ast-global-color-4)","background-image":"","background-repeat":"repeat","background-position":"center center","background-size":"auto","background-attachment":"scroll","background-type":"","background-media":"","overlay-type":"","overlay-color":"","overlay-opacity":"","overlay-gradient":""},"tablet":{"background-color":"","background-image":"","background-repeat":"repeat","background-position":"center center","background-size":"auto","background-attachment":"scroll","background-type":"","background-media":"","overlay-type":"","overlay-color":"","overlay-opacity":"","overlay-gradient":""},"mobile":{"background-color":"","background-image":"","background-repeat":"repeat","background-position":"center center","background-size":"auto","background-attachment":"scroll","background-type":"","background-media":"","overlay-type":"","overlay-color":"","overlay-opacity":"","overlay-gradient":""}},"ast-content-background-meta":{"desktop":{"background-color":"var(--ast-global-color-5)","background-image":"","background-repeat":"repeat","background-position":"center center","background-size":"auto","background-attachment":"scroll","background-type":"","background-media":"","overlay-type":"","overlay-color":"","overlay-opacity":"","overlay-gradient":""},"tablet":{"background-color":"var(--ast-global-color-5)","background-image":"","background-repeat":"repeat","background-position":"center center","background-size":"auto","background-attachment":"scroll","background-type":"","background-media":"","overlay-type":"","overlay-color":"","overlay-opacity":"","overlay-gradient":""},"mobile":{"background-color":"var(--ast-global-color-5)","background-image":"","background-repeat":"repeat","background-position":"center center","background-size":"auto","background-attachment":"scroll","background-type":"","background-media":"","overlay-type":"","overlay-color":"","overlay-opacity":"","overlay-gradient":""}}},"product_brand":[],"product_cat":[82,17],"product_tag":[50,83],"class_list":{"0":"post-1816","1":"product","2":"type-product","3":"status-publish","4":"has-post-thumbnail","6":"product_cat-libros-ielts","7":"product_cat-ingles-britanico-adultos","8":"product_tag-ingles-britanico","9":"product_tag-libros-ielts","10":"desktop-align-left","11":"tablet-align-left","12":"mobile-align-left","14":"first","15":"instock","16":"sale","17":"virtual","18":"purchasable","19":"product-type-simple"},"uagb_featured_image_src":{"full":["https:\/\/openbooks21.com\/wp-content\/uploads\/2026\/01\/MINDSET-FOR-IELTS.jpg",1025,1025,false],"thumbnail":["https:\/\/openbooks21.com\/wp-content\/uploads\/2026\/01\/MINDSET-FOR-IELTS-150x150.jpg",150,150,true],"medium":["https:\/\/openbooks21.com\/wp-content\/uploads\/2026\/01\/MINDSET-FOR-IELTS-300x300.jpg",300,300,true],"medium_large":["https:\/\/openbooks21.com\/wp-content\/uploads\/2026\/01\/MINDSET-FOR-IELTS-768x768.jpg",768,768,true],"large":["https:\/\/openbooks21.com\/wp-content\/uploads\/2026\/01\/MINDSET-FOR-IELTS.jpg",1024,1024,false],"1536x1536":["https:\/\/openbooks21.com\/wp-content\/uploads\/2026\/01\/MINDSET-FOR-IELTS.jpg",1025,1025,false],"2048x2048":["https:\/\/openbooks21.com\/wp-content\/uploads\/2026\/01\/MINDSET-FOR-IELTS.jpg",1025,1025,false],"trp-custom-language-flag":["https:\/\/openbooks21.com\/wp-content\/uploads\/2026\/01\/MINDSET-FOR-IELTS-12x12.jpg",12,12,true],"woocommerce_thumbnail":["https:\/\/openbooks21.com\/wp-content\/uploads\/2026\/01\/MINDSET-FOR-IELTS-300x300.jpg",300,300,true],"woocommerce_single":["https:\/\/openbooks21.com\/wp-content\/uploads\/2026\/01\/MINDSET-FOR-IELTS-600x600.jpg",600,600,true],"woocommerce_gallery_thumbnail":["https:\/\/openbooks21.com\/wp-content\/uploads\/2026\/01\/MINDSET-FOR-IELTS-100x100.jpg",100,100,true],"dgwt-wcas-product-suggestion":["https:\/\/openbooks21.com\/wp-content\/uploads\/2026\/01\/MINDSET-FOR-IELTS-64x64.jpg",64,64,true]},"uagb_author_info":{"display_name":"openbooks21.com","author_link":"https:\/\/openbooks21.com\/pt\/author\/"},"uagb_comment_info":0,"uagb_excerpt":"MINDSET FOR IELTS, es el curso de 4 niveles de Cambridge que te introduce al examen IELTS. Su exclusiva combinaci\u00f3n de contenido impreso y en l\u00ednea te permite personalizar la duraci\u00f3n y el enfoque del curso seg\u00fan tus necesidades.","jetpack_sharing_enabled":true,"_links":{"self":[{"href":"https:\/\/openbooks21.com\/pt\/wp-json\/wp\/v2\/product\/1816","targetHints":{"allow":["GET"]}}],"collection":[{"href":"https:\/\/openbooks21.com\/pt\/wp-json\/wp\/v2\/product"}],"about":[{"href":"https:\/\/openbooks21.com\/pt\/wp-json\/wp\/v2\/types\/product"}],"wp:featuredmedia":[{"embeddable":true,"href":"https:\/\/openbooks21.com\/pt\/wp-json\/wp\/v2\/media\/1817"}],"wp:attachment":[{"href":"https:\/\/openbooks21.com\/pt\/wp-json\/wp\/v2\/media?parent=1816"}],"wp:term":[{"taxonomy":"product_brand","embeddable":true,"href":"https:\/\/openbooks21.com\/pt\/wp-json\/wp\/v2\/product_brand?post=1816"},{"taxonomy":"product_cat","embeddable":true,"href":"https:\/\/openbooks21.com\/pt\/wp-json\/wp\/v2\/product_cat?post=1816"},{"taxonomy":"product_tag","embeddable":true,"href":"https:\/\/openbooks21.com\/pt\/wp-json\/wp\/v2\/product_tag?post=1816"}],"curies":[{"name":"wp","href":"https:\/\/api.w.org\/{rel}","templated":true}]}}