{"id":1818,"date":"2026-01-06T02:48:49","date_gmt":"2026-01-06T01:48:49","guid":{"rendered":"https:\/\/openbooks21.com\/?post_type=product&#038;p=1818"},"modified":"2026-03-05T04:47:32","modified_gmt":"2026-03-05T03:47:32","slug":"pack-science-path-material-digital","status":"publish","type":"product","link":"https:\/\/openbooks21.com\/pt\/produto\/pack-science-path-material-digital\/","title":{"rendered":"Pack Science Path (Material digital)"},"content":{"rendered":"<p><strong>Science Path<\/strong> es un curso CLIL din\u00e1mico de habilidades para j\u00f3venes estudiantes que explora la ciencia a trav\u00e9s del ingl\u00e9s. Los estudiantes practican su ingl\u00e9s, ampl\u00edan su vocabulario y mejoran sus habilidades ling\u00fc\u00edsticas en seis niveles. El curso adopta un enfoque basado en la indagaci\u00f3n, que despierta la curiosidad y ayuda a los ni\u00f1os a desarrollar habilidades de pensamiento cr\u00edtico y creativo.<\/p>\n<p><strong>CONTENIDO DE TODOS LOS NIVELES<\/strong><\/p>\n<table>\n<tbody>\n<tr>\n<td colspan=\"3\" width=\"566\">\n<p style=\"text-align: center;\"><strong>Science Path<\/strong><\/p>\n<\/td>\n<\/tr>\n<tr>\n<td width=\"189\">\n<p style=\"text-align: center;\"><strong>Science Path 1<\/strong><\/p>\n<\/td>\n<td width=\"189\">\n<p style=\"text-align: center;\"><strong>Science Path 2<\/strong><\/p>\n<\/td>\n<td width=\"189\">\n<p style=\"text-align: center;\"><strong>Science Path 3<\/strong><\/p>\n<\/td>\n<\/tr>\n<tr>\n<td width=\"189\">\n<ul>\n<li style=\"text-align: left;\">Students Book (PDF)<\/li>\n<li style=\"text-align: left;\">Teachers Book (PDF)<\/li>\n<li style=\"text-align: left;\">\u00c1udio<\/li>\n<li style=\"text-align: left;\">Video<\/li>\n<li style=\"text-align: left;\">Worksheets and Exams (PDF)<\/li>\n<li style=\"text-align: left;\">Posters 1-2 (PDF)<\/li>\n<li style=\"text-align: left;\">Presentation Plus MAC <strong>(Software Interactivo)<\/strong><\/li>\n<li style=\"text-align: left;\">Presentation Plus WIN <strong>(Software Interactivo)<\/strong><\/li>\n<\/ul>\n<\/td>\n<td width=\"189\">\n<ul>\n<li>Students Book (PDF)<\/li>\n<li>Teachers Book (PDF)<\/li>\n<li>\u00c1udio<\/li>\n<li>Video<\/li>\n<li>Worksheets and Exams (PDF)<\/li>\n<li>Presentation Plus MAC <strong>(Software Interactivo)<\/strong><\/li>\n<li>Presentation Plus WIN <strong>(Software Interactivo)<\/strong><\/li>\n<\/ul>\n<\/td>\n<td width=\"189\">\n<ul>\n<li>Students Book (PDF)<\/li>\n<li>Teachers Book (PDF)<\/li>\n<li>\u00c1udio<\/li>\n<li>Video<\/li>\n<li>Worksheets and Exams (PDF)<\/li>\n<li>Posters 3-4 (PDF)<\/li>\n<li>Presentation Plus MAC <strong>(Software Interactivo)<\/strong><\/li>\n<li>Presentation Plus WIN <strong>(Software Interactivo)<\/strong><\/li>\n<\/ul>\n<\/td>\n<\/tr>\n<tr>\n<td width=\"189\">\n<p style=\"text-align: center;\"><strong>Science Path 4<\/strong><\/p>\n<\/td>\n<td width=\"189\">\n<p style=\"text-align: center;\"><strong>Science Path 5<\/strong><\/p>\n<\/td>\n<td width=\"189\">\n<p style=\"text-align: center;\"><strong>Science Path 6<\/strong><\/p>\n<\/td>\n<\/tr>\n<tr>\n<td width=\"189\">\n<ul>\n<li>Students Book (PDF)<\/li>\n<li>Teachers Book (PDF)<\/li>\n<li>\u00c1udio<\/li>\n<li>Video<\/li>\n<li>Worksheets and Exams (PDF)<\/li>\n<li>Presentation Plus MAC <strong>(Software Interactivo)<\/strong><\/li>\n<li>Presentation Plus WIN <strong>(Software Interactivo)<\/strong><\/li>\n<\/ul>\n<\/td>\n<td width=\"189\">\n<ul>\n<li>Students Book (PDF)<\/li>\n<li>Teachers Book (PDF)<\/li>\n<li>\u00c1udio<\/li>\n<li>Video<\/li>\n<li>Worksheets and Exams (PDF)<\/li>\n<li>Posters 5-6 (PDF)<\/li>\n<li>Presentation Plus MAC <strong>(Software Interactivo)<\/strong><\/li>\n<li>Presentation Plus WIN <strong>(Software Interactivo)<\/strong><\/li>\n<\/ul>\n<\/td>\n<td width=\"189\">\n<ul>\n<li>Students Book (PDF)<\/li>\n<li>Teachers Book (PDF)<\/li>\n<li>\u00c1udio<\/li>\n<li>Video<\/li>\n<li>Worksheets and Exams (PDF)<\/li>\n<li>Presentation Plus MAC <strong>(Software Interactivo)<\/strong><\/li>\n<li>Presentation Plus WIN <strong>(Software Interactivo)<\/strong><\/li>\n<\/ul>\n<\/td>\n<\/tr>\n<\/tbody>\n<\/table>","protected":false},"excerpt":{"rendered":"<p><strong>Science Path<\/strong> es un curso CLIL din\u00e1mico de habilidades para j\u00f3venes estudiantes que explora la ciencia a trav\u00e9s del ingl\u00e9s. Los estudiantes practican su ingl\u00e9s, ampl\u00edan su vocabulario y mejoran sus habilidades ling\u00fc\u00edsticas en seis niveles.<\/p>","protected":false},"featured_media":1819,"template":"","meta":{"_uag_custom_page_level_css":"","site-sidebar-layout":"default","site-content-layout":"","ast-site-content-layout":"default","site-content-style":"default","site-sidebar-style":"default","ast-global-header-display":"","ast-banner-title-visibility":"","ast-main-header-display":"","ast-hfb-above-header-display":"","ast-hfb-below-header-display":"","ast-hfb-mobile-header-display":"","site-post-title":"","ast-breadcrumbs-content":"","ast-featured-img":"","footer-sml-layout":"","ast-disable-related-posts":"","theme-transparent-header-meta":"default","adv-header-id-meta":"","stick-header-meta":"","header-above-stick-meta":"","header-main-stick-meta":"","header-below-stick-meta":"","astra-migrate-meta-layouts":"set","ast-page-background-enabled":"default","ast-page-background-meta":{"desktop":{"background-color":"var(--ast-global-color-4)","background-image":"","background-repeat":"repeat","background-position":"center center","background-size":"auto","background-attachment":"scroll","background-type":"","background-media":"","overlay-type":"","overlay-color":"","overlay-opacity":"","overlay-gradient":""},"tablet":{"background-color":"","background-image":"","background-repeat":"repeat","background-position":"center center","background-size":"auto","background-attachment":"scroll","background-type":"","background-media":"","overlay-type":"","overlay-color":"","overlay-opacity":"","overlay-gradient":""},"mobile":{"background-color":"","background-image":"","background-repeat":"repeat","background-position":"center center","background-size":"auto","background-attachment":"scroll","background-type":"","background-media":"","overlay-type":"","overlay-color":"","overlay-opacity":"","overlay-gradient":""}},"ast-content-background-meta":{"desktop":{"background-color":"var(--ast-global-color-5)","background-image":"","background-repeat":"repeat","background-position":"center center","background-size":"auto","background-attachment":"scroll","background-type":"","background-media":"","overlay-type":"","overlay-color":"","overlay-opacity":"","overlay-gradient":""},"tablet":{"background-color":"var(--ast-global-color-5)","background-image":"","background-repeat":"repeat","background-position":"center center","background-size":"auto","background-attachment":"scroll","background-type":"","background-media":"","overlay-type":"","overlay-color":"","overlay-opacity":"","overlay-gradient":""},"mobile":{"background-color":"var(--ast-global-color-5)","background-image":"","background-repeat":"repeat","background-position":"center center","background-size":"auto","background-attachment":"scroll","background-type":"","background-media":"","overlay-type":"","overlay-color":"","overlay-opacity":"","overlay-gradient":""}}},"product_brand":[],"product_cat":[84,22],"product_tag":[50,85],"class_list":{"0":"post-1818","1":"product","2":"type-product","3":"status-publish","4":"has-post-thumbnail","6":"product_cat-libros-clil","7":"product_cat-ingles-britanico-ninos-6-11-anos","8":"product_tag-ingles-britanico","9":"product_tag-libros-clil","10":"desktop-align-left","11":"tablet-align-left","12":"mobile-align-left","14":"first","15":"instock","16":"sale","17":"virtual","18":"purchasable","19":"product-type-simple"},"uagb_featured_image_src":{"full":["https:\/\/openbooks21.com\/wp-content\/uploads\/2026\/01\/Science-Path.jpg",1025,1025,false],"thumbnail":["https:\/\/openbooks21.com\/wp-content\/uploads\/2026\/01\/Science-Path-150x150.jpg",150,150,true],"medium":["https:\/\/openbooks21.com\/wp-content\/uploads\/2026\/01\/Science-Path-300x300.jpg",300,300,true],"medium_large":["https:\/\/openbooks21.com\/wp-content\/uploads\/2026\/01\/Science-Path-768x768.jpg",768,768,true],"large":["https:\/\/openbooks21.com\/wp-content\/uploads\/2026\/01\/Science-Path.jpg",1024,1024,false],"1536x1536":["https:\/\/openbooks21.com\/wp-content\/uploads\/2026\/01\/Science-Path.jpg",1025,1025,false],"2048x2048":["https:\/\/openbooks21.com\/wp-content\/uploads\/2026\/01\/Science-Path.jpg",1025,1025,false],"trp-custom-language-flag":["https:\/\/openbooks21.com\/wp-content\/uploads\/2026\/01\/Science-Path-12x12.jpg",12,12,true],"woocommerce_thumbnail":["https:\/\/openbooks21.com\/wp-content\/uploads\/2026\/01\/Science-Path-300x300.jpg",300,300,true],"woocommerce_single":["https:\/\/openbooks21.com\/wp-content\/uploads\/2026\/01\/Science-Path-600x600.jpg",600,600,true],"woocommerce_gallery_thumbnail":["https:\/\/openbooks21.com\/wp-content\/uploads\/2026\/01\/Science-Path-100x100.jpg",100,100,true],"dgwt-wcas-product-suggestion":["https:\/\/openbooks21.com\/wp-content\/uploads\/2026\/01\/Science-Path-64x64.jpg",64,64,true]},"uagb_author_info":{"display_name":"openbooks21.com","author_link":"https:\/\/openbooks21.com\/pt\/author\/"},"uagb_comment_info":0,"uagb_excerpt":"Science Path es un curso CLIL din\u00e1mico de habilidades para j\u00f3venes estudiantes que explora la ciencia a trav\u00e9s del ingl\u00e9s. Los estudiantes practican su ingl\u00e9s, ampl\u00edan su vocabulario y mejoran sus habilidades ling\u00fc\u00edsticas en seis niveles.","jetpack_sharing_enabled":true,"_links":{"self":[{"href":"https:\/\/openbooks21.com\/pt\/wp-json\/wp\/v2\/product\/1818","targetHints":{"allow":["GET"]}}],"collection":[{"href":"https:\/\/openbooks21.com\/pt\/wp-json\/wp\/v2\/product"}],"about":[{"href":"https:\/\/openbooks21.com\/pt\/wp-json\/wp\/v2\/types\/product"}],"wp:featuredmedia":[{"embeddable":true,"href":"https:\/\/openbooks21.com\/pt\/wp-json\/wp\/v2\/media\/1819"}],"wp:attachment":[{"href":"https:\/\/openbooks21.com\/pt\/wp-json\/wp\/v2\/media?parent=1818"}],"wp:term":[{"taxonomy":"product_brand","embeddable":true,"href":"https:\/\/openbooks21.com\/pt\/wp-json\/wp\/v2\/product_brand?post=1818"},{"taxonomy":"product_cat","embeddable":true,"href":"https:\/\/openbooks21.com\/pt\/wp-json\/wp\/v2\/product_cat?post=1818"},{"taxonomy":"product_tag","embeddable":true,"href":"https:\/\/openbooks21.com\/pt\/wp-json\/wp\/v2\/product_tag?post=1818"}],"curies":[{"name":"wp","href":"https:\/\/api.w.org\/{rel}","templated":true}]}}