{"id":1835,"date":"2026-01-12T05:02:53","date_gmt":"2026-01-12T04:02:53","guid":{"rendered":"https:\/\/openbooks21.com\/?post_type=product&#038;p=1835"},"modified":"2026-03-05T04:34:54","modified_gmt":"2026-03-05T03:34:54","slug":"pack-reading-explorer-third-edition-material-digital","status":"publish","type":"product","link":"https:\/\/openbooks21.com\/pt\/produto\/pack-reading-explorer-third-edition-material-digital\/","title":{"rendered":"Pack Reading Explorer Third Edition (Material digital)"},"content":{"rendered":"<p><strong>Reading Explorer Third Edition, <\/strong>la nueva edici\u00f3n de la exitosa serie de seis niveles Explorador de Lectura acercar\u00e1 el mundo al aula como nunca antes con temas, videos y recursos visuales nuevos y actualizados de National Geographic. Explorador de Lectura ense\u00f1a a los estudiantes a pensar y leer cr\u00edticamente para fomentar una generaci\u00f3n de ciudadanos globales informados.<\/p>\n<p><strong>CONTENIDO DE TODOS LOS NIVELES<\/strong><\/p>\n<table>\n<tbody>\n<tr>\n<td colspan=\"3\" width=\"566\">\n<p style=\"text-align: center;\"><strong>Reading Explorer Third Edition<\/strong><\/p>\n<\/td>\n<\/tr>\n<tr>\n<td width=\"189\">\n<p style=\"text-align: center;\"><strong>Reading Explorer Foundation<\/strong><\/p>\n<\/td>\n<td width=\"189\">\n<p style=\"text-align: center;\"><strong>Reading Explorer 1<\/strong><\/p>\n<\/td>\n<td width=\"189\">\n<p style=\"text-align: center;\"><strong>Reading Explorer 2<\/strong><\/p>\n<\/td>\n<\/tr>\n<tr>\n<td width=\"189\">\n<ul>\n<li>Student&#8217;s book (PDF)<\/li>\n<li>\u00c1udio<\/li>\n<li>Video<\/li>\n<li>Video Scripts (PDF)<\/li>\n<li>Teachers book (PDF)<\/li>\n<li>Presentation Tool Win <strong>(Software Interactivo)<\/strong><\/li>\n<\/ul>\n<\/td>\n<td width=\"189\">\n<ul>\n<li>Student&#8217;s book (PDF)<\/li>\n<li>\u00c1udio<\/li>\n<li>Video<\/li>\n<li>Video Scripts (PDF)<\/li>\n<li>Teachers book (PDF)<\/li>\n<li>Presentation Tool Win <strong>(Software Interactivo)<\/strong><\/li>\n<\/ul>\n<\/td>\n<td width=\"189\">\n<ul>\n<li>Student&#8217;s book (PDF)<\/li>\n<li>\u00c1udio<\/li>\n<li>Video<\/li>\n<li>Video Scripts (PDF)<\/li>\n<li>Teachers book (PDF)<\/li>\n<li>Presentation Tool Win <strong>(Software Interactivo)<\/strong><\/li>\n<\/ul>\n<\/td>\n<\/tr>\n<tr>\n<td width=\"189\">\n<p style=\"text-align: center;\"><strong>Reading Explorer 3<\/strong><\/p>\n<\/td>\n<td width=\"189\">\n<p style=\"text-align: center;\"><strong>Reading Explorer 4<\/strong><\/p>\n<\/td>\n<td width=\"189\">\n<p style=\"text-align: center;\"><strong>Reading Explorer 5<\/strong><\/p>\n<\/td>\n<\/tr>\n<tr>\n<td width=\"189\">\n<ul>\n<li>Student&#8217;s book (PDF)<\/li>\n<li>\u00c1udio<\/li>\n<li>Video<\/li>\n<li>Teachers book (PDF)<\/li>\n<li>Presentation Tool Win <strong>(Software Interactivo)<\/strong><\/li>\n<\/ul>\n<\/td>\n<td width=\"189\">\n<ul>\n<li>Student&#8217;s book (PDF)<\/li>\n<li>\u00c1udio<\/li>\n<li>Video<\/li>\n<li>Teachers book (PDF)<\/li>\n<li>Presentation Tool Win <strong>(Software Interactivo)<\/strong><\/li>\n<\/ul>\n<\/td>\n<td width=\"189\">\n<ul>\n<li>Student&#8217;s book (PDF)<\/li>\n<li>\u00c1udio<\/li>\n<li>Video<\/li>\n<li>Teachers book (PDF)<\/li>\n<li>Testes (PDF)<\/li>\n<li>Presentation Tool Win <strong>(Software Interactivo)<\/strong><\/li>\n<\/ul>\n<\/td>\n<\/tr>\n<\/tbody>\n<\/table>","protected":false},"excerpt":{"rendered":"<p><strong>Reading Explorer Third Edition, <\/strong>la nueva edici\u00f3n de la exitosa serie de seis niveles Explorador de Lectura acercar\u00e1 el mundo al aula como nunca antes con temas, videos y recursos visuales nuevos y actualizados de National Geographic. Explorador de Lectura ense\u00f1a a los estudiantes a pensar y leer cr\u00edticamente para fomentar una generaci\u00f3n de ciudadanos globales informados.<\/p>","protected":false},"featured_media":1836,"template":"","meta":{"_uag_custom_page_level_css":"","site-sidebar-layout":"default","site-content-layout":"","ast-site-content-layout":"default","site-content-style":"default","site-sidebar-style":"default","ast-global-header-display":"","ast-banner-title-visibility":"","ast-main-header-display":"","ast-hfb-above-header-display":"","ast-hfb-below-header-display":"","ast-hfb-mobile-header-display":"","site-post-title":"","ast-breadcrumbs-content":"","ast-featured-img":"","footer-sml-layout":"","ast-disable-related-posts":"","theme-transparent-header-meta":"default","adv-header-id-meta":"","stick-header-meta":"","header-above-stick-meta":"","header-main-stick-meta":"","header-below-stick-meta":"","astra-migrate-meta-layouts":"set","ast-page-background-enabled":"default","ast-page-background-meta":{"desktop":{"background-color":"var(--ast-global-color-4)","background-image":"","background-repeat":"repeat","background-position":"center center","background-size":"auto","background-attachment":"scroll","background-type":"","background-media":"","overlay-type":"","overlay-color":"","overlay-opacity":"","overlay-gradient":""},"tablet":{"background-color":"","background-image":"","background-repeat":"repeat","background-position":"center center","background-size":"auto","background-attachment":"scroll","background-type":"","background-media":"","overlay-type":"","overlay-color":"","overlay-opacity":"","overlay-gradient":""},"mobile":{"background-color":"","background-image":"","background-repeat":"repeat","background-position":"center center","background-size":"auto","background-attachment":"scroll","background-type":"","background-media":"","overlay-type":"","overlay-color":"","overlay-opacity":"","overlay-gradient":""}},"ast-content-background-meta":{"desktop":{"background-color":"var(--ast-global-color-5)","background-image":"","background-repeat":"repeat","background-position":"center center","background-size":"auto","background-attachment":"scroll","background-type":"","background-media":"","overlay-type":"","overlay-color":"","overlay-opacity":"","overlay-gradient":""},"tablet":{"background-color":"var(--ast-global-color-5)","background-image":"","background-repeat":"repeat","background-position":"center center","background-size":"auto","background-attachment":"scroll","background-type":"","background-media":"","overlay-type":"","overlay-color":"","overlay-opacity":"","overlay-gradient":""},"mobile":{"background-color":"var(--ast-global-color-5)","background-image":"","background-repeat":"repeat","background-position":"center center","background-size":"auto","background-attachment":"scroll","background-type":"","background-media":"","overlay-type":"","overlay-color":"","overlay-opacity":"","overlay-gradient":""}}},"product_brand":[],"product_cat":[21,77,76,78],"product_tag":[49,79],"class_list":{"0":"post-1835","1":"product","2":"type-product","3":"status-publish","4":"has-post-thumbnail","6":"product_cat-ingles-americano-ninos-6-11-anos","7":"product_cat-interactivo","8":"product_cat-reading-and-writing","9":"product_cat-software-interactivo","10":"product_tag-ingles-americano","11":"product_tag-interactivo","12":"desktop-align-left","13":"tablet-align-left","14":"mobile-align-left","16":"first","17":"instock","18":"sale","19":"virtual","20":"purchasable","21":"product-type-simple"},"uagb_featured_image_src":{"full":["https:\/\/openbooks21.com\/wp-content\/uploads\/2026\/01\/Reading-Explorer-Third-Edition.jpg",1025,1025,false],"thumbnail":["https:\/\/openbooks21.com\/wp-content\/uploads\/2026\/01\/Reading-Explorer-Third-Edition-150x150.jpg",150,150,true],"medium":["https:\/\/openbooks21.com\/wp-content\/uploads\/2026\/01\/Reading-Explorer-Third-Edition-300x300.jpg",300,300,true],"medium_large":["https:\/\/openbooks21.com\/wp-content\/uploads\/2026\/01\/Reading-Explorer-Third-Edition-768x768.jpg",768,768,true],"large":["https:\/\/openbooks21.com\/wp-content\/uploads\/2026\/01\/Reading-Explorer-Third-Edition.jpg",1024,1024,false],"1536x1536":["https:\/\/openbooks21.com\/wp-content\/uploads\/2026\/01\/Reading-Explorer-Third-Edition.jpg",1025,1025,false],"2048x2048":["https:\/\/openbooks21.com\/wp-content\/uploads\/2026\/01\/Reading-Explorer-Third-Edition.jpg",1025,1025,false],"trp-custom-language-flag":["https:\/\/openbooks21.com\/wp-content\/uploads\/2026\/01\/Reading-Explorer-Third-Edition-12x12.jpg",12,12,true],"woocommerce_thumbnail":["https:\/\/openbooks21.com\/wp-content\/uploads\/2026\/01\/Reading-Explorer-Third-Edition-300x300.jpg",300,300,true],"woocommerce_single":["https:\/\/openbooks21.com\/wp-content\/uploads\/2026\/01\/Reading-Explorer-Third-Edition-600x600.jpg",600,600,true],"woocommerce_gallery_thumbnail":["https:\/\/openbooks21.com\/wp-content\/uploads\/2026\/01\/Reading-Explorer-Third-Edition-100x100.jpg",100,100,true],"dgwt-wcas-product-suggestion":["https:\/\/openbooks21.com\/wp-content\/uploads\/2026\/01\/Reading-Explorer-Third-Edition-64x64.jpg",64,64,true]},"uagb_author_info":{"display_name":"openbooks21.com","author_link":"https:\/\/openbooks21.com\/pt\/author\/"},"uagb_comment_info":0,"uagb_excerpt":"Reading Explorer Third Edition, la nueva edici\u00f3n de la exitosa serie de seis niveles Explorador de Lectura acercar\u00e1 el mundo al aula como nunca antes con temas, videos y recursos visuales nuevos y actualizados de National Geographic. Explorador de Lectura ense\u00f1a a los estudiantes a pensar y leer cr\u00edticamente para fomentar una generaci\u00f3n de ciudadanos&hellip;","jetpack_sharing_enabled":true,"_links":{"self":[{"href":"https:\/\/openbooks21.com\/pt\/wp-json\/wp\/v2\/product\/1835","targetHints":{"allow":["GET"]}}],"collection":[{"href":"https:\/\/openbooks21.com\/pt\/wp-json\/wp\/v2\/product"}],"about":[{"href":"https:\/\/openbooks21.com\/pt\/wp-json\/wp\/v2\/types\/product"}],"wp:featuredmedia":[{"embeddable":true,"href":"https:\/\/openbooks21.com\/pt\/wp-json\/wp\/v2\/media\/1836"}],"wp:attachment":[{"href":"https:\/\/openbooks21.com\/pt\/wp-json\/wp\/v2\/media?parent=1835"}],"wp:term":[{"taxonomy":"product_brand","embeddable":true,"href":"https:\/\/openbooks21.com\/pt\/wp-json\/wp\/v2\/product_brand?post=1835"},{"taxonomy":"product_cat","embeddable":true,"href":"https:\/\/openbooks21.com\/pt\/wp-json\/wp\/v2\/product_cat?post=1835"},{"taxonomy":"product_tag","embeddable":true,"href":"https:\/\/openbooks21.com\/pt\/wp-json\/wp\/v2\/product_tag?post=1835"}],"curies":[{"name":"wp","href":"https:\/\/api.w.org\/{rel}","templated":true}]}}