{"id":1839,"date":"2026-01-12T05:21:44","date_gmt":"2026-01-12T04:21:44","guid":{"rendered":"https:\/\/openbooks21.com\/?post_type=product&#038;p=1839"},"modified":"2026-03-05T04:30:05","modified_gmt":"2026-03-05T03:30:05","slug":"pack-international-management-english-material-digital","status":"publish","type":"product","link":"https:\/\/openbooks21.com\/pt\/produto\/pack-international-management-english-material-digital\/","title":{"rendered":"Pack International Management English (Material digital)"},"content":{"rendered":"<p><strong>DELTA International Management English<\/strong> ofrece una formaci\u00f3n integral en todas las \u00e1reas mencionadas, junto con el idioma necesario para llevarlas a cabo con \u00e9xito. International Management English consta de cuatro t\u00edtulos que abarcan aspectos clave de las operaciones comerciales internacionales.<\/p>\n<p><strong>CONTENIDO DE TODOS LOS NIVELES<\/strong><\/p>\n<table>\n<tbody>\n<tr>\n<td colspan=\"2\" width=\"566\">\n<p style=\"text-align: center;\"><strong>International Management English<\/strong><\/p>\n<\/td>\n<\/tr>\n<tr>\n<td width=\"283\">\n<p style=\"text-align: center;\"><strong>Leading People<\/strong><\/p>\n<\/td>\n<td width=\"283\">\n<p style=\"text-align: center;\"><strong>Managing Change<\/strong><\/p>\n<\/td>\n<\/tr>\n<tr>\n<td width=\"283\">\n<ul>\n<li>Leading People PDF + Audio<\/li>\n<\/ul>\n<\/td>\n<td width=\"283\">\n<ul>\n<li>Managing Change PDF + Audio<\/li>\n<\/ul>\n<\/td>\n<\/tr>\n<tr>\n<td width=\"283\">\n<p style=\"text-align: center;\"><strong>Managing Projects<\/strong><\/p>\n<\/td>\n<td width=\"283\">\n<p style=\"text-align: center;\"><strong>Working Virtually<\/strong><\/p>\n<\/td>\n<\/tr>\n<tr>\n<td width=\"283\">\n<ul>\n<li>Managing Projects PDF + Audio<\/li>\n<\/ul>\n<\/td>\n<td width=\"283\">\n<ul>\n<li>Working Virtually PDF + Audio<\/li>\n<\/ul>\n<\/td>\n<\/tr>\n<\/tbody>\n<\/table>","protected":false},"excerpt":{"rendered":"<p><strong>DELTA International Management English<\/strong> ofrece una formaci\u00f3n integral en todas las \u00e1reas mencionadas, junto con el idioma necesario para llevarlas a cabo con \u00e9xito. International Management English consta de cuatro t\u00edtulos que abarcan aspectos clave de las operaciones comerciales internacionales.<\/p>","protected":false},"featured_media":1840,"template":"","meta":{"_uag_custom_page_level_css":"","site-sidebar-layout":"default","site-content-layout":"","ast-site-content-layout":"default","site-content-style":"default","site-sidebar-style":"default","ast-global-header-display":"","ast-banner-title-visibility":"","ast-main-header-display":"","ast-hfb-above-header-display":"","ast-hfb-below-header-display":"","ast-hfb-mobile-header-display":"","site-post-title":"","ast-breadcrumbs-content":"","ast-featured-img":"","footer-sml-layout":"","ast-disable-related-posts":"","theme-transparent-header-meta":"default","adv-header-id-meta":"","stick-header-meta":"","header-above-stick-meta":"","header-main-stick-meta":"","header-below-stick-meta":"","astra-migrate-meta-layouts":"set","ast-page-background-enabled":"default","ast-page-background-meta":{"desktop":{"background-color":"var(--ast-global-color-4)","background-image":"","background-repeat":"repeat","background-position":"center center","background-size":"auto","background-attachment":"scroll","background-type":"","background-media":"","overlay-type":"","overlay-color":"","overlay-opacity":"","overlay-gradient":""},"tablet":{"background-color":"","background-image":"","background-repeat":"repeat","background-position":"center center","background-size":"auto","background-attachment":"scroll","background-type":"","background-media":"","overlay-type":"","overlay-color":"","overlay-opacity":"","overlay-gradient":""},"mobile":{"background-color":"","background-image":"","background-repeat":"repeat","background-position":"center center","background-size":"auto","background-attachment":"scroll","background-type":"","background-media":"","overlay-type":"","overlay-color":"","overlay-opacity":"","overlay-gradient":""}},"ast-content-background-meta":{"desktop":{"background-color":"var(--ast-global-color-5)","background-image":"","background-repeat":"repeat","background-position":"center center","background-size":"auto","background-attachment":"scroll","background-type":"","background-media":"","overlay-type":"","overlay-color":"","overlay-opacity":"","overlay-gradient":""},"tablet":{"background-color":"var(--ast-global-color-5)","background-image":"","background-repeat":"repeat","background-position":"center center","background-size":"auto","background-attachment":"scroll","background-type":"","background-media":"","overlay-type":"","overlay-color":"","overlay-opacity":"","overlay-gradient":""},"mobile":{"background-color":"var(--ast-global-color-5)","background-image":"","background-repeat":"repeat","background-position":"center center","background-size":"auto","background-attachment":"scroll","background-type":"","background-media":"","overlay-type":"","overlay-color":"","overlay-opacity":"","overlay-gradient":""}}},"product_brand":[],"product_cat":[64,17],"product_tag":[65,50],"class_list":{"0":"post-1839","1":"product","2":"type-product","3":"status-publish","4":"has-post-thumbnail","6":"product_cat-business-books","7":"product_cat-ingles-britanico-adultos","8":"product_tag-business","9":"product_tag-ingles-britanico","10":"desktop-align-left","11":"tablet-align-left","12":"mobile-align-left","14":"first","15":"instock","16":"sale","17":"virtual","18":"purchasable","19":"product-type-simple"},"uagb_featured_image_src":{"full":["https:\/\/openbooks21.com\/wp-content\/uploads\/2026\/01\/International-Management-English.jpg",1025,1025,false],"thumbnail":["https:\/\/openbooks21.com\/wp-content\/uploads\/2026\/01\/International-Management-English-150x150.jpg",150,150,true],"medium":["https:\/\/openbooks21.com\/wp-content\/uploads\/2026\/01\/International-Management-English-300x300.jpg",300,300,true],"medium_large":["https:\/\/openbooks21.com\/wp-content\/uploads\/2026\/01\/International-Management-English-768x768.jpg",768,768,true],"large":["https:\/\/openbooks21.com\/wp-content\/uploads\/2026\/01\/International-Management-English.jpg",1024,1024,false],"1536x1536":["https:\/\/openbooks21.com\/wp-content\/uploads\/2026\/01\/International-Management-English.jpg",1025,1025,false],"2048x2048":["https:\/\/openbooks21.com\/wp-content\/uploads\/2026\/01\/International-Management-English.jpg",1025,1025,false],"trp-custom-language-flag":["https:\/\/openbooks21.com\/wp-content\/uploads\/2026\/01\/International-Management-English-12x12.jpg",12,12,true],"woocommerce_thumbnail":["https:\/\/openbooks21.com\/wp-content\/uploads\/2026\/01\/International-Management-English-300x300.jpg",300,300,true],"woocommerce_single":["https:\/\/openbooks21.com\/wp-content\/uploads\/2026\/01\/International-Management-English-600x600.jpg",600,600,true],"woocommerce_gallery_thumbnail":["https:\/\/openbooks21.com\/wp-content\/uploads\/2026\/01\/International-Management-English-100x100.jpg",100,100,true],"dgwt-wcas-product-suggestion":["https:\/\/openbooks21.com\/wp-content\/uploads\/2026\/01\/International-Management-English-64x64.jpg",64,64,true]},"uagb_author_info":{"display_name":"openbooks21.com","author_link":"https:\/\/openbooks21.com\/pt\/author\/"},"uagb_comment_info":0,"uagb_excerpt":"DELTA International Management English ofrece una formaci\u00f3n integral en todas las \u00e1reas mencionadas, junto con el idioma necesario para llevarlas a cabo con \u00e9xito. International Management English consta de cuatro t\u00edtulos que abarcan aspectos clave de las operaciones comerciales internacionales.","jetpack_sharing_enabled":true,"_links":{"self":[{"href":"https:\/\/openbooks21.com\/pt\/wp-json\/wp\/v2\/product\/1839","targetHints":{"allow":["GET"]}}],"collection":[{"href":"https:\/\/openbooks21.com\/pt\/wp-json\/wp\/v2\/product"}],"about":[{"href":"https:\/\/openbooks21.com\/pt\/wp-json\/wp\/v2\/types\/product"}],"wp:featuredmedia":[{"embeddable":true,"href":"https:\/\/openbooks21.com\/pt\/wp-json\/wp\/v2\/media\/1840"}],"wp:attachment":[{"href":"https:\/\/openbooks21.com\/pt\/wp-json\/wp\/v2\/media?parent=1839"}],"wp:term":[{"taxonomy":"product_brand","embeddable":true,"href":"https:\/\/openbooks21.com\/pt\/wp-json\/wp\/v2\/product_brand?post=1839"},{"taxonomy":"product_cat","embeddable":true,"href":"https:\/\/openbooks21.com\/pt\/wp-json\/wp\/v2\/product_cat?post=1839"},{"taxonomy":"product_tag","embeddable":true,"href":"https:\/\/openbooks21.com\/pt\/wp-json\/wp\/v2\/product_tag?post=1839"}],"curies":[{"name":"wp","href":"https:\/\/api.w.org\/{rel}","templated":true}]}}