{"id":1843,"date":"2026-01-12T05:53:29","date_gmt":"2026-01-12T04:53:29","guid":{"rendered":"https:\/\/openbooks21.com\/?post_type=product&#038;p=1843"},"modified":"2026-01-12T05:53:29","modified_gmt":"2026-01-12T04:53:29","slug":"pack-focus-second-edition-material-digital","status":"publish","type":"product","link":"https:\/\/openbooks21.com\/pt\/produto\/pack-focus-second-edition-material-digital\/","title":{"rendered":"Pack FOCUS Second Edition (Material digital)"},"content":{"rendered":"<p><strong>Focus Second Edition<\/strong> es una versi\u00f3n a\u00fan m\u00e1s completa de la exitosa serie de aprendizaje de ingl\u00e9s para estudiantes de secundaria superior. Gracias a su probada metodolog\u00eda de (Motivaci\u00f3n, Memoria y Significado), soluciones digitales de vanguardia y v\u00eddeos educativos de alta calidad de la BBC, el curso ofrece todo lo que estudiantes y profesores han solicitado.<\/p>\n<p><strong>CONTENIDO DE TODOS LOS NIVELES<\/strong><\/p>\n<table>\n<tbody>\n<tr>\n<td colspan=\"3\" width=\"566\">\n<p style=\"text-align: center;\"><strong>Focus Second Edition<\/strong><\/p>\n<\/td>\n<\/tr>\n<tr>\n<td width=\"189\">\n<p style=\"text-align: center;\"><strong>Focus 1<\/strong><\/p>\n<\/td>\n<td width=\"189\">\n<p style=\"text-align: center;\"><strong>Focus 2<\/strong><\/p>\n<\/td>\n<td width=\"189\">\n<p style=\"text-align: center;\"><strong>Focus 3<\/strong><\/p>\n<\/td>\n<\/tr>\n<tr>\n<td width=\"189\">\n<ul>\n<li>Students book (PDF)<\/li>\n<li>Students book Audio<\/li>\n<li>Workbook (PDF)<\/li>\n<li>Teachers book (PDF)<\/li>\n<li>Word Store (PDF)<\/li>\n<li>Test Package (PDF)<\/li>\n<li>Photocopiable (PDF)<\/li>\n<li>Word Store (PDF)<\/li>\n<li>Lesson Plans (PDF)<\/li>\n<li>Lesson Plans for video (PDF)<\/li>\n<li>V\u00eddeos<\/li>\n<\/ul>\n<\/td>\n<td width=\"189\">\n<ul>\n<li>Students book (PDF)<\/li>\n<li>Students book Audio<\/li>\n<li>Workbook (PDF)<\/li>\n<li>Teachers book (PDF)<\/li>\n<li>Word Store (PDF)<\/li>\n<li>Test Package (PDF)<\/li>\n<li>Photocopiable (PDF)<\/li>\n<li>Lesson Plans (PDF)<\/li>\n<li>V\u00eddeos<\/li>\n<\/ul>\n<\/td>\n<td width=\"189\">\n<ul>\n<li>Students book (PDF)<\/li>\n<li>Students book Audio<\/li>\n<li>Workbook (PDF)<\/li>\n<li>Teachers book (PDF)<\/li>\n<li>Wordlist Audio<\/li>\n<li>Word Store (PDF)<\/li>\n<li>Test Package (PDF)<\/li>\n<li>Photocopiable (PDF)<\/li>\n<li>Lesson Plans (PDF)<\/li>\n<li>V\u00eddeos<\/li>\n<\/ul>\n<\/td>\n<\/tr>\n<tr>\n<td width=\"189\">\n<p style=\"text-align: center;\"><strong>Focus 4<\/strong><\/p>\n<\/td>\n<td width=\"189\">\n<p style=\"text-align: center;\"><strong>Focus 5<\/strong><\/p>\n<\/td>\n<td width=\"189\"><strong>\u00a0<\/strong><\/td>\n<\/tr>\n<tr>\n<td width=\"189\">\n<ul>\n<li style=\"text-align: left;\">Students book (PDF)<\/li>\n<li style=\"text-align: left;\">Students book Audio<\/li>\n<li style=\"text-align: left;\">Workbook (PDF)<\/li>\n<li style=\"text-align: left;\">Teachers book (PDF)<\/li>\n<li style=\"text-align: left;\">Wordlist Audio<\/li>\n<li style=\"text-align: left;\">Word Store (PDF)<\/li>\n<li style=\"text-align: left;\">Life Skills (PDF)<\/li>\n<li style=\"text-align: left;\">Test Package (PDF)<\/li>\n<li style=\"text-align: left;\">Photocopiable (PDF)<\/li>\n<li style=\"text-align: left;\">Lesson Plans (PDF)<\/li>\n<li style=\"text-align: left;\">Lesson Plans for video (PDF)<\/li>\n<li style=\"text-align: left;\">V\u00eddeos<\/li>\n<\/ul>\n<\/td>\n<td width=\"189\">\n<ul>\n<li>Students book (PDF)<\/li>\n<li>Students book Audio<\/li>\n<li>Workbook (PDF)<\/li>\n<li>Teachers book (PDF)<\/li>\n<li>Word Store (PDF)<\/li>\n<li>Test Package (PDF)<\/li>\n<li>Photocopiable (PDF)<\/li>\n<li>Lesson Plans (PDF)<\/li>\n<li>Expanded Wordlists (PDF)<\/li>\n<li>Speaking and Writing Bank (PDF)<\/li>\n<li>V\u00eddeos<\/li>\n<li>Presentation Plus DVD-rom <strong>(Software Interactivo)<\/strong><\/li>\n<\/ul>\n<\/td>\n<td width=\"189\"><strong>\u00a0<\/strong><\/td>\n<\/tr>\n<\/tbody>\n<\/table>","protected":false},"excerpt":{"rendered":"<p><strong>Focus Second Edition<\/strong> es una versi\u00f3n a\u00fan m\u00e1s completa de la exitosa serie de aprendizaje de ingl\u00e9s para estudiantes de secundaria superior. Gracias a su probada metodolog\u00eda de (Motivaci\u00f3n, Memoria y Significado), soluciones digitales de vanguardia y v\u00eddeos educativos de alta calidad de la BBC, el curso ofrece todo lo que estudiantes y profesores han solicitado.<\/p>","protected":false},"featured_media":1844,"template":"","meta":{"_uag_custom_page_level_css":"","site-sidebar-layout":"default","site-content-layout":"","ast-site-content-layout":"default","site-content-style":"default","site-sidebar-style":"default","ast-global-header-display":"","ast-banner-title-visibility":"","ast-main-header-display":"","ast-hfb-above-header-display":"","ast-hfb-below-header-display":"","ast-hfb-mobile-header-display":"","site-post-title":"","ast-breadcrumbs-content":"","ast-featured-img":"","footer-sml-layout":"","theme-transparent-header-meta":"default","adv-header-id-meta":"","stick-header-meta":"","header-above-stick-meta":"","header-main-stick-meta":"","header-below-stick-meta":"","astra-migrate-meta-layouts":"set","ast-page-background-enabled":"default","ast-page-background-meta":{"desktop":{"background-color":"var(--ast-global-color-4)","background-image":"","background-repeat":"repeat","background-position":"center center","background-size":"auto","background-attachment":"scroll","background-type":"","background-media":"","overlay-type":"","overlay-color":"","overlay-opacity":"","overlay-gradient":""},"tablet":{"background-color":"","background-image":"","background-repeat":"repeat","background-position":"center center","background-size":"auto","background-attachment":"scroll","background-type":"","background-media":"","overlay-type":"","overlay-color":"","overlay-opacity":"","overlay-gradient":""},"mobile":{"background-color":"","background-image":"","background-repeat":"repeat","background-position":"center center","background-size":"auto","background-attachment":"scroll","background-type":"","background-media":"","overlay-type":"","overlay-color":"","overlay-opacity":"","overlay-gradient":""}},"ast-content-background-meta":{"desktop":{"background-color":"var(--ast-global-color-5)","background-image":"","background-repeat":"repeat","background-position":"center center","background-size":"auto","background-attachment":"scroll","background-type":"","background-media":"","overlay-type":"","overlay-color":"","overlay-opacity":"","overlay-gradient":""},"tablet":{"background-color":"var(--ast-global-color-5)","background-image":"","background-repeat":"repeat","background-position":"center center","background-size":"auto","background-attachment":"scroll","background-type":"","background-media":"","overlay-type":"","overlay-color":"","overlay-opacity":"","overlay-gradient":""},"mobile":{"background-color":"var(--ast-global-color-5)","background-image":"","background-repeat":"repeat","background-position":"center center","background-size":"auto","background-attachment":"scroll","background-type":"","background-media":"","overlay-type":"","overlay-color":"","overlay-opacity":"","overlay-gradient":""}}},"product_brand":[],"product_cat":[63],"product_tag":[50],"class_list":{"0":"post-1843","1":"product","2":"type-product","3":"status-publish","4":"has-post-thumbnail","6":"product_cat-ingles-britanico-adolescente","7":"product_tag-ingles-britanico","8":"desktop-align-left","9":"tablet-align-left","10":"mobile-align-left","12":"first","13":"instock","14":"sale","15":"virtual","16":"purchasable","17":"product-type-simple"},"uagb_featured_image_src":{"full":["https:\/\/openbooks21.com\/wp-content\/uploads\/2026\/01\/FOCUS-Second-Edition.jpg",1025,1025,false],"thumbnail":["https:\/\/openbooks21.com\/wp-content\/uploads\/2026\/01\/FOCUS-Second-Edition-150x150.jpg",150,150,true],"medium":["https:\/\/openbooks21.com\/wp-content\/uploads\/2026\/01\/FOCUS-Second-Edition-300x300.jpg",300,300,true],"medium_large":["https:\/\/openbooks21.com\/wp-content\/uploads\/2026\/01\/FOCUS-Second-Edition-768x768.jpg",768,768,true],"large":["https:\/\/openbooks21.com\/wp-content\/uploads\/2026\/01\/FOCUS-Second-Edition.jpg",1024,1024,false],"1536x1536":["https:\/\/openbooks21.com\/wp-content\/uploads\/2026\/01\/FOCUS-Second-Edition.jpg",1025,1025,false],"2048x2048":["https:\/\/openbooks21.com\/wp-content\/uploads\/2026\/01\/FOCUS-Second-Edition.jpg",1025,1025,false],"trp-custom-language-flag":["https:\/\/openbooks21.com\/wp-content\/uploads\/2026\/01\/FOCUS-Second-Edition-12x12.jpg",12,12,true],"woocommerce_thumbnail":["https:\/\/openbooks21.com\/wp-content\/uploads\/2026\/01\/FOCUS-Second-Edition-300x300.jpg",300,300,true],"woocommerce_single":["https:\/\/openbooks21.com\/wp-content\/uploads\/2026\/01\/FOCUS-Second-Edition-600x600.jpg",600,600,true],"woocommerce_gallery_thumbnail":["https:\/\/openbooks21.com\/wp-content\/uploads\/2026\/01\/FOCUS-Second-Edition-100x100.jpg",100,100,true],"dgwt-wcas-product-suggestion":["https:\/\/openbooks21.com\/wp-content\/uploads\/2026\/01\/FOCUS-Second-Edition-64x64.jpg",64,64,true]},"uagb_author_info":{"display_name":"openbooks21.com","author_link":"https:\/\/openbooks21.com\/pt\/author\/"},"uagb_comment_info":0,"uagb_excerpt":"Focus Second Edition es una versi\u00f3n a\u00fan m\u00e1s completa de la exitosa serie de aprendizaje de ingl\u00e9s para estudiantes de secundaria superior. Gracias a su probada metodolog\u00eda de (Motivaci\u00f3n, Memoria y Significado), soluciones digitales de vanguardia y v\u00eddeos educativos de alta calidad de la BBC, el curso ofrece todo lo que estudiantes y profesores han&hellip;","jetpack_sharing_enabled":true,"_links":{"self":[{"href":"https:\/\/openbooks21.com\/pt\/wp-json\/wp\/v2\/product\/1843","targetHints":{"allow":["GET"]}}],"collection":[{"href":"https:\/\/openbooks21.com\/pt\/wp-json\/wp\/v2\/product"}],"about":[{"href":"https:\/\/openbooks21.com\/pt\/wp-json\/wp\/v2\/types\/product"}],"wp:featuredmedia":[{"embeddable":true,"href":"https:\/\/openbooks21.com\/pt\/wp-json\/wp\/v2\/media\/1844"}],"wp:attachment":[{"href":"https:\/\/openbooks21.com\/pt\/wp-json\/wp\/v2\/media?parent=1843"}],"wp:term":[{"taxonomy":"product_brand","embeddable":true,"href":"https:\/\/openbooks21.com\/pt\/wp-json\/wp\/v2\/product_brand?post=1843"},{"taxonomy":"product_cat","embeddable":true,"href":"https:\/\/openbooks21.com\/pt\/wp-json\/wp\/v2\/product_cat?post=1843"},{"taxonomy":"product_tag","embeddable":true,"href":"https:\/\/openbooks21.com\/pt\/wp-json\/wp\/v2\/product_tag?post=1843"}],"curies":[{"name":"wp","href":"https:\/\/api.w.org\/{rel}","templated":true}]}}