{"id":1853,"date":"2026-01-15T03:03:41","date_gmt":"2026-01-15T02:03:41","guid":{"rendered":"https:\/\/openbooks21.com\/?post_type=product&#038;p=1853"},"modified":"2026-01-15T03:03:41","modified_gmt":"2026-01-15T02:03:41","slug":"pack-expert-ielts-material-digital","status":"publish","type":"product","link":"https:\/\/openbooks21.com\/pt\/produto\/pack-expert-ielts-material-digital\/","title":{"rendered":"Pack EXPERT IELTS (Material digital)"},"content":{"rendered":"<p><strong>Expert IELTS<\/strong> es la \u00faltima edici\u00f3n de la serie EXPERT para la preparaci\u00f3n del IELTS de Longman Pearson. Esta gu\u00eda de estudio se presenta en tres partes y prepara para las siguientes puntuaciones de examen: 5, 6 y 7.5. Dise\u00f1ada para estudiantes con un buen nivel de ingl\u00e9s y motivaci\u00f3n, prepara para las cuatro partes del IELTS, tanto en formato acad\u00e9mico como general. El estudio regular con este libro de texto no solo te prepara para el examen, sino que tambi\u00e9n mejora significativamente tu dominio general del ingl\u00e9s.<\/p>\n<p><strong>CONTENIDO DE TODOS LOS NIVELES<\/strong><\/p>\n<table>\n<tbody>\n<tr>\n<td colspan=\"2\" width=\"566\">\n<p style=\"text-align: center;\"><strong>EXPERT IELTS<\/strong><\/p>\n<\/td>\n<\/tr>\n<tr>\n<td width=\"283\">\n<p style=\"text-align: center;\"><strong>Expert IELTS 5<\/strong><\/p>\n<\/td>\n<td width=\"283\">\n<p style=\"text-align: center;\"><strong>Expert IELTS 6<\/strong><\/p>\n<\/td>\n<\/tr>\n<tr>\n<td width=\"283\">\n<ul>\n<li>Coursebook (PDF)<\/li>\n<li>Coursebook Audio Cds<\/li>\n<li>Students&#8217; Resource Book (PDF)<\/li>\n<li>Students&#8217; Resource Book Audio CD<\/li>\n<li>Teacher Resource Material (PDF)<\/li>\n<li>Teacher&#039;s Resource Book (PDF)<\/li>\n<li>Speaking Video<\/li>\n<li>ActiveTeach CD-Rom<strong> (Software Interactivo)<\/strong><\/li>\n<\/ul>\n<\/td>\n<td width=\"283\">\n<ul>\n<li>Coursebook (PDF)<\/li>\n<li>Coursebook Audio Cds<\/li>\n<li>Students&#8217; Resource Book (PDF)<\/li>\n<li>Students&#8217; Resource Book Audio CD<\/li>\n<li>Teacher Resource Material (PDF)<\/li>\n<li>Teacher&#039;s Resource Book (PDF)<\/li>\n<li>Speaking Video<\/li>\n<li>ActiveTeach CD-Rom <strong>(Software Interactivo)<\/strong><\/li>\n<\/ul>\n<\/td>\n<\/tr>\n<tr>\n<td width=\"283\">\n<p style=\"text-align: center;\"><strong>Expert IELTS 7.5<\/strong><\/p>\n<\/td>\n<td width=\"283\"><strong>\u00a0<\/strong><\/td>\n<\/tr>\n<tr>\n<td width=\"283\">\n<ul>\n<li>Coursebook (PDF)<\/li>\n<li>Coursebook Audio Cds<\/li>\n<li>Students&#8217; Resource Book (PDF)<\/li>\n<li>Students&#8217; Resource Book Audio CD<\/li>\n<li>Teacher Resource Material (PDF)<\/li>\n<li>Teacher&#039;s Resource Book (PDF)<\/li>\n<li>Speaking Video<\/li>\n<li>ActiveTeach CD-Rom <strong>(Software Interactivo)<\/strong><\/li>\n<\/ul>\n<\/td>\n<td width=\"283\"><strong>\u00a0<\/strong><\/td>\n<\/tr>\n<\/tbody>\n<\/table>","protected":false},"excerpt":{"rendered":"<p><strong>Expert IELTS<\/strong> es la \u00faltima edici\u00f3n de la serie EXPERT para la preparaci\u00f3n del IELTS de Longman Pearson. Esta gu\u00eda de estudio se presenta en tres partes y prepara para las siguientes puntuaciones de examen: 5, 6 y 7.5. Dise\u00f1ada para estudiantes con un buen nivel de ingl\u00e9s y motivaci\u00f3n, prepara para las cuatro partes del IELTS, tanto en formato acad\u00e9mico como general. El estudio regular con este libro de texto no solo te prepara para el examen, sino que tambi\u00e9n mejora significativamente tu dominio general del ingl\u00e9s.<\/p>","protected":false},"featured_media":1854,"template":"","meta":{"_uag_custom_page_level_css":"","site-sidebar-layout":"default","site-content-layout":"","ast-site-content-layout":"default","site-content-style":"default","site-sidebar-style":"default","ast-global-header-display":"","ast-banner-title-visibility":"","ast-main-header-display":"","ast-hfb-above-header-display":"","ast-hfb-below-header-display":"","ast-hfb-mobile-header-display":"","site-post-title":"","ast-breadcrumbs-content":"","ast-featured-img":"","footer-sml-layout":"","ast-disable-related-posts":"","theme-transparent-header-meta":"default","adv-header-id-meta":"","stick-header-meta":"","header-above-stick-meta":"","header-main-stick-meta":"","header-below-stick-meta":"","astra-migrate-meta-layouts":"set","ast-page-background-enabled":"default","ast-page-background-meta":{"desktop":{"background-color":"var(--ast-global-color-4)","background-image":"","background-repeat":"repeat","background-position":"center center","background-size":"auto","background-attachment":"scroll","background-type":"","background-media":"","overlay-type":"","overlay-color":"","overlay-opacity":"","overlay-gradient":""},"tablet":{"background-color":"","background-image":"","background-repeat":"repeat","background-position":"center center","background-size":"auto","background-attachment":"scroll","background-type":"","background-media":"","overlay-type":"","overlay-color":"","overlay-opacity":"","overlay-gradient":""},"mobile":{"background-color":"","background-image":"","background-repeat":"repeat","background-position":"center center","background-size":"auto","background-attachment":"scroll","background-type":"","background-media":"","overlay-type":"","overlay-color":"","overlay-opacity":"","overlay-gradient":""}},"ast-content-background-meta":{"desktop":{"background-color":"var(--ast-global-color-5)","background-image":"","background-repeat":"repeat","background-position":"center center","background-size":"auto","background-attachment":"scroll","background-type":"","background-media":"","overlay-type":"","overlay-color":"","overlay-opacity":"","overlay-gradient":""},"tablet":{"background-color":"var(--ast-global-color-5)","background-image":"","background-repeat":"repeat","background-position":"center center","background-size":"auto","background-attachment":"scroll","background-type":"","background-media":"","overlay-type":"","overlay-color":"","overlay-opacity":"","overlay-gradient":""},"mobile":{"background-color":"var(--ast-global-color-5)","background-image":"","background-repeat":"repeat","background-position":"center center","background-size":"auto","background-attachment":"scroll","background-type":"","background-media":"","overlay-type":"","overlay-color":"","overlay-opacity":"","overlay-gradient":""}}},"product_brand":[],"product_cat":[82,17,77,78],"product_tag":[50,79,83],"class_list":{"0":"post-1853","1":"product","2":"type-product","3":"status-publish","4":"has-post-thumbnail","6":"product_cat-libros-ielts","7":"product_cat-ingles-britanico-adultos","8":"product_cat-interactivo","9":"product_cat-software-interactivo","10":"product_tag-ingles-britanico","11":"product_tag-interactivo","12":"product_tag-libros-ielts","13":"desktop-align-left","14":"tablet-align-left","15":"mobile-align-left","17":"first","18":"instock","19":"sale","20":"virtual","21":"purchasable","22":"product-type-simple"},"uagb_featured_image_src":{"full":["https:\/\/openbooks21.com\/wp-content\/uploads\/2026\/01\/EXPERT-IELTS.jpg",1025,1025,false],"thumbnail":["https:\/\/openbooks21.com\/wp-content\/uploads\/2026\/01\/EXPERT-IELTS-150x150.jpg",150,150,true],"medium":["https:\/\/openbooks21.com\/wp-content\/uploads\/2026\/01\/EXPERT-IELTS-300x300.jpg",300,300,true],"medium_large":["https:\/\/openbooks21.com\/wp-content\/uploads\/2026\/01\/EXPERT-IELTS-768x768.jpg",768,768,true],"large":["https:\/\/openbooks21.com\/wp-content\/uploads\/2026\/01\/EXPERT-IELTS.jpg",1024,1024,false],"1536x1536":["https:\/\/openbooks21.com\/wp-content\/uploads\/2026\/01\/EXPERT-IELTS.jpg",1025,1025,false],"2048x2048":["https:\/\/openbooks21.com\/wp-content\/uploads\/2026\/01\/EXPERT-IELTS.jpg",1025,1025,false],"trp-custom-language-flag":["https:\/\/openbooks21.com\/wp-content\/uploads\/2026\/01\/EXPERT-IELTS-12x12.jpg",12,12,true],"woocommerce_thumbnail":["https:\/\/openbooks21.com\/wp-content\/uploads\/2026\/01\/EXPERT-IELTS-300x300.jpg",300,300,true],"woocommerce_single":["https:\/\/openbooks21.com\/wp-content\/uploads\/2026\/01\/EXPERT-IELTS-600x600.jpg",600,600,true],"woocommerce_gallery_thumbnail":["https:\/\/openbooks21.com\/wp-content\/uploads\/2026\/01\/EXPERT-IELTS-100x100.jpg",100,100,true],"dgwt-wcas-product-suggestion":["https:\/\/openbooks21.com\/wp-content\/uploads\/2026\/01\/EXPERT-IELTS-64x64.jpg",64,64,true]},"uagb_author_info":{"display_name":"openbooks21.com","author_link":"https:\/\/openbooks21.com\/pt\/author\/"},"uagb_comment_info":0,"uagb_excerpt":"Expert IELTS es la \u00faltima edici\u00f3n de la serie EXPERT para la preparaci\u00f3n del IELTS de Longman Pearson. Esta gu\u00eda de estudio se presenta en tres partes y prepara para las siguientes puntuaciones de examen: 5, 6 y 7.5. Dise\u00f1ada para estudiantes con un buen nivel de ingl\u00e9s y motivaci\u00f3n, prepara para las cuatro partes&hellip;","jetpack_sharing_enabled":true,"_links":{"self":[{"href":"https:\/\/openbooks21.com\/pt\/wp-json\/wp\/v2\/product\/1853","targetHints":{"allow":["GET"]}}],"collection":[{"href":"https:\/\/openbooks21.com\/pt\/wp-json\/wp\/v2\/product"}],"about":[{"href":"https:\/\/openbooks21.com\/pt\/wp-json\/wp\/v2\/types\/product"}],"wp:featuredmedia":[{"embeddable":true,"href":"https:\/\/openbooks21.com\/pt\/wp-json\/wp\/v2\/media\/1854"}],"wp:attachment":[{"href":"https:\/\/openbooks21.com\/pt\/wp-json\/wp\/v2\/media?parent=1853"}],"wp:term":[{"taxonomy":"product_brand","embeddable":true,"href":"https:\/\/openbooks21.com\/pt\/wp-json\/wp\/v2\/product_brand?post=1853"},{"taxonomy":"product_cat","embeddable":true,"href":"https:\/\/openbooks21.com\/pt\/wp-json\/wp\/v2\/product_cat?post=1853"},{"taxonomy":"product_tag","embeddable":true,"href":"https:\/\/openbooks21.com\/pt\/wp-json\/wp\/v2\/product_tag?post=1853"}],"curies":[{"name":"wp","href":"https:\/\/api.w.org\/{rel}","templated":true}]}}