{"id":1857,"date":"2026-01-15T03:23:56","date_gmt":"2026-01-15T02:23:56","guid":{"rendered":"https:\/\/openbooks21.com\/?post_type=product&#038;p=1857"},"modified":"2026-01-15T03:23:56","modified_gmt":"2026-01-15T02:23:56","slug":"pack-english-for-international-tourism-new-edition-material-digital","status":"publish","type":"product","link":"https:\/\/openbooks21.com\/pt\/produto\/pack-english-for-international-tourism-new-edition-material-digital\/","title":{"rendered":"Pack English for International Tourism New Edition (Material digital)"},"content":{"rendered":"<p><strong>English for International Tourism <\/strong>es la primera serie multinivel dise\u00f1ada espec\u00edficamente para la industria hotelera y tur\u00edstica.Este curso se centra en la gram\u00e1tica, el vocabulario y las habilidades necesarias para la comunicaci\u00f3n profesional en este sector din\u00e1mico. Abarca temas contempor\u00e1neos y relevantes, y utiliza una variedad de materiales aut\u00e9nticos, incluyendo las aclamadas Gu\u00edas de Viaje Eyewitness de Dorling Kindersley. Sus estudiantes se sentir\u00e1n motivados por las secciones de Tareas Profesionales, que les permitir\u00e1n practicar habilidades laborales reales.<\/p>\n<p><strong>CONTENIDO DE TODOS LOS NIVELES<\/strong><\/p>\n<table>\n<tbody>\n<tr>\n<td colspan=\"2\" width=\"566\">\n<p style=\"text-align: center;\"><strong>English for International Tourism<\/strong><\/p>\n<\/td>\n<\/tr>\n<tr>\n<td width=\"283\">\n<p style=\"text-align: center;\"><strong>English for International Tourism Pre-Intermediate<\/strong><\/p>\n<\/td>\n<td width=\"283\">\n<p style=\"text-align: center;\"><strong>English for International Tourism Intermediate<\/strong><\/p>\n<\/td>\n<\/tr>\n<tr>\n<td width=\"283\">\n<ul>\n<li style=\"text-align: left;\">Students book (PDF)<\/li>\n<li style=\"text-align: left;\">Audio CDs<\/li>\n<li style=\"text-align: left;\">Workbook (PDF)<\/li>\n<li style=\"text-align: left;\">Testes (PDF)<\/li>\n<li style=\"text-align: left;\">Teachers book (PDF)<\/li>\n<li style=\"text-align: left;\">DVD-Rom<\/li>\n<li style=\"text-align: left;\">Answer Keys (PDF)<\/li>\n<li style=\"text-align: left;\">Video<\/li>\n<\/ul>\n<\/td>\n<td width=\"283\">\n<ul>\n<li>Students book (PDF)<\/li>\n<li>Audio CDs<\/li>\n<li>Workbook (PDF)<\/li>\n<li>Testes (PDF)<\/li>\n<li>Teachers book (PDF)<\/li>\n<li>DVD-Rom<\/li>\n<li>Answer Keys (PDF)<\/li>\n<li>Video<\/li>\n<\/ul>\n<\/td>\n<\/tr>\n<tr>\n<td width=\"283\">\n<p style=\"text-align: center;\"><strong>English for International Tourism Upper-Intermediate<\/strong><\/p>\n<\/td>\n<td width=\"283\"><strong>\u00a0<\/strong><\/td>\n<\/tr>\n<tr>\n<td width=\"283\">\n<ul>\n<li>Students book (PDF)<\/li>\n<li>Audio CDs<\/li>\n<li>Workbook (PDF)<\/li>\n<li>Testes (PDF)<\/li>\n<li>Teachers book (PDF)<\/li>\n<li>DVD-Rom<\/li>\n<li>Answer Keys (PDF)<\/li>\n<li>Video<\/li>\n<\/ul>\n<\/td>\n<td width=\"283\"><strong>\u00a0<\/strong><\/td>\n<\/tr>\n<\/tbody>\n<\/table>","protected":false},"excerpt":{"rendered":"<p><strong>English for International Tourism <\/strong>es la primera serie multinivel dise\u00f1ada espec\u00edficamente para la industria hotelera y tur\u00edstica.Este curso se centra en la gram\u00e1tica, el vocabulario y las habilidades necesarias para la comunicaci\u00f3n profesional en este sector din\u00e1mico. Abarca temas contempor\u00e1neos y relevantes, y utiliza una variedad de materiales aut\u00e9nticos, incluyendo las aclamadas Gu\u00edas de Viaje Eyewitness de Dorling Kindersley. Sus estudiantes se sentir\u00e1n motivados por las secciones de Tareas Profesionales, que les permitir\u00e1n practicar habilidades laborales reales.<\/p>","protected":false},"featured_media":1858,"template":"","meta":{"_uag_custom_page_level_css":"","site-sidebar-layout":"default","site-content-layout":"","ast-site-content-layout":"default","site-content-style":"default","site-sidebar-style":"default","ast-global-header-display":"","ast-banner-title-visibility":"","ast-main-header-display":"","ast-hfb-above-header-display":"","ast-hfb-below-header-display":"","ast-hfb-mobile-header-display":"","site-post-title":"","ast-breadcrumbs-content":"","ast-featured-img":"","footer-sml-layout":"","ast-disable-related-posts":"","theme-transparent-header-meta":"default","adv-header-id-meta":"","stick-header-meta":"","header-above-stick-meta":"","header-main-stick-meta":"","header-below-stick-meta":"","astra-migrate-meta-layouts":"set","ast-page-background-enabled":"default","ast-page-background-meta":{"desktop":{"background-color":"var(--ast-global-color-4)","background-image":"","background-repeat":"repeat","background-position":"center center","background-size":"auto","background-attachment":"scroll","background-type":"","background-media":"","overlay-type":"","overlay-color":"","overlay-opacity":"","overlay-gradient":""},"tablet":{"background-color":"","background-image":"","background-repeat":"repeat","background-position":"center center","background-size":"auto","background-attachment":"scroll","background-type":"","background-media":"","overlay-type":"","overlay-color":"","overlay-opacity":"","overlay-gradient":""},"mobile":{"background-color":"","background-image":"","background-repeat":"repeat","background-position":"center center","background-size":"auto","background-attachment":"scroll","background-type":"","background-media":"","overlay-type":"","overlay-color":"","overlay-opacity":"","overlay-gradient":""}},"ast-content-background-meta":{"desktop":{"background-color":"var(--ast-global-color-5)","background-image":"","background-repeat":"repeat","background-position":"center center","background-size":"auto","background-attachment":"scroll","background-type":"","background-media":"","overlay-type":"","overlay-color":"","overlay-opacity":"","overlay-gradient":""},"tablet":{"background-color":"var(--ast-global-color-5)","background-image":"","background-repeat":"repeat","background-position":"center center","background-size":"auto","background-attachment":"scroll","background-type":"","background-media":"","overlay-type":"","overlay-color":"","overlay-opacity":"","overlay-gradient":""},"mobile":{"background-color":"var(--ast-global-color-5)","background-image":"","background-repeat":"repeat","background-position":"center center","background-size":"auto","background-attachment":"scroll","background-type":"","background-media":"","overlay-type":"","overlay-color":"","overlay-opacity":"","overlay-gradient":""}}},"product_brand":[],"product_cat":[88,17],"product_tag":[89,50],"class_list":{"0":"post-1857","1":"product","2":"type-product","3":"status-publish","4":"has-post-thumbnail","6":"product_cat-hotelera-y-turismo","7":"product_cat-ingles-britanico-adultos","8":"product_tag-hotelera-y-turismo","9":"product_tag-ingles-britanico","10":"desktop-align-left","11":"tablet-align-left","12":"mobile-align-left","14":"first","15":"instock","16":"sale","17":"virtual","18":"purchasable","19":"product-type-simple"},"uagb_featured_image_src":{"full":["https:\/\/openbooks21.com\/wp-content\/uploads\/2026\/01\/English-for-International-Tourism.jpg",1025,1025,false],"thumbnail":["https:\/\/openbooks21.com\/wp-content\/uploads\/2026\/01\/English-for-International-Tourism-150x150.jpg",150,150,true],"medium":["https:\/\/openbooks21.com\/wp-content\/uploads\/2026\/01\/English-for-International-Tourism-300x300.jpg",300,300,true],"medium_large":["https:\/\/openbooks21.com\/wp-content\/uploads\/2026\/01\/English-for-International-Tourism-768x768.jpg",768,768,true],"large":["https:\/\/openbooks21.com\/wp-content\/uploads\/2026\/01\/English-for-International-Tourism.jpg",1024,1024,false],"1536x1536":["https:\/\/openbooks21.com\/wp-content\/uploads\/2026\/01\/English-for-International-Tourism.jpg",1025,1025,false],"2048x2048":["https:\/\/openbooks21.com\/wp-content\/uploads\/2026\/01\/English-for-International-Tourism.jpg",1025,1025,false],"trp-custom-language-flag":["https:\/\/openbooks21.com\/wp-content\/uploads\/2026\/01\/English-for-International-Tourism-12x12.jpg",12,12,true],"woocommerce_thumbnail":["https:\/\/openbooks21.com\/wp-content\/uploads\/2026\/01\/English-for-International-Tourism-300x300.jpg",300,300,true],"woocommerce_single":["https:\/\/openbooks21.com\/wp-content\/uploads\/2026\/01\/English-for-International-Tourism-600x600.jpg",600,600,true],"woocommerce_gallery_thumbnail":["https:\/\/openbooks21.com\/wp-content\/uploads\/2026\/01\/English-for-International-Tourism-100x100.jpg",100,100,true],"dgwt-wcas-product-suggestion":["https:\/\/openbooks21.com\/wp-content\/uploads\/2026\/01\/English-for-International-Tourism-64x64.jpg",64,64,true]},"uagb_author_info":{"display_name":"openbooks21.com","author_link":"https:\/\/openbooks21.com\/pt\/author\/"},"uagb_comment_info":0,"uagb_excerpt":"English for International Tourism es la primera serie multinivel dise\u00f1ada espec\u00edficamente para la industria hotelera y tur\u00edstica.Este curso se centra en la gram\u00e1tica, el vocabulario y las habilidades necesarias para la comunicaci\u00f3n profesional en este sector din\u00e1mico. Abarca temas contempor\u00e1neos y relevantes, y utiliza una variedad de materiales aut\u00e9nticos, incluyendo las aclamadas Gu\u00edas de Viaje&hellip;","jetpack_sharing_enabled":true,"_links":{"self":[{"href":"https:\/\/openbooks21.com\/pt\/wp-json\/wp\/v2\/product\/1857","targetHints":{"allow":["GET"]}}],"collection":[{"href":"https:\/\/openbooks21.com\/pt\/wp-json\/wp\/v2\/product"}],"about":[{"href":"https:\/\/openbooks21.com\/pt\/wp-json\/wp\/v2\/types\/product"}],"wp:featuredmedia":[{"embeddable":true,"href":"https:\/\/openbooks21.com\/pt\/wp-json\/wp\/v2\/media\/1858"}],"wp:attachment":[{"href":"https:\/\/openbooks21.com\/pt\/wp-json\/wp\/v2\/media?parent=1857"}],"wp:term":[{"taxonomy":"product_brand","embeddable":true,"href":"https:\/\/openbooks21.com\/pt\/wp-json\/wp\/v2\/product_brand?post=1857"},{"taxonomy":"product_cat","embeddable":true,"href":"https:\/\/openbooks21.com\/pt\/wp-json\/wp\/v2\/product_cat?post=1857"},{"taxonomy":"product_tag","embeddable":true,"href":"https:\/\/openbooks21.com\/pt\/wp-json\/wp\/v2\/product_tag?post=1857"}],"curies":[{"name":"wp","href":"https:\/\/api.w.org\/{rel}","templated":true}]}}