{"id":1886,"date":"2026-01-29T03:52:58","date_gmt":"2026-01-29T02:52:58","guid":{"rendered":"https:\/\/openbooks21.com\/?post_type=product&#038;p=1886"},"modified":"2026-01-29T03:52:58","modified_gmt":"2026-01-29T02:52:58","slug":"pack-grammar-and-writing-skills-material-digital","status":"publish","type":"product","link":"https:\/\/openbooks21.com\/pt\/produto\/pack-grammar-and-writing-skills-material-digital\/","title":{"rendered":"Pack Grammar and Writing Skills (Material digital)"},"content":{"rendered":"<p><strong>Cambridge Grammar and Writing Skills<\/strong>, es para escribir cartas, historias o instrucciones, Gram\u00e1tica y Escritura de Cambridge ofrece actividades para que los estudiantes practiquen y ampl\u00eden sus habilidades de escritura creativa. A trav\u00e9s de unidades sobre temas como el aula y la familia, los estudiantes experimentan con diversos tipos de textos para desarrollar sus habilidades en la producci\u00f3n de ficci\u00f3n y no ficci\u00f3n.<\/p>\n<p><strong>CONTENIDO DE TODOS LOS NIVELES<\/strong><\/p>\n<table>\n<tbody>\n<tr>\n<td width=\"566\">\n<p style=\"text-align: center;\"><strong>Cambridge Grammar and Writing Skills<\/strong><\/p>\n<\/td>\n<\/tr>\n<tr>\n<td width=\"566\">\n<ul>\n<li>Cambridge Grammar and Writing Skills Learners book 1 (PDF)<\/li>\n<li>Cambridge Grammar and Writing Skills Learners book 2 (PDF)<\/li>\n<li>Cambridge Grammar and Writing Skills Learners book 3 (PDF)<\/li>\n<li>Cambridge Grammar and Writing Skills Learners book 4 (PDF)<\/li>\n<li>Cambridge Grammar and Writing Skills Learners book 5 (PDF)<\/li>\n<li>Cambridge Grammar and Writing Skills Learners book 6 (PDF)<\/li>\n<li>Cambridge Grammar and Writing Skills Learners book 7 (PDF)<\/li>\n<li>Cambridge Grammar and Writing Skills Learners book 8 (PDF)<\/li>\n<li>Cambridge Grammar and Writing Skills Learners book 9 (PDF)<\/li>\n<\/ul>\n<\/td>\n<\/tr>\n<\/tbody>\n<\/table>","protected":false},"excerpt":{"rendered":"<p><strong>Cambridge Grammar and Writing Skills<\/strong>, es para escribir cartas, historias o instrucciones, Gram\u00e1tica y Escritura de Cambridge ofrece actividades para que los estudiantes practiquen y ampl\u00eden sus habilidades de escritura creativa. A trav\u00e9s de unidades sobre temas como el aula y la familia, los estudiantes experimentan con diversos tipos de textos para desarrollar sus habilidades en la producci\u00f3n de ficci\u00f3n y no ficci\u00f3n.<\/p>","protected":false},"featured_media":1887,"template":"","meta":{"_uag_custom_page_level_css":"","site-sidebar-layout":"default","site-content-layout":"","ast-site-content-layout":"default","site-content-style":"default","site-sidebar-style":"default","ast-global-header-display":"","ast-banner-title-visibility":"","ast-main-header-display":"","ast-hfb-above-header-display":"","ast-hfb-below-header-display":"","ast-hfb-mobile-header-display":"","site-post-title":"","ast-breadcrumbs-content":"","ast-featured-img":"","footer-sml-layout":"","ast-disable-related-posts":"","theme-transparent-header-meta":"default","adv-header-id-meta":"","stick-header-meta":"","header-above-stick-meta":"","header-main-stick-meta":"","header-below-stick-meta":"","astra-migrate-meta-layouts":"set","ast-page-background-enabled":"default","ast-page-background-meta":{"desktop":{"background-color":"var(--ast-global-color-4)","background-image":"","background-repeat":"repeat","background-position":"center center","background-size":"auto","background-attachment":"scroll","background-type":"","background-media":"","overlay-type":"","overlay-color":"","overlay-opacity":"","overlay-gradient":""},"tablet":{"background-color":"","background-image":"","background-repeat":"repeat","background-position":"center center","background-size":"auto","background-attachment":"scroll","background-type":"","background-media":"","overlay-type":"","overlay-color":"","overlay-opacity":"","overlay-gradient":""},"mobile":{"background-color":"","background-image":"","background-repeat":"repeat","background-position":"center center","background-size":"auto","background-attachment":"scroll","background-type":"","background-media":"","overlay-type":"","overlay-color":"","overlay-opacity":"","overlay-gradient":""}},"ast-content-background-meta":{"desktop":{"background-color":"var(--ast-global-color-5)","background-image":"","background-repeat":"repeat","background-position":"center center","background-size":"auto","background-attachment":"scroll","background-type":"","background-media":"","overlay-type":"","overlay-color":"","overlay-opacity":"","overlay-gradient":""},"tablet":{"background-color":"var(--ast-global-color-5)","background-image":"","background-repeat":"repeat","background-position":"center center","background-size":"auto","background-attachment":"scroll","background-type":"","background-media":"","overlay-type":"","overlay-color":"","overlay-opacity":"","overlay-gradient":""},"mobile":{"background-color":"var(--ast-global-color-5)","background-image":"","background-repeat":"repeat","background-position":"center center","background-size":"auto","background-attachment":"scroll","background-type":"","background-media":"","overlay-type":"","overlay-color":"","overlay-opacity":"","overlay-gradient":""}}},"product_brand":[],"product_cat":[68,17],"product_tag":[90,50],"class_list":{"0":"post-1886","1":"product","2":"type-product","3":"status-publish","4":"has-post-thumbnail","6":"product_cat-english-grammar","7":"product_cat-ingles-britanico-adultos","8":"product_tag-grammar","9":"product_tag-ingles-britanico","10":"desktop-align-left","11":"tablet-align-left","12":"mobile-align-left","14":"first","15":"instock","16":"sale","17":"virtual","18":"purchasable","19":"product-type-simple"},"uagb_featured_image_src":{"full":["https:\/\/openbooks21.com\/wp-content\/uploads\/2026\/01\/Grammar-and-Writing-Skills.jpg",1025,1025,false],"thumbnail":["https:\/\/openbooks21.com\/wp-content\/uploads\/2026\/01\/Grammar-and-Writing-Skills-150x150.jpg",150,150,true],"medium":["https:\/\/openbooks21.com\/wp-content\/uploads\/2026\/01\/Grammar-and-Writing-Skills-300x300.jpg",300,300,true],"medium_large":["https:\/\/openbooks21.com\/wp-content\/uploads\/2026\/01\/Grammar-and-Writing-Skills-768x768.jpg",768,768,true],"large":["https:\/\/openbooks21.com\/wp-content\/uploads\/2026\/01\/Grammar-and-Writing-Skills.jpg",1024,1024,false],"1536x1536":["https:\/\/openbooks21.com\/wp-content\/uploads\/2026\/01\/Grammar-and-Writing-Skills.jpg",1025,1025,false],"2048x2048":["https:\/\/openbooks21.com\/wp-content\/uploads\/2026\/01\/Grammar-and-Writing-Skills.jpg",1025,1025,false],"trp-custom-language-flag":["https:\/\/openbooks21.com\/wp-content\/uploads\/2026\/01\/Grammar-and-Writing-Skills-12x12.jpg",12,12,true],"woocommerce_thumbnail":["https:\/\/openbooks21.com\/wp-content\/uploads\/2026\/01\/Grammar-and-Writing-Skills-300x300.jpg",300,300,true],"woocommerce_single":["https:\/\/openbooks21.com\/wp-content\/uploads\/2026\/01\/Grammar-and-Writing-Skills-600x600.jpg",600,600,true],"woocommerce_gallery_thumbnail":["https:\/\/openbooks21.com\/wp-content\/uploads\/2026\/01\/Grammar-and-Writing-Skills-100x100.jpg",100,100,true],"dgwt-wcas-product-suggestion":["https:\/\/openbooks21.com\/wp-content\/uploads\/2026\/01\/Grammar-and-Writing-Skills-64x64.jpg",64,64,true]},"uagb_author_info":{"display_name":"openbooks21.com","author_link":"https:\/\/openbooks21.com\/pt\/author\/"},"uagb_comment_info":0,"uagb_excerpt":"Cambridge Grammar and Writing Skills, es para escribir cartas, historias o instrucciones, Gram\u00e1tica y Escritura de Cambridge ofrece actividades para que los estudiantes practiquen y ampl\u00eden sus habilidades de escritura creativa. A trav\u00e9s de unidades sobre temas como el aula y la familia, los estudiantes experimentan con diversos tipos de textos para desarrollar sus habilidades&hellip;","jetpack_sharing_enabled":true,"_links":{"self":[{"href":"https:\/\/openbooks21.com\/pt\/wp-json\/wp\/v2\/product\/1886","targetHints":{"allow":["GET"]}}],"collection":[{"href":"https:\/\/openbooks21.com\/pt\/wp-json\/wp\/v2\/product"}],"about":[{"href":"https:\/\/openbooks21.com\/pt\/wp-json\/wp\/v2\/types\/product"}],"wp:featuredmedia":[{"embeddable":true,"href":"https:\/\/openbooks21.com\/pt\/wp-json\/wp\/v2\/media\/1887"}],"wp:attachment":[{"href":"https:\/\/openbooks21.com\/pt\/wp-json\/wp\/v2\/media?parent=1886"}],"wp:term":[{"taxonomy":"product_brand","embeddable":true,"href":"https:\/\/openbooks21.com\/pt\/wp-json\/wp\/v2\/product_brand?post=1886"},{"taxonomy":"product_cat","embeddable":true,"href":"https:\/\/openbooks21.com\/pt\/wp-json\/wp\/v2\/product_cat?post=1886"},{"taxonomy":"product_tag","embeddable":true,"href":"https:\/\/openbooks21.com\/pt\/wp-json\/wp\/v2\/product_tag?post=1886"}],"curies":[{"name":"wp","href":"https:\/\/api.w.org\/{rel}","templated":true}]}}