{"id":2147,"date":"2026-05-14T00:23:23","date_gmt":"2026-05-13T22:23:23","guid":{"rendered":"https:\/\/openbooks21.com\/?post_type=product&#038;p=2147"},"modified":"2026-05-14T00:23:23","modified_gmt":"2026-05-13T22:23:23","slug":"pack-world-link-fourth-edition-material-digital","status":"publish","type":"product","link":"https:\/\/openbooks21.com\/pt\/produto\/pack-world-link-fourth-edition-material-digital\/","title":{"rendered":"Pack World Link Fourth Edition (Material digital)"},"content":{"rendered":"<p>World Link Fourth Edition, ense\u00f1a a los estudiantes a comunicarse con confianza. Desarrolla habilidades ling\u00fc\u00edsticas integrales, con \u00e9nfasis en el ingl\u00e9s hablado, a trav\u00e9s de temas familiares, gram\u00e1tica relevante y vocabulario esencial. World Link acerca el mundo al aula mediante un programa de videos muy entretenido, contenido relevante de National Geographic y lecciones probadas por docentes.<\/p>\n<p style=\"text-align: justify;\"><strong>O CONTE\u00daDO DE TODOS OS N\u00cdVEIS<\/strong><\/p>\n<table>\n<tbody>\n<tr>\n<td colspan=\"3\" width=\"566\"><strong>WORLD LINK FOURTH EDITION<\/strong><\/td>\n<\/tr>\n<tr>\n<td width=\"189\">\n<p style=\"text-align: center;\"><strong>World Link Intro<\/strong><\/p>\n<\/td>\n<td width=\"189\">\n<p style=\"text-align: center;\"><strong>World Link 1<\/strong><\/p>\n<\/td>\n<td width=\"189\">\n<p style=\"text-align: center;\"><strong>World Link 2<\/strong><\/p>\n<\/td>\n<\/tr>\n<tr>\n<td width=\"189\">\n<ul>\n<li>Students book (PDF)<\/li>\n<li>Workbook (PDF)<\/li>\n<li>Teachers Book (PDF)<\/li>\n<li>Audio CDs<\/li>\n<li>Classroom DVD (Video)<\/li>\n<li>Teachers Resources (PDF)<\/li>\n<li>Assessment (PDF)<\/li>\n<li><strong>Ebook interactivo (web)<\/strong><\/li>\n<\/ul>\n<p><strong>\u00a0<\/strong><\/td>\n<td width=\"189\">\n<ul>\n<li style=\"text-align: left;\">Students book (PDF)<\/li>\n<li style=\"text-align: left;\">Workbook (PDF)<\/li>\n<li style=\"text-align: left;\">Teachers Book (PDF)<\/li>\n<li style=\"text-align: left;\">Audio CDs<\/li>\n<li style=\"text-align: left;\">Classroom DVD (Video)<\/li>\n<li style=\"text-align: left;\">Teachers Resources (PDF)<\/li>\n<li style=\"text-align: left;\">Assessment (PDF)<\/li>\n<li style=\"text-align: left;\"><strong>Ebook interactivo (web)<\/strong><\/li>\n<\/ul>\n<p><strong>\u00a0<\/strong><\/td>\n<td width=\"189\">\n<ul>\n<li>Students book (PDF)<\/li>\n<li>Workbook (PDF)<\/li>\n<li>Teachers Book (PDF)<\/li>\n<li>Audio CDs<\/li>\n<li>Classroom DVD (Video)<\/li>\n<li>Teachers Resources (PDF)<\/li>\n<li>Assessment (PDF)<\/li>\n<li><strong>Ebook interactivo (web)<\/strong><\/li>\n<\/ul>\n<p><strong>\u00a0<\/strong><\/td>\n<\/tr>\n<tr>\n<td width=\"189\">\n<p style=\"text-align: center;\"><strong>World Link 3<\/strong><\/p>\n<\/td>\n<td width=\"189\">\n<p style=\"text-align: center;\"><strong>World Link 4<\/strong><\/p>\n<\/td>\n<td width=\"189\"><strong>\u00a0<\/strong><\/td>\n<\/tr>\n<tr>\n<td width=\"189\">\n<ul>\n<li>Students book (PDF)<\/li>\n<li>Workbook (PDF)<\/li>\n<li>Teachers Book (PDF)<\/li>\n<li>Audio CDs<\/li>\n<li>Classroom DVD (Video)<\/li>\n<li>Teachers Resources (PDF)<\/li>\n<li>Assessment (PDF)<\/li>\n<li><strong>Ebook interactivo (web)<\/strong><\/li>\n<\/ul>\n<p><strong>\u00a0<\/strong><\/td>\n<td width=\"189\">\n<ul>\n<li>Students book (PDF)<\/li>\n<li>Workbook (PDF)<\/li>\n<li>Teachers Book (PDF)<\/li>\n<li>Audio CDs<\/li>\n<li>Classroom DVD (Video)<\/li>\n<li>Teachers Resources (PDF)<\/li>\n<li>Assessment (PDF)<\/li>\n<li><strong>Ebook interactivo (web)<\/strong><\/li>\n<\/ul>\n<p><strong>\u00a0<\/strong><\/td>\n<td width=\"189\"><strong>\u00a0<\/strong><\/td>\n<\/tr>\n<\/tbody>\n<\/table>","protected":false},"excerpt":{"rendered":"<p>World Link Fourth Edition, ense\u00f1a a los estudiantes a comunicarse con confianza. Desarrolla habilidades ling\u00fc\u00edsticas integrales, con \u00e9nfasis en el ingl\u00e9s hablado, a trav\u00e9s de temas familiares, gram\u00e1tica relevante y vocabulario esencial.<\/p>","protected":false},"featured_media":2148,"template":"","meta":{"_uag_custom_page_level_css":"","site-sidebar-layout":"default","site-content-layout":"","ast-site-content-layout":"default","site-content-style":"default","site-sidebar-style":"default","ast-global-header-display":"","ast-banner-title-visibility":"","ast-main-header-display":"","ast-hfb-above-header-display":"","ast-hfb-below-header-display":"","ast-hfb-mobile-header-display":"","site-post-title":"","ast-breadcrumbs-content":"","ast-featured-img":"","footer-sml-layout":"","ast-disable-related-posts":"","theme-transparent-header-meta":"default","adv-header-id-meta":"","stick-header-meta":"","header-above-stick-meta":"","header-main-stick-meta":"","header-below-stick-meta":"","astra-migrate-meta-layouts":"set","ast-page-background-enabled":"default","ast-page-background-meta":{"desktop":{"background-color":"var(--ast-global-color-4)","background-image":"","background-repeat":"repeat","background-position":"center center","background-size":"auto","background-attachment":"scroll","background-type":"","background-media":"","overlay-type":"","overlay-color":"","overlay-opacity":"","overlay-gradient":""},"tablet":{"background-color":"","background-image":"","background-repeat":"repeat","background-position":"center center","background-size":"auto","background-attachment":"scroll","background-type":"","background-media":"","overlay-type":"","overlay-color":"","overlay-opacity":"","overlay-gradient":""},"mobile":{"background-color":"","background-image":"","background-repeat":"repeat","background-position":"center center","background-size":"auto","background-attachment":"scroll","background-type":"","background-media":"","overlay-type":"","overlay-color":"","overlay-opacity":"","overlay-gradient":""}},"ast-content-background-meta":{"desktop":{"background-color":"var(--ast-global-color-5)","background-image":"","background-repeat":"repeat","background-position":"center center","background-size":"auto","background-attachment":"scroll","background-type":"","background-media":"","overlay-type":"","overlay-color":"","overlay-opacity":"","overlay-gradient":""},"tablet":{"background-color":"var(--ast-global-color-5)","background-image":"","background-repeat":"repeat","background-position":"center center","background-size":"auto","background-attachment":"scroll","background-type":"","background-media":"","overlay-type":"","overlay-color":"","overlay-opacity":"","overlay-gradient":""},"mobile":{"background-color":"var(--ast-global-color-5)","background-image":"","background-repeat":"repeat","background-position":"center center","background-size":"auto","background-attachment":"scroll","background-type":"","background-media":"","overlay-type":"","overlay-color":"","overlay-opacity":"","overlay-gradient":""}}},"product_brand":[],"product_cat":[87,16],"product_tag":[49,79],"class_list":{"0":"post-2147","1":"product","2":"type-product","3":"status-publish","4":"has-post-thumbnail","6":"product_cat-ebook-interactivo","7":"product_cat-ingles-americano-adultos","8":"product_tag-ingles-americano","9":"product_tag-interactivo","10":"desktop-align-left","11":"tablet-align-left","12":"mobile-align-left","14":"first","15":"instock","16":"sale","17":"virtual","18":"purchasable","19":"product-type-simple"},"uagb_featured_image_src":{"full":["https:\/\/openbooks21.com\/wp-content\/uploads\/2026\/05\/world-link-fourth-edition.jpg",1025,1025,false],"thumbnail":["https:\/\/openbooks21.com\/wp-content\/uploads\/2026\/05\/world-link-fourth-edition-150x150.jpg",150,150,true],"medium":["https:\/\/openbooks21.com\/wp-content\/uploads\/2026\/05\/world-link-fourth-edition-300x300.jpg",300,300,true],"medium_large":["https:\/\/openbooks21.com\/wp-content\/uploads\/2026\/05\/world-link-fourth-edition-768x768.jpg",768,768,true],"large":["https:\/\/openbooks21.com\/wp-content\/uploads\/2026\/05\/world-link-fourth-edition.jpg",1024,1024,false],"1536x1536":["https:\/\/openbooks21.com\/wp-content\/uploads\/2026\/05\/world-link-fourth-edition.jpg",1025,1025,false],"2048x2048":["https:\/\/openbooks21.com\/wp-content\/uploads\/2026\/05\/world-link-fourth-edition.jpg",1025,1025,false],"trp-custom-language-flag":["https:\/\/openbooks21.com\/wp-content\/uploads\/2026\/05\/world-link-fourth-edition-12x12.jpg",12,12,true],"woocommerce_thumbnail":["https:\/\/openbooks21.com\/wp-content\/uploads\/2026\/05\/world-link-fourth-edition-300x300.jpg",300,300,true],"woocommerce_single":["https:\/\/openbooks21.com\/wp-content\/uploads\/2026\/05\/world-link-fourth-edition-600x600.jpg",600,600,true],"woocommerce_gallery_thumbnail":["https:\/\/openbooks21.com\/wp-content\/uploads\/2026\/05\/world-link-fourth-edition-100x100.jpg",100,100,true],"dgwt-wcas-product-suggestion":["https:\/\/openbooks21.com\/wp-content\/uploads\/2026\/05\/world-link-fourth-edition-64x64.jpg",64,64,true]},"uagb_author_info":{"display_name":"openbooks21.com","author_link":"https:\/\/openbooks21.com\/pt\/author\/"},"uagb_comment_info":0,"uagb_excerpt":"World Link Fourth Edition, ense\u00f1a a los estudiantes a comunicarse con confianza. Desarrolla habilidades ling\u00fc\u00edsticas integrales, con \u00e9nfasis en el ingl\u00e9s hablado, a trav\u00e9s de temas familiares, gram\u00e1tica relevante y vocabulario esencial.","jetpack_sharing_enabled":true,"_links":{"self":[{"href":"https:\/\/openbooks21.com\/pt\/wp-json\/wp\/v2\/product\/2147","targetHints":{"allow":["GET"]}}],"collection":[{"href":"https:\/\/openbooks21.com\/pt\/wp-json\/wp\/v2\/product"}],"about":[{"href":"https:\/\/openbooks21.com\/pt\/wp-json\/wp\/v2\/types\/product"}],"wp:featuredmedia":[{"embeddable":true,"href":"https:\/\/openbooks21.com\/pt\/wp-json\/wp\/v2\/media\/2148"}],"wp:attachment":[{"href":"https:\/\/openbooks21.com\/pt\/wp-json\/wp\/v2\/media?parent=2147"}],"wp:term":[{"taxonomy":"product_brand","embeddable":true,"href":"https:\/\/openbooks21.com\/pt\/wp-json\/wp\/v2\/product_brand?post=2147"},{"taxonomy":"product_cat","embeddable":true,"href":"https:\/\/openbooks21.com\/pt\/wp-json\/wp\/v2\/product_cat?post=2147"},{"taxonomy":"product_tag","embeddable":true,"href":"https:\/\/openbooks21.com\/pt\/wp-json\/wp\/v2\/product_tag?post=2147"}],"curies":[{"name":"wp","href":"https:\/\/api.w.org\/{rel}","templated":true}]}}