{"id":22,"date":"2024-04-11T18:18:47","date_gmt":"2024-04-11T16:18:47","guid":{"rendered":"https:\/\/openbooks21.com\/?post_type=product&#038;p=22"},"modified":"2026-03-08T01:57:48","modified_gmt":"2026-03-08T00:57:48","slug":"pack-speakout-2nd-edition","status":"publish","type":"product","link":"https:\/\/openbooks21.com\/pt\/produto\/pack-speakout-2nd-edition\/","title":{"rendered":"Pack Speakout 2nd edition (Material digital)"},"content":{"rendered":"<p>Speakout oferece uma experi\u00eancia aut\u00eantica de ingl\u00eas em sala de aula, integrando o conte\u00fado de v\u00eddeo da BBC, o que mant\u00e9m os alunos comprometidos e facilita o ensino. Sua abordagem equilibrada abrange uma ampla gama de temas, o desenvolvimento progressivo da linguagem e a pr\u00e1tica de habilidades essenciais. Embora destaca as atividades de express\u00e3o oral, n\u00e3o descuida outras habilidades fundamentais como a leitura, escrita e compreens\u00e3o auditiva, as quais refor\u00e7am-se sistematicamente ao longo do curso.<\/p>\n<p><strong>O CONTE\u00daDO DE TODOS OS N\u00cdVEIS<\/strong><\/p>\n<table>\n<tbody>\n<tr>\n<td colspan=\"3\" width=\"566\">\n<p style=\"text-align: center;\"><strong>SPEAKOUT 2ND EDITION<\/strong><\/p>\n<\/td>\n<\/tr>\n<tr>\n<td width=\"189\">\n<p style=\"text-align: center;\"><strong>Starter<\/strong><\/p>\n<\/td>\n<td width=\"189\">\n<p style=\"text-align: center;\"><strong>Intermediate<\/strong><\/p>\n<\/td>\n<td width=\"189\">\n<p style=\"text-align: center;\"><strong>Advanced<\/strong><\/p>\n<\/td>\n<\/tr>\n<tr>\n<td width=\"189\">\n<ul>\n<li>Student Book + Audio Cds<\/li>\n<li>WorkBook + Audio Cds<\/li>\n<li>Teachers Book_Tests + \u00c1udio<\/li>\n<li>Reading, Listening Extra + \u00c1udio<\/li>\n<li>Pronunciation Extra + \u00e1udio<\/li>\n<li>Gram\u00e1tica Extra<\/li>\n<li>O Vocabulary Extra<\/li>\n<li>Writing Extra<\/li>\n<li>BBC DVD Clipes Extra<\/li>\n<li>BBC ora\u00e7\u00e3o, horse Extra<\/li>\n<li>Active Teach (Software Interativo)<\/li>\n<\/ul>\n<\/td>\n<td width=\"189\">\n<ul>\n<li>Student Book + Audio Cds<\/li>\n<li>WorkBook + Audio Cds<\/li>\n<li>Teachers Book<\/li>\n<li>Reading, Listening Extra + \u00c1udio<\/li>\n<li>Pronunciation Extra + \u00e1udio<\/li>\n<li>O Vocabulary Extra<\/li>\n<li>Writing Extra<\/li>\n<li>BBC DVD Clipes Extra<\/li>\n<li>BBC ora\u00e7\u00e3o, horse Extra<\/li>\n<li>Active Teach (Software Interativo)<\/li>\n<\/ul>\n<\/td>\n<td width=\"189\">\n<ul>\n<li>Student Book + Audio Cds<\/li>\n<li>WorkBook + Audio Cds<\/li>\n<li>Teachers Book_Tests<\/li>\n<li>Reading, Listening Extra + \u00c1udio<\/li>\n<li>Pronunciation Extra + \u00e1udio<\/li>\n<li>O Vocabulary Extra<\/li>\n<li>Writing Extra<\/li>\n<li>BBC DVD Clipes Extra<\/li>\n<li>BBC ora\u00e7\u00e3o, horse Extra<\/li>\n<li>Active Teach (Software Interativo)<\/li>\n<\/ul>\n<\/td>\n<\/tr>\n<tr>\n<td width=\"189\">\n<p style=\"text-align: center;\"><strong>Elementary<\/strong><\/p>\n<\/td>\n<td width=\"189\">\n<p style=\"text-align: center;\"><strong>Intermediate Plus<\/strong><\/p>\n<\/td>\n<td width=\"189\">\n<p style=\"text-align: center;\"><strong>Advanced Plus<\/strong><\/p>\n<\/td>\n<\/tr>\n<tr>\n<td width=\"189\">\n<ul>\n<li>Student Book + Audio Cds<\/li>\n<li>WorkBook + Audio Cds<\/li>\n<li>Teachers Book_Tests + \u00c1udio<\/li>\n<li>Reading, Listening Extra + \u00c1udio<\/li>\n<li>Pronunciation Extra + \u00e1udio<\/li>\n<li>O Vocabulary Extra<\/li>\n<li>Writing Extra<\/li>\n<li>BBC DVD Clipes Extra<\/li>\n<li>BBC ora\u00e7\u00e3o, horse Extra<\/li>\n<li>Active Teach (Software Interativo)<\/li>\n<\/ul>\n<\/td>\n<td width=\"189\">\n<ul>\n<li>Student Book<\/li>\n<li>Class \u00e1udio<\/li>\n<li>WorkBook<\/li>\n<li>WorkBook \u00e1udio<\/li>\n<li>Teachers Book<\/li>\n<li>Reading, Listening Extra \u00c1udio<\/li>\n<li>Pronunciation Extra \u00e1udio<\/li>\n<li>Testes<\/li>\n<li>V\u00eddeos<\/li>\n<\/ul>\n<p>&nbsp;<\/td>\n<td width=\"189\">\n<ul>\n<li>Student Book<\/li>\n<li>Student Book \u00e1udio<\/li>\n<li>WorkBook<\/li>\n<li>WorkBook \u00e1udio<\/li>\n<li>Teachers Book_Tests<\/li>\n<li>Gram\u00e1tica<\/li>\n<li>Pronunciation<\/li>\n<li>O Vocabulary<\/li>\n<li>Writing<\/li>\n<li>Reading and Listening<\/li>\n<li>BBC DVD Clipes Extra<\/li>\n<li>BBC ora\u00e7\u00e3o, horse Extra<\/li>\n<\/ul>\n<\/td>\n<\/tr>\n<tr>\n<td width=\"189\">\n<p style=\"text-align: center;\"><strong>Pre-Intermediate<\/strong><\/p>\n<\/td>\n<td width=\"189\">\n<p style=\"text-align: center;\"><strong>Upper Intermediate<\/strong><\/p>\n<\/td>\n<td width=\"189\"><\/td>\n<\/tr>\n<tr>\n<td width=\"189\">\n<ul>\n<li>Student Book + Audio Cds<\/li>\n<li>WorkBook + Audio Cds<\/li>\n<li>Teachers Book_Tests<\/li>\n<li>Reading, Listening Extra + \u00c1udio<\/li>\n<li>Pronunciation Extra + \u00e1udio<\/li>\n<li>Gram\u00e1tica Extra<\/li>\n<li>O Vocabulary Extra<\/li>\n<li>Writing Extra<\/li>\n<li>BBC DVD Clipes Extra<\/li>\n<li>BBC ora\u00e7\u00e3o, horse Extra<\/li>\n<li>Active Teach (Software Interativo)<\/li>\n<\/ul>\n<\/td>\n<td width=\"189\">\n<ul>\n<li>Student Book + Audio Cds<\/li>\n<li>WorkBook + Audio Cds<\/li>\n<li>Teachers Book<\/li>\n<li>Reading, Listening Extra + \u00c1udio<\/li>\n<li>Pronunciation Extra + \u00e1udio<\/li>\n<li>O Vocabulary Extra<\/li>\n<li>Writing Extra<\/li>\n<li>BBC DVD Clipes Extra<\/li>\n<li>BBC ora\u00e7\u00e3o, horse Extra<\/li>\n<li>Active Teach (Software Interativo)<\/li>\n<\/ul>\n<\/td>\n<td width=\"189\"><\/td>\n<\/tr>\n<\/tbody>\n<\/table>\n<p>&nbsp;<\/p>","protected":false},"excerpt":{"rendered":"<p><span class=\"HwtZe\" lang=\"es\"><span class=\"jCAhz ChMk0b\"><span class=\"ryNqvb\">Ingl\u00eas de verdade em sua sala de aula.<\/span><\/span> <span class=\"jCAhz ChMk0b\"><span class=\"ryNqvb\">Speakout \u00e9 o curso de ingl\u00eas, que inclui o conte\u00fado de v\u00eddeo da BBC para envolver os alunos e facilitar o ensino. Segue uma abordagem equilibrada dos temas, o desenvolvimento da linguagem e o trabalho de habilidades.<\/span><\/span><\/span><\/p>","protected":false},"featured_media":23,"template":"","meta":{"_uag_custom_page_level_css":"","site-sidebar-layout":"default","site-content-layout":"","ast-site-content-layout":"default","site-content-style":"default","site-sidebar-style":"default","ast-global-header-display":"","ast-banner-title-visibility":"","ast-main-header-display":"","ast-hfb-above-header-display":"","ast-hfb-below-header-display":"","ast-hfb-mobile-header-display":"","site-post-title":"","ast-breadcrumbs-content":"","ast-featured-img":"","footer-sml-layout":"","ast-disable-related-posts":"","theme-transparent-header-meta":"default","adv-header-id-meta":"","stick-header-meta":"","header-above-stick-meta":"","header-main-stick-meta":"","header-below-stick-meta":"","astra-migrate-meta-layouts":"set","ast-page-background-enabled":"default","ast-page-background-meta":{"desktop":{"background-color":"var(--ast-global-color-4)","background-image":"","background-repeat":"repeat","background-position":"center center","background-size":"auto","background-attachment":"scroll","background-type":"","background-media":"","overlay-type":"","overlay-color":"","overlay-opacity":"","overlay-gradient":""},"tablet":{"background-color":"","background-image":"","background-repeat":"repeat","background-position":"center center","background-size":"auto","background-attachment":"scroll","background-type":"","background-media":"","overlay-type":"","overlay-color":"","overlay-opacity":"","overlay-gradient":""},"mobile":{"background-color":"","background-image":"","background-repeat":"repeat","background-position":"center center","background-size":"auto","background-attachment":"scroll","background-type":"","background-media":"","overlay-type":"","overlay-color":"","overlay-opacity":"","overlay-gradient":""}},"ast-content-background-meta":{"desktop":{"background-color":"var(--ast-global-color-5)","background-image":"","background-repeat":"repeat","background-position":"center center","background-size":"auto","background-attachment":"scroll","background-type":"","background-media":"","overlay-type":"","overlay-color":"","overlay-opacity":"","overlay-gradient":""},"tablet":{"background-color":"var(--ast-global-color-5)","background-image":"","background-repeat":"repeat","background-position":"center center","background-size":"auto","background-attachment":"scroll","background-type":"","background-media":"","overlay-type":"","overlay-color":"","overlay-opacity":"","overlay-gradient":""},"mobile":{"background-color":"var(--ast-global-color-5)","background-image":"","background-repeat":"repeat","background-position":"center center","background-size":"auto","background-attachment":"scroll","background-type":"","background-media":"","overlay-type":"","overlay-color":"","overlay-opacity":"","overlay-gradient":""}}},"product_brand":[],"product_cat":[17],"product_tag":[50],"class_list":{"0":"post-22","1":"product","2":"type-product","3":"status-publish","4":"has-post-thumbnail","6":"product_cat-ingles-britanico-adultos","7":"product_tag-ingles-britanico","8":"desktop-align-left","9":"tablet-align-left","10":"mobile-align-left","12":"first","13":"instock","14":"sale","15":"virtual","16":"purchasable","17":"product-type-simple"},"uagb_featured_image_src":{"full":["https:\/\/openbooks21.com\/wp-content\/uploads\/2024\/04\/speakout.jpg",1025,1025,false],"thumbnail":["https:\/\/openbooks21.com\/wp-content\/uploads\/2024\/04\/speakout-150x150.jpg",150,150,true],"medium":["https:\/\/openbooks21.com\/wp-content\/uploads\/2024\/04\/speakout-300x300.jpg",300,300,true],"medium_large":["https:\/\/openbooks21.com\/wp-content\/uploads\/2024\/04\/speakout-768x768.jpg",768,768,true],"large":["https:\/\/openbooks21.com\/wp-content\/uploads\/2024\/04\/speakout.jpg",1024,1024,false],"1536x1536":["https:\/\/openbooks21.com\/wp-content\/uploads\/2024\/04\/speakout.jpg",1025,1025,false],"2048x2048":["https:\/\/openbooks21.com\/wp-content\/uploads\/2024\/04\/speakout.jpg",1025,1025,false],"trp-custom-language-flag":["https:\/\/openbooks21.com\/wp-content\/uploads\/2024\/04\/speakout.jpg",12,12,false],"woocommerce_thumbnail":["https:\/\/openbooks21.com\/wp-content\/uploads\/2024\/04\/speakout-300x300.jpg",300,300,true],"woocommerce_single":["https:\/\/openbooks21.com\/wp-content\/uploads\/2024\/04\/speakout-600x600.jpg",600,600,true],"woocommerce_gallery_thumbnail":["https:\/\/openbooks21.com\/wp-content\/uploads\/2024\/04\/speakout-100x100.jpg",100,100,true],"dgwt-wcas-product-suggestion":["https:\/\/openbooks21.com\/wp-content\/uploads\/2024\/04\/speakout-64x64.jpg",64,64,true]},"uagb_author_info":{"display_name":"openbooks21.com","author_link":"https:\/\/openbooks21.com\/pt\/author\/"},"uagb_comment_info":0,"uagb_excerpt":"Ingl\u00e9s real en tu aula. Speakout es el curso de ingl\u00e9s que incluye contenido de v\u00eddeo de la BBC para involucrar a los estudiantes y facilitar la ense\u00f1anza. Sigue un enfoque equilibrado de los temas, el desarrollo del lenguaje y el trabajo de habilidades.","jetpack_sharing_enabled":true,"_links":{"self":[{"href":"https:\/\/openbooks21.com\/pt\/wp-json\/wp\/v2\/product\/22","targetHints":{"allow":["GET"]}}],"collection":[{"href":"https:\/\/openbooks21.com\/pt\/wp-json\/wp\/v2\/product"}],"about":[{"href":"https:\/\/openbooks21.com\/pt\/wp-json\/wp\/v2\/types\/product"}],"wp:featuredmedia":[{"embeddable":true,"href":"https:\/\/openbooks21.com\/pt\/wp-json\/wp\/v2\/media\/23"}],"wp:attachment":[{"href":"https:\/\/openbooks21.com\/pt\/wp-json\/wp\/v2\/media?parent=22"}],"wp:term":[{"taxonomy":"product_brand","embeddable":true,"href":"https:\/\/openbooks21.com\/pt\/wp-json\/wp\/v2\/product_brand?post=22"},{"taxonomy":"product_cat","embeddable":true,"href":"https:\/\/openbooks21.com\/pt\/wp-json\/wp\/v2\/product_cat?post=22"},{"taxonomy":"product_tag","embeddable":true,"href":"https:\/\/openbooks21.com\/pt\/wp-json\/wp\/v2\/product_tag?post=22"}],"curies":[{"name":"wp","href":"https:\/\/api.w.org\/{rel}","templated":true}]}}