{"id":298,"date":"2024-05-01T18:57:27","date_gmt":"2024-05-01T16:57:27","guid":{"rendered":"https:\/\/openbooks21.com\/?post_type=product&#038;p=298"},"modified":"2026-03-08T01:48:50","modified_gmt":"2026-03-08T00:48:50","slug":"pack-defi-material-digital","status":"publish","type":"product","link":"https:\/\/openbooks21.com\/pt\/produto\/pack-defi-material-digital\/","title":{"rendered":"Pack D\u00e9fi (Material digital)"},"content":{"rendered":"<p><strong>D\u00e9fi<\/strong> \u00e9 composto por 3 n\u00edveis, \u00e9 um m\u00e9todo de franc\u00eas inovador, atraente e acess\u00edvel. Baseado em uma abordagem baseada em tarefas, este programa vai estimular a curiosidade dos alunos ao introduzir a cultura como um componente integral do aprendizado do idioma. Concebido para jovens e adultos com n\u00edveis A1-B1, D\u00e9fi oferece uma variedade de estrat\u00e9gias de leitura para melhorar a compreens\u00e3o dos materiais e fomentar a autonomia do aluno. Al\u00e9m disso, destaca-se por seu foco no aspecto intercultural como um elemento fundamental do curso.<\/p>\n<p><strong>O CONTE\u00daDO DE TODOS OS N\u00cdVEIS<\/strong><\/p>\n<table>\n<tbody>\n<tr>\n<td style=\"text-align: center;\" colspan=\"2\" width=\"566\"><strong>D\u00e9fi<\/strong><\/td>\n<\/tr>\n<tr>\n<td width=\"283\">\n<p style=\"text-align: center;\"><strong>D\u00e9fi 1 (A1)<\/strong><\/p>\n<\/td>\n<td width=\"283\">\n<p style=\"text-align: center;\"><strong>D\u00e9fi 2 (A2)<\/strong><\/p>\n<\/td>\n<\/tr>\n<tr>\n<td width=\"283\">\n<ul>\n<li>Livre D&#039;\u00e9l\u00e8ve (PDF)<\/li>\n<li>Cahier D&#039;exercice (PDF)<\/li>\n<li>Guide p\u00e9dagogique (PDF)<\/li>\n<li>Elimina Cahier (PDF)<\/li>\n<li>Cahier \u00c1udio<\/li>\n<li>Livre \u00c1udio<\/li>\n<li>V\u00eddeos<\/li>\n<\/ul>\n<\/td>\n<td width=\"283\">\n<ul>\n<li>Livre D&#039;\u00e9l\u00e8ve (PDF)<\/li>\n<li>Cahier D&#039;exercice (PDF)<\/li>\n<li>Guide p\u00e9dagogique (PDF)<\/li>\n<li>Elimina Cahier (PDF)<\/li>\n<li>Cahier \u00c1udio<\/li>\n<li>Livre \u00c1udio<\/li>\n<li>V\u00eddeos<\/li>\n<\/ul>\n<\/td>\n<\/tr>\n<tr>\n<td width=\"283\">\n<p style=\"text-align: center;\"><strong>D\u00e9fi 3 (B1)<\/strong><\/p>\n<\/td>\n<td width=\"283\"><\/td>\n<\/tr>\n<tr>\n<td width=\"283\">\n<ul>\n<li>Livre D&#039;\u00e9l\u00e8ve (PDF)<\/li>\n<li>Cahier D&#039;exercice (PDF)<\/li>\n<li>Guide p\u00e9dagogique (PDF)<\/li>\n<li>Cahier \u00c1udio<\/li>\n<li>Livre \u00c1udio<\/li>\n<\/ul>\n<\/td>\n<td width=\"283\"><\/td>\n<\/tr>\n<\/tbody>\n<\/table>","protected":false},"excerpt":{"rendered":"<p><strong>D\u00e9fi<\/strong> \u00e9 composto por 3 n\u00edveis, \u00e9 um m\u00e9todo de franc\u00eas inovador, atraente e acess\u00edvel. Baseado em uma abordagem baseada em tarefas, este programa vai estimular a curiosidade dos alunos ao introduzir a cultura como um componente integral do aprendizado do idioma.<\/p>","protected":false},"featured_media":299,"template":"","meta":{"_uag_custom_page_level_css":"","site-sidebar-layout":"default","site-content-layout":"","ast-site-content-layout":"default","site-content-style":"default","site-sidebar-style":"default","ast-global-header-display":"","ast-banner-title-visibility":"","ast-main-header-display":"","ast-hfb-above-header-display":"","ast-hfb-below-header-display":"","ast-hfb-mobile-header-display":"","site-post-title":"","ast-breadcrumbs-content":"","ast-featured-img":"","footer-sml-layout":"","theme-transparent-header-meta":"default","adv-header-id-meta":"","stick-header-meta":"","header-above-stick-meta":"","header-main-stick-meta":"","header-below-stick-meta":"","astra-migrate-meta-layouts":"set","ast-page-background-enabled":"default","ast-page-background-meta":{"desktop":{"background-color":"var(--ast-global-color-4)","background-image":"","background-repeat":"repeat","background-position":"center center","background-size":"auto","background-attachment":"scroll","background-type":"","background-media":"","overlay-type":"","overlay-color":"","overlay-opacity":"","overlay-gradient":""},"tablet":{"background-color":"","background-image":"","background-repeat":"repeat","background-position":"center center","background-size":"auto","background-attachment":"scroll","background-type":"","background-media":"","overlay-type":"","overlay-color":"","overlay-opacity":"","overlay-gradient":""},"mobile":{"background-color":"","background-image":"","background-repeat":"repeat","background-position":"center center","background-size":"auto","background-attachment":"scroll","background-type":"","background-media":"","overlay-type":"","overlay-color":"","overlay-opacity":"","overlay-gradient":""}},"ast-content-background-meta":{"desktop":{"background-color":"var(--ast-global-color-5)","background-image":"","background-repeat":"repeat","background-position":"center center","background-size":"auto","background-attachment":"scroll","background-type":"","background-media":"","overlay-type":"","overlay-color":"","overlay-opacity":"","overlay-gradient":""},"tablet":{"background-color":"var(--ast-global-color-5)","background-image":"","background-repeat":"repeat","background-position":"center center","background-size":"auto","background-attachment":"scroll","background-type":"","background-media":"","overlay-type":"","overlay-color":"","overlay-opacity":"","overlay-gradient":""},"mobile":{"background-color":"var(--ast-global-color-5)","background-image":"","background-repeat":"repeat","background-position":"center center","background-size":"auto","background-attachment":"scroll","background-type":"","background-media":"","overlay-type":"","overlay-color":"","overlay-opacity":"","overlay-gradient":""}}},"product_brand":[],"product_cat":[43],"product_tag":[52],"class_list":{"0":"post-298","1":"product","2":"type-product","3":"status-publish","4":"has-post-thumbnail","6":"product_cat-libros-frances-adultos","7":"product_tag-frances","8":"desktop-align-left","9":"tablet-align-left","10":"mobile-align-left","12":"first","13":"instock","14":"sale","15":"virtual","16":"purchasable","17":"product-type-simple"},"uagb_featured_image_src":{"full":["https:\/\/openbooks21.com\/wp-content\/uploads\/2024\/05\/defi.jpg",1025,1025,false],"thumbnail":["https:\/\/openbooks21.com\/wp-content\/uploads\/2024\/05\/defi-150x150.jpg",150,150,true],"medium":["https:\/\/openbooks21.com\/wp-content\/uploads\/2024\/05\/defi-300x300.jpg",300,300,true],"medium_large":["https:\/\/openbooks21.com\/wp-content\/uploads\/2024\/05\/defi-768x768.jpg",768,768,true],"large":["https:\/\/openbooks21.com\/wp-content\/uploads\/2024\/05\/defi.jpg",1024,1024,false],"1536x1536":["https:\/\/openbooks21.com\/wp-content\/uploads\/2024\/05\/defi.jpg",1025,1025,false],"2048x2048":["https:\/\/openbooks21.com\/wp-content\/uploads\/2024\/05\/defi.jpg",1025,1025,false],"trp-custom-language-flag":["https:\/\/openbooks21.com\/wp-content\/uploads\/2024\/05\/defi.jpg",12,12,false],"woocommerce_thumbnail":["https:\/\/openbooks21.com\/wp-content\/uploads\/2024\/05\/defi-300x300.jpg",300,300,true],"woocommerce_single":["https:\/\/openbooks21.com\/wp-content\/uploads\/2024\/05\/defi-600x600.jpg",600,600,true],"woocommerce_gallery_thumbnail":["https:\/\/openbooks21.com\/wp-content\/uploads\/2024\/05\/defi-100x100.jpg",100,100,true],"dgwt-wcas-product-suggestion":["https:\/\/openbooks21.com\/wp-content\/uploads\/2024\/05\/defi-64x64.jpg",64,64,true]},"uagb_author_info":{"display_name":"openbooks21.com","author_link":"https:\/\/openbooks21.com\/pt\/author\/"},"uagb_comment_info":0,"uagb_excerpt":"D\u00e9fi consta de 3 niveles, es un m\u00e9todo de franc\u00e9s innovador, atractivo y accesible. Basado en un enfoque centrado en tareas, este programa estimular\u00e1 la curiosidad de los estudiantes al introducir la cultura como un componente integral del aprendizaje del idioma.","jetpack_sharing_enabled":true,"_links":{"self":[{"href":"https:\/\/openbooks21.com\/pt\/wp-json\/wp\/v2\/product\/298","targetHints":{"allow":["GET"]}}],"collection":[{"href":"https:\/\/openbooks21.com\/pt\/wp-json\/wp\/v2\/product"}],"about":[{"href":"https:\/\/openbooks21.com\/pt\/wp-json\/wp\/v2\/types\/product"}],"wp:featuredmedia":[{"embeddable":true,"href":"https:\/\/openbooks21.com\/pt\/wp-json\/wp\/v2\/media\/299"}],"wp:attachment":[{"href":"https:\/\/openbooks21.com\/pt\/wp-json\/wp\/v2\/media?parent=298"}],"wp:term":[{"taxonomy":"product_brand","embeddable":true,"href":"https:\/\/openbooks21.com\/pt\/wp-json\/wp\/v2\/product_brand?post=298"},{"taxonomy":"product_cat","embeddable":true,"href":"https:\/\/openbooks21.com\/pt\/wp-json\/wp\/v2\/product_cat?post=298"},{"taxonomy":"product_tag","embeddable":true,"href":"https:\/\/openbooks21.com\/pt\/wp-json\/wp\/v2\/product_tag?post=298"}],"curies":[{"name":"wp","href":"https:\/\/api.w.org\/{rel}","templated":true}]}}