{"id":301,"date":"2024-05-01T19:28:18","date_gmt":"2024-05-01T17:28:18","guid":{"rendered":"https:\/\/openbooks21.com\/?post_type=product&#038;p=301"},"modified":"2025-12-01T01:49:44","modified_gmt":"2025-12-01T00:49:44","slug":"pack-edito-material-digital","status":"publish","type":"product","link":"https:\/\/openbooks21.com\/pt\/produto\/pack-edito-material-digital\/","title":{"rendered":"Pack \u00c9dito (Material digital)"},"content":{"rendered":"<p><strong>\u00c9dito<\/strong> oferece um programa completo de 4 n\u00edveis, que coloca os estudantes em franc\u00eas da vida cotidiana, permitindo-lhes descobrir as realidades franc\u00f3fonas atrav\u00e9s de documentos aut\u00eanticos. Al\u00e9m disso, centra-se na compreens\u00e3o de como a linguagem funciona atrav\u00e9s de uma aprendizagem guiada gram\u00e1tica. Al\u00e9m disso, fornece uma prepara\u00e7\u00e3o progressiva para o DELF e otimiza a memoriza\u00e7\u00e3o do vocabul\u00e1rio atrav\u00e9s de p\u00e1ginas dedicadas ao vocabul\u00e1rio, que oferecem um uso criativo e divertido de listas de palavras. Por \u00faltimo, cada unidade inclui uma &#039;oficina de media\u00e7\u00e3o&#039; para desenvolver as habilidades de media\u00e7\u00e3o dos estudantes.<\/p>\n<p><strong>O CONTE\u00daDO DE TODOS OS N\u00cdVEIS<\/strong><\/p>\n<table>\n<tbody>\n<tr>\n<td colspan=\"2\" width=\"566\">\n<p style=\"text-align: center;\"><strong>\u00c9dito<\/strong><\/p>\n<\/td>\n<\/tr>\n<tr>\n<td width=\"283\">\n<p style=\"text-align: center;\"><strong>\u00c9dito A1<\/strong> <strong>2e \u00e9dition<\/strong><\/p>\n<\/td>\n<td width=\"283\">\n<p style=\"text-align: center;\"><strong>\u00c9dito A2<\/strong> <strong>2e \u00e9dition<\/strong><\/p>\n<\/td>\n<\/tr>\n<tr>\n<td width=\"283\">\n<ul>\n<li>\u00c9dito Livre (PDF)<\/li>\n<li>\u00c9dito Livre \u00c1udio<\/li>\n<li>\u00c9dito Guide p\u00e9dagogique (PDF)<\/li>\n<li>\u00c9dito Guide p\u00e9dagogique \u00c1udio<\/li>\n<li>Eu Cahier (PDF)<\/li>\n<li>Eu Cahier \u00c1udio<\/li>\n<\/ul>\n<\/td>\n<td width=\"283\">\n<ul>\n<li style=\"text-align: left;\">\u00c9dito Livre (PDF)<\/li>\n<li style=\"text-align: left;\">\u00c9dito Livre \u00c1udio<\/li>\n<li style=\"text-align: left;\">\u00c9dito Cahier (PDF)<\/li>\n<li style=\"text-align: left;\">\u00c9dito Cahier \u00c1udio<\/li>\n<li style=\"text-align: left;\">\u00c9dito Guide p\u00e9dagogique (PDF)<\/li>\n<\/ul>\n<\/td>\n<\/tr>\n<tr>\n<td width=\"283\">\n<p style=\"text-align: center;\"><strong>\u00c9dito B1<\/strong> <strong>3e \u00e9dition<\/strong><\/p>\n<\/td>\n<td width=\"283\">\n<p style=\"text-align: center;\"><strong>\u00c9dito B2<\/strong> <strong>4e \u00e9dition<\/strong><\/p>\n<\/td>\n<\/tr>\n<tr>\n<td width=\"283\">\n<ul>\n<li>\u00c9dito Livre (PDF)<\/li>\n<li>\u00c9dito Livre \u00c1udio<\/li>\n<li>\u00c9dito Livre V\u00eddeo<\/li>\n<li>\u00c9dito Cahier (PDF)<\/li>\n<li>\u00c9dito Cahier \u00c1udio<\/li>\n<\/ul>\n<\/td>\n<td width=\"283\">\n<ul>\n<li>\u00c9dito Livre (PDF)<\/li>\n<li>\u00c9dito Livre \u00c1udio<\/li>\n<\/ul>\n<\/td>\n<\/tr>\n<\/tbody>\n<\/table>","protected":false},"excerpt":{"rendered":"<p><strong>\u00c9dito<\/strong> oferece um programa completo de 4 n\u00edveis, que coloca os estudantes em franc\u00eas da vida cotidiana, permitindo-lhes descobrir as realidades franc\u00f3fonas atrav\u00e9s de documentos aut\u00eanticos. Al\u00e9m disso, centra-se na compreens\u00e3o de como a linguagem funciona atrav\u00e9s de uma aprendizagem guiada gram\u00e1tica.<\/p>","protected":false},"featured_media":302,"template":"","meta":{"_uag_custom_page_level_css":"","site-sidebar-layout":"default","site-content-layout":"","ast-site-content-layout":"default","site-content-style":"default","site-sidebar-style":"default","ast-global-header-display":"","ast-banner-title-visibility":"","ast-main-header-display":"","ast-hfb-above-header-display":"","ast-hfb-below-header-display":"","ast-hfb-mobile-header-display":"","site-post-title":"","ast-breadcrumbs-content":"","ast-featured-img":"","footer-sml-layout":"","theme-transparent-header-meta":"default","adv-header-id-meta":"","stick-header-meta":"","header-above-stick-meta":"","header-main-stick-meta":"","header-below-stick-meta":"","astra-migrate-meta-layouts":"set","ast-page-background-enabled":"default","ast-page-background-meta":{"desktop":{"background-color":"var(--ast-global-color-4)","background-image":"","background-repeat":"repeat","background-position":"center center","background-size":"auto","background-attachment":"scroll","background-type":"","background-media":"","overlay-type":"","overlay-color":"","overlay-opacity":"","overlay-gradient":""},"tablet":{"background-color":"","background-image":"","background-repeat":"repeat","background-position":"center center","background-size":"auto","background-attachment":"scroll","background-type":"","background-media":"","overlay-type":"","overlay-color":"","overlay-opacity":"","overlay-gradient":""},"mobile":{"background-color":"","background-image":"","background-repeat":"repeat","background-position":"center center","background-size":"auto","background-attachment":"scroll","background-type":"","background-media":"","overlay-type":"","overlay-color":"","overlay-opacity":"","overlay-gradient":""}},"ast-content-background-meta":{"desktop":{"background-color":"var(--ast-global-color-5)","background-image":"","background-repeat":"repeat","background-position":"center center","background-size":"auto","background-attachment":"scroll","background-type":"","background-media":"","overlay-type":"","overlay-color":"","overlay-opacity":"","overlay-gradient":""},"tablet":{"background-color":"var(--ast-global-color-5)","background-image":"","background-repeat":"repeat","background-position":"center center","background-size":"auto","background-attachment":"scroll","background-type":"","background-media":"","overlay-type":"","overlay-color":"","overlay-opacity":"","overlay-gradient":""},"mobile":{"background-color":"var(--ast-global-color-5)","background-image":"","background-repeat":"repeat","background-position":"center center","background-size":"auto","background-attachment":"scroll","background-type":"","background-media":"","overlay-type":"","overlay-color":"","overlay-opacity":"","overlay-gradient":""}}},"product_brand":[],"product_cat":[43],"product_tag":[52],"class_list":{"0":"post-301","1":"product","2":"type-product","3":"status-publish","4":"has-post-thumbnail","6":"product_cat-libros-frances-adultos","7":"product_tag-frances","8":"desktop-align-left","9":"tablet-align-left","10":"mobile-align-left","12":"first","13":"instock","14":"sale","15":"virtual","16":"purchasable","17":"product-type-simple"},"uagb_featured_image_src":{"full":["https:\/\/openbooks21.com\/wp-content\/uploads\/2024\/05\/edito.jpg",1025,1025,false],"thumbnail":["https:\/\/openbooks21.com\/wp-content\/uploads\/2024\/05\/edito-150x150.jpg",150,150,true],"medium":["https:\/\/openbooks21.com\/wp-content\/uploads\/2024\/05\/edito-300x300.jpg",300,300,true],"medium_large":["https:\/\/openbooks21.com\/wp-content\/uploads\/2024\/05\/edito-768x768.jpg",768,768,true],"large":["https:\/\/openbooks21.com\/wp-content\/uploads\/2024\/05\/edito.jpg",1024,1024,false],"1536x1536":["https:\/\/openbooks21.com\/wp-content\/uploads\/2024\/05\/edito.jpg",1025,1025,false],"2048x2048":["https:\/\/openbooks21.com\/wp-content\/uploads\/2024\/05\/edito.jpg",1025,1025,false],"trp-custom-language-flag":["https:\/\/openbooks21.com\/wp-content\/uploads\/2024\/05\/edito.jpg",12,12,false],"woocommerce_thumbnail":["https:\/\/openbooks21.com\/wp-content\/uploads\/2024\/05\/edito-300x300.jpg",300,300,true],"woocommerce_single":["https:\/\/openbooks21.com\/wp-content\/uploads\/2024\/05\/edito-600x600.jpg",600,600,true],"woocommerce_gallery_thumbnail":["https:\/\/openbooks21.com\/wp-content\/uploads\/2024\/05\/edito-100x100.jpg",100,100,true],"dgwt-wcas-product-suggestion":["https:\/\/openbooks21.com\/wp-content\/uploads\/2024\/05\/edito-64x64.jpg",64,64,true]},"uagb_author_info":{"display_name":"openbooks21.com","author_link":"https:\/\/openbooks21.com\/pt\/author\/"},"uagb_comment_info":0,"uagb_excerpt":"\u00c9dito ofrece un programa completo de 4 niveles que sumerge a los estudiantes en el franc\u00e9s de la vida cotidiana, permiti\u00e9ndoles descubrir las realidades franc\u00f3fonas a trav\u00e9s de documentos aut\u00e9nticos. Adem\u00e1s, se enfoca en comprender c\u00f3mo funciona el lenguaje mediante un aprendizaje guiado de la gram\u00e1tica.","jetpack_sharing_enabled":true,"_links":{"self":[{"href":"https:\/\/openbooks21.com\/pt\/wp-json\/wp\/v2\/product\/301","targetHints":{"allow":["GET"]}}],"collection":[{"href":"https:\/\/openbooks21.com\/pt\/wp-json\/wp\/v2\/product"}],"about":[{"href":"https:\/\/openbooks21.com\/pt\/wp-json\/wp\/v2\/types\/product"}],"wp:featuredmedia":[{"embeddable":true,"href":"https:\/\/openbooks21.com\/pt\/wp-json\/wp\/v2\/media\/302"}],"wp:attachment":[{"href":"https:\/\/openbooks21.com\/pt\/wp-json\/wp\/v2\/media?parent=301"}],"wp:term":[{"taxonomy":"product_brand","embeddable":true,"href":"https:\/\/openbooks21.com\/pt\/wp-json\/wp\/v2\/product_brand?post=301"},{"taxonomy":"product_cat","embeddable":true,"href":"https:\/\/openbooks21.com\/pt\/wp-json\/wp\/v2\/product_cat?post=301"},{"taxonomy":"product_tag","embeddable":true,"href":"https:\/\/openbooks21.com\/pt\/wp-json\/wp\/v2\/product_tag?post=301"}],"curies":[{"name":"wp","href":"https:\/\/api.w.org\/{rel}","templated":true}]}}