{"id":332,"date":"2024-05-09T04:45:46","date_gmt":"2024-05-09T02:45:46","guid":{"rendered":"https:\/\/openbooks21.com\/?post_type=product&#038;p=332"},"modified":"2025-12-01T01:43:21","modified_gmt":"2025-12-01T00:43:21","slug":"aprende-aleman-con-el-metodo-vaughan-material-digital","status":"publish","type":"product","link":"https:\/\/openbooks21.com\/pt\/produto\/aprende-aleman-con-el-metodo-vaughan-material-digital\/","title":{"rendered":"Aprenda alem\u00e3o com o M\u00e9todo Vaughan (material digital)"},"content":{"rendered":"<p>Aprender alem\u00e3o \u00e9 uma porta de entrada para um mundo cheio de oportunidades. Voc\u00ea est\u00e1 pronto para embarcar nessa jornada com o M\u00e9todo Vaughan? Depois de mais de 35 anos ensinando ingl\u00eas com nossa abordagem de aprendizado, n\u00f3s nos aventuramos em outros idiomas, e nosso primeiro passo foi com o alem\u00e3o. Reunimos todos os recursos que fizeram do m\u00e9todo Vaughan uma refer\u00eancia no ensino de idiomas e os adaptamos \u00e0s necessidades e exig\u00eancias do idioma alem\u00e3o.<\/p>\n<p><strong>O CONTE\u00daDO DE TODOS OS N\u00cdVEIS<\/strong><\/p>\n<table>\n<tbody>\n<tr>\n<td width=\"566\">El Alem\u00e1n con el M\u00e9todo Vaughan<\/td>\n<\/tr>\n<tr>\n<td width=\"566\"><strong>Formato:<\/strong> Digital<\/p>\n<p><strong>Formato Audio:<\/strong> MP3<\/p>\n<p><strong>Autor:<\/strong> Varios Autores<\/p>\n<p><strong>Categor\u00eda:<\/strong> Alem\u00e3o<\/p>\n<p><strong>Idioma:<\/strong> Espa\u00f1ol<\/p>\n<p><strong>N\u00b0 p\u00e1ginas:<\/strong> 1815<\/p>\n<p><strong>Edici\u00f3n:<\/strong> Primera Edici\u00f3n<\/td>\n<\/tr>\n<\/tbody>\n<\/table>","protected":false},"excerpt":{"rendered":"<p>Aprender alem\u00e3o \u00e9 uma porta de entrada para um mundo cheio de oportunidades. Voc\u00ea est\u00e1 pronto para embarcar nessa jornada com o M\u00e9todo Vaughan? Depois de mais de 35 anos ensinando ingl\u00eas com nossa abordagem de aprendizado, n\u00f3s nos aventuramos em outros idiomas, e nosso primeiro passo foi com o alem\u00e3o.<\/p>","protected":false},"featured_media":334,"template":"","meta":{"_uag_custom_page_level_css":"","site-sidebar-layout":"default","site-content-layout":"","ast-site-content-layout":"default","site-content-style":"default","site-sidebar-style":"default","ast-global-header-display":"","ast-banner-title-visibility":"","ast-main-header-display":"","ast-hfb-above-header-display":"","ast-hfb-below-header-display":"","ast-hfb-mobile-header-display":"","site-post-title":"","ast-breadcrumbs-content":"","ast-featured-img":"","footer-sml-layout":"","theme-transparent-header-meta":"default","adv-header-id-meta":"","stick-header-meta":"","header-above-stick-meta":"","header-main-stick-meta":"","header-below-stick-meta":"","astra-migrate-meta-layouts":"set","ast-page-background-enabled":"default","ast-page-background-meta":{"desktop":{"background-color":"var(--ast-global-color-4)","background-image":"","background-repeat":"repeat","background-position":"center center","background-size":"auto","background-attachment":"scroll","background-type":"","background-media":"","overlay-type":"","overlay-color":"","overlay-opacity":"","overlay-gradient":""},"tablet":{"background-color":"","background-image":"","background-repeat":"repeat","background-position":"center center","background-size":"auto","background-attachment":"scroll","background-type":"","background-media":"","overlay-type":"","overlay-color":"","overlay-opacity":"","overlay-gradient":""},"mobile":{"background-color":"","background-image":"","background-repeat":"repeat","background-position":"center center","background-size":"auto","background-attachment":"scroll","background-type":"","background-media":"","overlay-type":"","overlay-color":"","overlay-opacity":"","overlay-gradient":""}},"ast-content-background-meta":{"desktop":{"background-color":"var(--ast-global-color-5)","background-image":"","background-repeat":"repeat","background-position":"center center","background-size":"auto","background-attachment":"scroll","background-type":"","background-media":"","overlay-type":"","overlay-color":"","overlay-opacity":"","overlay-gradient":""},"tablet":{"background-color":"var(--ast-global-color-5)","background-image":"","background-repeat":"repeat","background-position":"center center","background-size":"auto","background-attachment":"scroll","background-type":"","background-media":"","overlay-type":"","overlay-color":"","overlay-opacity":"","overlay-gradient":""},"mobile":{"background-color":"var(--ast-global-color-5)","background-image":"","background-repeat":"repeat","background-position":"center center","background-size":"auto","background-attachment":"scroll","background-type":"","background-media":"","overlay-type":"","overlay-color":"","overlay-opacity":"","overlay-gradient":""}}},"product_brand":[],"product_cat":[47],"product_tag":[51],"class_list":{"0":"post-332","1":"product","2":"type-product","3":"status-publish","4":"has-post-thumbnail","6":"product_cat-libros-aleman-adultos","7":"product_tag-aleman","8":"desktop-align-left","9":"tablet-align-left","10":"mobile-align-left","12":"first","13":"instock","14":"sale","15":"virtual","16":"purchasable","17":"product-type-simple"},"uagb_featured_image_src":{"full":["https:\/\/openbooks21.com\/wp-content\/uploads\/2024\/05\/vaug.jpg",1025,1025,false],"thumbnail":["https:\/\/openbooks21.com\/wp-content\/uploads\/2024\/05\/vaug-150x150.jpg",150,150,true],"medium":["https:\/\/openbooks21.com\/wp-content\/uploads\/2024\/05\/vaug-300x300.jpg",300,300,true],"medium_large":["https:\/\/openbooks21.com\/wp-content\/uploads\/2024\/05\/vaug-768x768.jpg",768,768,true],"large":["https:\/\/openbooks21.com\/wp-content\/uploads\/2024\/05\/vaug.jpg",1024,1024,false],"1536x1536":["https:\/\/openbooks21.com\/wp-content\/uploads\/2024\/05\/vaug.jpg",1025,1025,false],"2048x2048":["https:\/\/openbooks21.com\/wp-content\/uploads\/2024\/05\/vaug.jpg",1025,1025,false],"trp-custom-language-flag":["https:\/\/openbooks21.com\/wp-content\/uploads\/2024\/05\/vaug.jpg",12,12,false],"woocommerce_thumbnail":["https:\/\/openbooks21.com\/wp-content\/uploads\/2024\/05\/vaug-300x300.jpg",300,300,true],"woocommerce_single":["https:\/\/openbooks21.com\/wp-content\/uploads\/2024\/05\/vaug-600x600.jpg",600,600,true],"woocommerce_gallery_thumbnail":["https:\/\/openbooks21.com\/wp-content\/uploads\/2024\/05\/vaug-100x100.jpg",100,100,true],"dgwt-wcas-product-suggestion":["https:\/\/openbooks21.com\/wp-content\/uploads\/2024\/05\/vaug-64x64.jpg",64,64,true]},"uagb_author_info":{"display_name":"openbooks21.com","author_link":"https:\/\/openbooks21.com\/pt\/author\/"},"uagb_comment_info":0,"uagb_excerpt":"Aprender alem\u00e1n es una puerta a un mundo lleno de oportunidades. \u00bfEst\u00e1s listo para embarcarte en este viaje con el m\u00e9todo Vaughan? Despu\u00e9s de m\u00e1s de 35 a\u00f1os ense\u00f1ando ingl\u00e9s con nuestro enfoque de aprendizaje, nos hemos aventurado a aplicarlo a otros idiomas, y nuestro primer paso fue con el alem\u00e1n.","jetpack_sharing_enabled":true,"_links":{"self":[{"href":"https:\/\/openbooks21.com\/pt\/wp-json\/wp\/v2\/product\/332","targetHints":{"allow":["GET"]}}],"collection":[{"href":"https:\/\/openbooks21.com\/pt\/wp-json\/wp\/v2\/product"}],"about":[{"href":"https:\/\/openbooks21.com\/pt\/wp-json\/wp\/v2\/types\/product"}],"wp:featuredmedia":[{"embeddable":true,"href":"https:\/\/openbooks21.com\/pt\/wp-json\/wp\/v2\/media\/334"}],"wp:attachment":[{"href":"https:\/\/openbooks21.com\/pt\/wp-json\/wp\/v2\/media?parent=332"}],"wp:term":[{"taxonomy":"product_brand","embeddable":true,"href":"https:\/\/openbooks21.com\/pt\/wp-json\/wp\/v2\/product_brand?post=332"},{"taxonomy":"product_cat","embeddable":true,"href":"https:\/\/openbooks21.com\/pt\/wp-json\/wp\/v2\/product_cat?post=332"},{"taxonomy":"product_tag","embeddable":true,"href":"https:\/\/openbooks21.com\/pt\/wp-json\/wp\/v2\/product_tag?post=332"}],"curies":[{"name":"wp","href":"https:\/\/api.w.org\/{rel}","templated":true}]}}