{"id":402,"date":"2024-05-19T20:18:13","date_gmt":"2024-05-19T18:18:13","guid":{"rendered":"https:\/\/openbooks21.com\/?post_type=product&#038;p=402"},"modified":"2026-01-15T03:48:29","modified_gmt":"2026-01-15T02:48:29","slug":"pack-summit-third-edition-material-digital","status":"publish","type":"product","link":"https:\/\/openbooks21.com\/pt\/produto\/pack-summit-third-edition-material-digital\/","title":{"rendered":"Pack Summit Third Edition (Material digital)"},"content":{"rendered":"<p>Com sua nova apar\u00eancia, a terceira edi\u00e7\u00e3o do programa <strong>Summit Third Edition<\/strong>\u00a0ajuda a desenvolver os falantes de ingl\u00eas seguros de si mesmos que s\u00e3o capazes de navegar uma s\u00e9rie de situa\u00e7\u00f5es sociais e profissionais.<\/p>\n<p><strong>O CONTE\u00daDO DE TODOS OS N\u00cdVEIS<\/strong><\/p>\n<table>\n<tbody>\n<tr>\n<td colspan=\"2\" width=\"566\">\n<p style=\"text-align: center;\"><strong>SUMMIT THIRD EDITION<\/strong><\/p>\n<\/td>\n<\/tr>\n<tr>\n<td width=\"283\">\n<p style=\"text-align: center;\"><strong>Summit 1<\/strong><\/p>\n<\/td>\n<td width=\"283\">\n<p style=\"text-align: center;\"><strong>Summit 2<\/strong><\/p>\n<\/td>\n<\/tr>\n<tr>\n<td width=\"283\">\n<ul>\n<li>Students Book With Key (PDF)<\/li>\n<li>Teachers Book (PDF)<\/li>\n<li>Class \u00c1udio<\/li>\n<li>Resources (PDF)<\/li>\n<li>V\u00eddeos<\/li>\n<li>1A Students Book And Workbook (PDF)<\/li>\n<li>1B Students Book And Workbook (PDF)<\/li>\n<li>Active Teach <strong>(Software Interactivo)<\/strong><\/li>\n<\/ul>\n<\/td>\n<td width=\"283\">\n<ul>\n<li>Students Book With Key (PDF)<\/li>\n<li>Teachers Book (PDF)<\/li>\n<li>Class \u00c1udio<\/li>\n<li>Resources (PDF)<\/li>\n<li>V\u00eddeos<\/li>\n<li>2A Students Book And Workbook (PDF)<\/li>\n<li>2B Students Book And Workbook (PDF)<\/li>\n<li>Active Teach <strong>(Software Interactivo)<\/strong><\/li>\n<\/ul>\n<\/td>\n<\/tr>\n<\/tbody>\n<\/table>","protected":false},"excerpt":{"rendered":"<p>Com sua nova apar\u00eancia, a terceira edi\u00e7\u00e3o do programa <strong>Summit Third Edition<\/strong>\u00a0ajuda a desenvolver os falantes de ingl\u00eas seguros de si mesmos que s\u00e3o capazes de navegar uma s\u00e9rie de situa\u00e7\u00f5es sociais e profissionais.<\/p>","protected":false},"featured_media":403,"template":"","meta":{"_uag_custom_page_level_css":"","site-sidebar-layout":"default","site-content-layout":"","ast-site-content-layout":"default","site-content-style":"default","site-sidebar-style":"default","ast-global-header-display":"","ast-banner-title-visibility":"","ast-main-header-display":"","ast-hfb-above-header-display":"","ast-hfb-below-header-display":"","ast-hfb-mobile-header-display":"","site-post-title":"","ast-breadcrumbs-content":"","ast-featured-img":"","footer-sml-layout":"","theme-transparent-header-meta":"default","adv-header-id-meta":"","stick-header-meta":"","header-above-stick-meta":"","header-main-stick-meta":"","header-below-stick-meta":"","astra-migrate-meta-layouts":"set","ast-page-background-enabled":"default","ast-page-background-meta":{"desktop":{"background-color":"var(--ast-global-color-4)","background-image":"","background-repeat":"repeat","background-position":"center center","background-size":"auto","background-attachment":"scroll","background-type":"","background-media":"","overlay-type":"","overlay-color":"","overlay-opacity":"","overlay-gradient":""},"tablet":{"background-color":"","background-image":"","background-repeat":"repeat","background-position":"center center","background-size":"auto","background-attachment":"scroll","background-type":"","background-media":"","overlay-type":"","overlay-color":"","overlay-opacity":"","overlay-gradient":""},"mobile":{"background-color":"","background-image":"","background-repeat":"repeat","background-position":"center center","background-size":"auto","background-attachment":"scroll","background-type":"","background-media":"","overlay-type":"","overlay-color":"","overlay-opacity":"","overlay-gradient":""}},"ast-content-background-meta":{"desktop":{"background-color":"var(--ast-global-color-5)","background-image":"","background-repeat":"repeat","background-position":"center center","background-size":"auto","background-attachment":"scroll","background-type":"","background-media":"","overlay-type":"","overlay-color":"","overlay-opacity":"","overlay-gradient":""},"tablet":{"background-color":"var(--ast-global-color-5)","background-image":"","background-repeat":"repeat","background-position":"center center","background-size":"auto","background-attachment":"scroll","background-type":"","background-media":"","overlay-type":"","overlay-color":"","overlay-opacity":"","overlay-gradient":""},"mobile":{"background-color":"var(--ast-global-color-5)","background-image":"","background-repeat":"repeat","background-position":"center center","background-size":"auto","background-attachment":"scroll","background-type":"","background-media":"","overlay-type":"","overlay-color":"","overlay-opacity":"","overlay-gradient":""}}},"product_brand":[],"product_cat":[16,77,78],"product_tag":[49,79],"class_list":{"0":"post-402","1":"product","2":"type-product","3":"status-publish","4":"has-post-thumbnail","6":"product_cat-ingles-americano-adultos","7":"product_cat-interactivo","8":"product_cat-software-interactivo","9":"product_tag-ingles-americano","10":"product_tag-interactivo","11":"desktop-align-left","12":"tablet-align-left","13":"mobile-align-left","15":"first","16":"instock","17":"sale","18":"virtual","19":"purchasable","20":"product-type-simple"},"uagb_featured_image_src":{"full":["https:\/\/openbooks21.com\/wp-content\/uploads\/2024\/05\/SUMMIT.jpg",1025,1025,false],"thumbnail":["https:\/\/openbooks21.com\/wp-content\/uploads\/2024\/05\/SUMMIT-150x150.jpg",150,150,true],"medium":["https:\/\/openbooks21.com\/wp-content\/uploads\/2024\/05\/SUMMIT-300x300.jpg",300,300,true],"medium_large":["https:\/\/openbooks21.com\/wp-content\/uploads\/2024\/05\/SUMMIT-768x768.jpg",768,768,true],"large":["https:\/\/openbooks21.com\/wp-content\/uploads\/2024\/05\/SUMMIT.jpg",1024,1024,false],"1536x1536":["https:\/\/openbooks21.com\/wp-content\/uploads\/2024\/05\/SUMMIT.jpg",1025,1025,false],"2048x2048":["https:\/\/openbooks21.com\/wp-content\/uploads\/2024\/05\/SUMMIT.jpg",1025,1025,false],"trp-custom-language-flag":["https:\/\/openbooks21.com\/wp-content\/uploads\/2024\/05\/SUMMIT.jpg",12,12,false],"woocommerce_thumbnail":["https:\/\/openbooks21.com\/wp-content\/uploads\/2024\/05\/SUMMIT-300x300.jpg",300,300,true],"woocommerce_single":["https:\/\/openbooks21.com\/wp-content\/uploads\/2024\/05\/SUMMIT-600x600.jpg",600,600,true],"woocommerce_gallery_thumbnail":["https:\/\/openbooks21.com\/wp-content\/uploads\/2024\/05\/SUMMIT-100x100.jpg",100,100,true],"dgwt-wcas-product-suggestion":["https:\/\/openbooks21.com\/wp-content\/uploads\/2024\/05\/SUMMIT-64x64.jpg",64,64,true]},"uagb_author_info":{"display_name":"openbooks21.com","author_link":"https:\/\/openbooks21.com\/pt\/author\/"},"uagb_comment_info":0,"uagb_excerpt":"Con su nueva apariencia, la tercera edici\u00f3n del programa Summit Third Edition\u00a0ayuda a desarrollar hablantes de ingl\u00e9s seguros de s\u00ed mismos que sean capaces de navegar una serie de situaciones sociales y profesionales.","jetpack_sharing_enabled":true,"_links":{"self":[{"href":"https:\/\/openbooks21.com\/pt\/wp-json\/wp\/v2\/product\/402","targetHints":{"allow":["GET"]}}],"collection":[{"href":"https:\/\/openbooks21.com\/pt\/wp-json\/wp\/v2\/product"}],"about":[{"href":"https:\/\/openbooks21.com\/pt\/wp-json\/wp\/v2\/types\/product"}],"wp:featuredmedia":[{"embeddable":true,"href":"https:\/\/openbooks21.com\/pt\/wp-json\/wp\/v2\/media\/403"}],"wp:attachment":[{"href":"https:\/\/openbooks21.com\/pt\/wp-json\/wp\/v2\/media?parent=402"}],"wp:term":[{"taxonomy":"product_brand","embeddable":true,"href":"https:\/\/openbooks21.com\/pt\/wp-json\/wp\/v2\/product_brand?post=402"},{"taxonomy":"product_cat","embeddable":true,"href":"https:\/\/openbooks21.com\/pt\/wp-json\/wp\/v2\/product_cat?post=402"},{"taxonomy":"product_tag","embeddable":true,"href":"https:\/\/openbooks21.com\/pt\/wp-json\/wp\/v2\/product_tag?post=402"}],"curies":[{"name":"wp","href":"https:\/\/api.w.org\/{rel}","templated":true}]}}