{"id":557,"date":"2024-08-16T05:57:20","date_gmt":"2024-08-16T03:57:20","guid":{"rendered":"https:\/\/openbooks21.com\/?post_type=product&#038;p=557"},"modified":"2025-12-01T01:24:01","modified_gmt":"2025-12-01T00:24:01","slug":"business-result-2nd-edition-material-digital","status":"publish","type":"product","link":"https:\/\/openbooks21.com\/pt\/produto\/business-result-2nd-edition-material-digital\/","title":{"rendered":"Pack Business Result 2nd Edition (Material digital)"},"content":{"rendered":"<p><strong>Business Result<\/strong> est\u00e1 conformado por 6 niveles, para los profesionales de negocios que buscan avanzar en sus carreras a trav\u00e9s de la mejora de su ingl\u00e9s, Business Result Second Edition es un curso pr\u00e1ctico de ingl\u00e9s comercial que se centra en habilidades de comunicaci\u00f3n reales y relevantes que pueden usar de inmediato en el lugar de trabajo.<\/p>\n<p><strong>O CONTE\u00daDO DE TODOS OS N\u00cdVEIS<\/strong><\/p>\n<table>\n<tbody>\n<tr>\n<td colspan=\"3\" width=\"566\">\n<p style=\"text-align: center;\"><strong>Business Result 2nd Edition<\/strong><\/p>\n<\/td>\n<\/tr>\n<tr>\n<td width=\"189\">\n<p style=\"text-align: center;\"><strong>Business Result Starter<\/strong><\/p>\n<\/td>\n<td width=\"189\">\n<p style=\"text-align: center;\"><strong>Business Result Elementary<\/strong><\/p>\n<\/td>\n<td width=\"189\">\n<p style=\"text-align: center;\"><strong>Business Result Pre-Intermediate<\/strong><\/p>\n<\/td>\n<\/tr>\n<tr>\n<td width=\"189\">\n<ul>\n<li>Student&#8217;s Book (PDF)<\/li>\n<li>Teacher&#039;s Book (PDF)<\/li>\n<li>Audio<\/li>\n<li>V\u00eddeos<\/li>\n<\/ul>\n<\/td>\n<td width=\"189\">\n<ul>\n<li>Student&#8217;s Book (PDF)<\/li>\n<li>Teacher&#039;s Book (PDF)<\/li>\n<li>Reading Files (PDFs)<\/li>\n<li>Audio<\/li>\n<li>V\u00eddeos<\/li>\n<\/ul>\n<\/td>\n<td width=\"189\">\n<ul>\n<li>Student&#8217;s Book (PDF)<\/li>\n<li>Teacher&#039;s Book (PDF)<\/li>\n<li>Reading Files (PDFs)<\/li>\n<li>Audio<\/li>\n<li>V\u00eddeos<\/li>\n<\/ul>\n<\/td>\n<\/tr>\n<tr>\n<td width=\"189\">\n<p style=\"text-align: center;\"><strong>Business Result Intermediate<\/strong><\/p>\n<\/td>\n<td width=\"189\">\n<p style=\"text-align: center;\"><strong>Business Result Upper Intermediate<\/strong><\/p>\n<\/td>\n<td width=\"189\">\n<p style=\"text-align: center;\"><strong>Business Result Advanced<\/strong><\/p>\n<\/td>\n<\/tr>\n<tr>\n<td width=\"189\">\n<ul>\n<li>Student&#8217;s Book (PDF)<\/li>\n<li>Teacher&#039;s Book (PDF)<\/li>\n<li>Reading Files (PDFs)<\/li>\n<li>Audio<\/li>\n<li>V\u00eddeos<\/li>\n<\/ul>\n<\/td>\n<td width=\"189\">\n<ul>\n<li>Student&#8217;s Book (PDF)<\/li>\n<li>Teacher&#039;s Book (PDF)<\/li>\n<li>Reading Files (PDFs)<\/li>\n<li>Audio<\/li>\n<li>V\u00eddeos<\/li>\n<\/ul>\n<\/td>\n<td width=\"189\">\n<ul>\n<li>Student&#8217;s Book (PDF)<\/li>\n<li>Teacher&#039;s Book (PDF)<\/li>\n<li>Reading Files (PDFs)<\/li>\n<li>Audio<\/li>\n<li>V\u00eddeos<\/li>\n<\/ul>\n<\/td>\n<\/tr>\n<\/tbody>\n<\/table>","protected":false},"excerpt":{"rendered":"<p><strong>Business Result<\/strong> est\u00e1 conformado por 6 niveles, para los profesionales de negocios que buscan avanzar en sus carreras a trav\u00e9s de la mejora de su ingl\u00e9s.<\/p>","protected":false},"featured_media":559,"template":"","meta":{"_uag_custom_page_level_css":"","site-sidebar-layout":"default","site-content-layout":"","ast-site-content-layout":"default","site-content-style":"default","site-sidebar-style":"default","ast-global-header-display":"","ast-banner-title-visibility":"","ast-main-header-display":"","ast-hfb-above-header-display":"","ast-hfb-below-header-display":"","ast-hfb-mobile-header-display":"","site-post-title":"","ast-breadcrumbs-content":"","ast-featured-img":"","footer-sml-layout":"","ast-disable-related-posts":"","theme-transparent-header-meta":"default","adv-header-id-meta":"","stick-header-meta":"","header-above-stick-meta":"","header-main-stick-meta":"","header-below-stick-meta":"","astra-migrate-meta-layouts":"set","ast-page-background-enabled":"default","ast-page-background-meta":{"desktop":{"background-color":"var(--ast-global-color-4)","background-image":"","background-repeat":"repeat","background-position":"center center","background-size":"auto","background-attachment":"scroll","background-type":"","background-media":"","overlay-type":"","overlay-color":"","overlay-opacity":"","overlay-gradient":""},"tablet":{"background-color":"","background-image":"","background-repeat":"repeat","background-position":"center center","background-size":"auto","background-attachment":"scroll","background-type":"","background-media":"","overlay-type":"","overlay-color":"","overlay-opacity":"","overlay-gradient":""},"mobile":{"background-color":"","background-image":"","background-repeat":"repeat","background-position":"center center","background-size":"auto","background-attachment":"scroll","background-type":"","background-media":"","overlay-type":"","overlay-color":"","overlay-opacity":"","overlay-gradient":""}},"ast-content-background-meta":{"desktop":{"background-color":"var(--ast-global-color-5)","background-image":"","background-repeat":"repeat","background-position":"center center","background-size":"auto","background-attachment":"scroll","background-type":"","background-media":"","overlay-type":"","overlay-color":"","overlay-opacity":"","overlay-gradient":""},"tablet":{"background-color":"var(--ast-global-color-5)","background-image":"","background-repeat":"repeat","background-position":"center center","background-size":"auto","background-attachment":"scroll","background-type":"","background-media":"","overlay-type":"","overlay-color":"","overlay-opacity":"","overlay-gradient":""},"mobile":{"background-color":"var(--ast-global-color-5)","background-image":"","background-repeat":"repeat","background-position":"center center","background-size":"auto","background-attachment":"scroll","background-type":"","background-media":"","overlay-type":"","overlay-color":"","overlay-opacity":"","overlay-gradient":""}}},"product_brand":[],"product_cat":[64],"product_tag":[65],"class_list":{"0":"post-557","1":"product","2":"type-product","3":"status-publish","4":"has-post-thumbnail","6":"product_cat-business-books","7":"product_tag-business","8":"desktop-align-left","9":"tablet-align-left","10":"mobile-align-left","12":"first","13":"instock","14":"sale","15":"virtual","16":"purchasable","17":"product-type-simple"},"uagb_featured_image_src":{"full":["https:\/\/openbooks21.com\/wp-content\/uploads\/2024\/08\/Business-Result.jpg",1025,1025,false],"thumbnail":["https:\/\/openbooks21.com\/wp-content\/uploads\/2024\/08\/Business-Result-150x150.jpg",150,150,true],"medium":["https:\/\/openbooks21.com\/wp-content\/uploads\/2024\/08\/Business-Result-300x300.jpg",300,300,true],"medium_large":["https:\/\/openbooks21.com\/wp-content\/uploads\/2024\/08\/Business-Result-768x768.jpg",768,768,true],"large":["https:\/\/openbooks21.com\/wp-content\/uploads\/2024\/08\/Business-Result.jpg",1024,1024,false],"1536x1536":["https:\/\/openbooks21.com\/wp-content\/uploads\/2024\/08\/Business-Result.jpg",1025,1025,false],"2048x2048":["https:\/\/openbooks21.com\/wp-content\/uploads\/2024\/08\/Business-Result.jpg",1025,1025,false],"trp-custom-language-flag":["https:\/\/openbooks21.com\/wp-content\/uploads\/2024\/08\/Business-Result-12x12.jpg",12,12,true],"woocommerce_thumbnail":["https:\/\/openbooks21.com\/wp-content\/uploads\/2024\/08\/Business-Result-300x300.jpg",300,300,true],"woocommerce_single":["https:\/\/openbooks21.com\/wp-content\/uploads\/2024\/08\/Business-Result-600x600.jpg",600,600,true],"woocommerce_gallery_thumbnail":["https:\/\/openbooks21.com\/wp-content\/uploads\/2024\/08\/Business-Result-100x100.jpg",100,100,true],"dgwt-wcas-product-suggestion":["https:\/\/openbooks21.com\/wp-content\/uploads\/2024\/08\/Business-Result-64x64.jpg",64,64,true]},"uagb_author_info":{"display_name":"openbooks21.com","author_link":"https:\/\/openbooks21.com\/pt\/author\/"},"uagb_comment_info":0,"uagb_excerpt":"Business Result est\u00e1 conformado por 6 niveles, para los profesionales de negocios que buscan avanzar en sus carreras a trav\u00e9s de la mejora de su ingl\u00e9s.","jetpack_sharing_enabled":true,"_links":{"self":[{"href":"https:\/\/openbooks21.com\/pt\/wp-json\/wp\/v2\/product\/557","targetHints":{"allow":["GET"]}}],"collection":[{"href":"https:\/\/openbooks21.com\/pt\/wp-json\/wp\/v2\/product"}],"about":[{"href":"https:\/\/openbooks21.com\/pt\/wp-json\/wp\/v2\/types\/product"}],"wp:featuredmedia":[{"embeddable":true,"href":"https:\/\/openbooks21.com\/pt\/wp-json\/wp\/v2\/media\/559"}],"wp:attachment":[{"href":"https:\/\/openbooks21.com\/pt\/wp-json\/wp\/v2\/media?parent=557"}],"wp:term":[{"taxonomy":"product_brand","embeddable":true,"href":"https:\/\/openbooks21.com\/pt\/wp-json\/wp\/v2\/product_brand?post=557"},{"taxonomy":"product_cat","embeddable":true,"href":"https:\/\/openbooks21.com\/pt\/wp-json\/wp\/v2\/product_cat?post=557"},{"taxonomy":"product_tag","embeddable":true,"href":"https:\/\/openbooks21.com\/pt\/wp-json\/wp\/v2\/product_tag?post=557"}],"curies":[{"name":"wp","href":"https:\/\/api.w.org\/{rel}","templated":true}]}}