{"id":596,"date":"2024-08-27T18:44:35","date_gmt":"2024-08-27T16:44:35","guid":{"rendered":"https:\/\/openbooks21.com\/?post_type=product&#038;p=596"},"modified":"2026-03-08T01:12:52","modified_gmt":"2026-03-08T00:12:52","slug":"pack-cutting-edge-third-edition-material-digital","status":"publish","type":"product","link":"https:\/\/openbooks21.com\/pt\/produto\/pack-cutting-edge-third-edition-material-digital\/","title":{"rendered":"Pack CUTTING EDGE THIRD EDITION (Material digital)"},"content":{"rendered":"<p><strong>Cutting Edge<\/strong> esta conformado por 6 niveles, es un curso comunicativo con un enfoque basado en tareas que ayuda a los estudiantes a lograr sus objetivos. La pr\u00e1ctica contextualizada de la gram\u00e1tica y el vocabulario hace que el proceso de aprendizaje sea m\u00e1s memorable y atractivo.<\/p>\n<p><strong>O CONTE\u00daDO DE TODOS OS N\u00cdVEIS<\/strong><\/p>\n<table width=\"662\">\n<tbody>\n<tr>\n<td colspan=\"3\" width=\"662\">\n<p style=\"text-align: center;\"><strong>CUTTING EDGE THIRD EDITION<\/strong><\/p>\n<\/td>\n<\/tr>\n<tr>\n<td width=\"217\">\n<p style=\"text-align: center;\"><strong>Cutting Edge Starter<\/strong><\/p>\n<\/td>\n<td width=\"227\">\n<p style=\"text-align: center;\"><strong>Cutting Edge Elementary<\/strong><\/p>\n<\/td>\n<td width=\"217\">\n<p style=\"text-align: center;\"><strong>Cutting Edge Pre-Intermediate<\/strong><\/p>\n<\/td>\n<\/tr>\n<tr>\n<td width=\"217\">\n<ul>\n<li>Student&#8217;s book (PDF)<\/li>\n<li>Class Audio CDs<\/li>\n<li>Video<\/li>\n<li>DVD-Rom<\/li>\n<li>Workbook (PDF)<\/li>\n<li>Workbook Audio<\/li>\n<li>Workbook Answer Keys (PDF)<\/li>\n<li>Photocopiables (PDF)<\/li>\n<li>Testes (PDF)<\/li>\n<li>Resource Book (PDF)<\/li>\n<li>Teacher&#8217;s Resource Disk (PDF)<\/li>\n<\/ul>\n<\/td>\n<td width=\"227\">\n<ul>\n<li>Student&#8217;s book (PDF)<\/li>\n<li>Class Audio CDs<\/li>\n<li>Video<\/li>\n<li>DVD-Rom<\/li>\n<li>Workbook (PDF)<\/li>\n<li>Workbook Audio<\/li>\n<li>Workbook Answer Keys (PDF)<\/li>\n<li>Photocopiables (PDF)<\/li>\n<li>Testes (PDF)<\/li>\n<li>Resource Book (PDF)<\/li>\n<li>Teacher&#8217;s Resource Disk (PDF)<\/li>\n<\/ul>\n<\/td>\n<td width=\"217\">\n<ul>\n<li>Student&#8217;s book (PDF)<\/li>\n<li>Class Audio CDs<\/li>\n<li>Video<\/li>\n<li>DVD-Rom<\/li>\n<li>Workbook (PDF)<\/li>\n<li>Workbook Audio<\/li>\n<li>Workbook Answer Keys (PDF)<\/li>\n<li>Photocopiables (PDF)<\/li>\n<li>Testes (PDF)<\/li>\n<li>Resource Book (PDF)<\/li>\n<li>Teacher&#8217;s Resource Disk (PDF)<\/li>\n<\/ul>\n<\/td>\n<\/tr>\n<tr>\n<td width=\"217\">\n<p style=\"text-align: center;\"><strong>Cutting Edge Intermediate<\/strong><\/p>\n<\/td>\n<td width=\"227\">\n<p style=\"text-align: center;\"><strong>Cutting Edge Upper-Intermediate<\/strong><\/p>\n<\/td>\n<td width=\"217\">\n<p style=\"text-align: center;\"><strong>Cutting Edge Advanced<\/strong><\/p>\n<\/td>\n<\/tr>\n<tr>\n<td width=\"217\">\n<ul>\n<li>Student&#8217;s book (PDF)<\/li>\n<li>Class Audio CDs<\/li>\n<li>Video<\/li>\n<li>DVD-Rom<\/li>\n<li>Workbook (PDF)<\/li>\n<li>Workbook Audio<\/li>\n<li>Workbook Answer Keys (PDF)<\/li>\n<li>Photocopiables (PDF)<\/li>\n<li>Testes (PDF)<\/li>\n<li>Resource Book (PDF)<\/li>\n<li>Teacher&#8217;s Resource Disk (PDF)<\/li>\n<\/ul>\n<\/td>\n<td width=\"227\">\n<ul>\n<li>Student&#8217;s book (PDF)<\/li>\n<li>Class Audio CDs<\/li>\n<li>Video<\/li>\n<li>DVD-Rom<\/li>\n<li>Workbook (PDF)<\/li>\n<li>Workbook Audio<\/li>\n<li>Workbook Answer Keys (PDF)<\/li>\n<li>Photocopiables (PDF)<\/li>\n<li>Testes (PDF)<\/li>\n<li>Resource Book (PDF)<\/li>\n<li>Teacher&#8217;s Resource Disk (PDF)<\/li>\n<\/ul>\n<\/td>\n<td width=\"217\">\n<ul>\n<li>Student&#8217;s book (PDF)<\/li>\n<li>Class Audio CDs<\/li>\n<li>DVD-Rom<\/li>\n<li>Workbook (PDF)<\/li>\n<li>Workbook Audio<\/li>\n<li>Workbook Answer Keys (PDF)<\/li>\n<li>Photocopiables (PDF)<\/li>\n<li>Testes (PDF)<\/li>\n<li>Resource Book (PDF)<\/li>\n<li>Teacher&#8217;s Resource Disk (PDF)<\/li>\n<\/ul>\n<\/td>\n<\/tr>\n<\/tbody>\n<\/table>","protected":false},"excerpt":{"rendered":"<p><strong>Cutting Edge<\/strong> esta conformado por 6 niveles, es un curso comunicativo con un enfoque basado en tareas que ayuda a los estudiantes a lograr sus objetivos.<\/p>","protected":false},"featured_media":597,"template":"","meta":{"_uag_custom_page_level_css":"","site-sidebar-layout":"default","site-content-layout":"","ast-site-content-layout":"default","site-content-style":"default","site-sidebar-style":"default","ast-global-header-display":"","ast-banner-title-visibility":"","ast-main-header-display":"","ast-hfb-above-header-display":"","ast-hfb-below-header-display":"","ast-hfb-mobile-header-display":"","site-post-title":"","ast-breadcrumbs-content":"","ast-featured-img":"","footer-sml-layout":"","ast-disable-related-posts":"","theme-transparent-header-meta":"default","adv-header-id-meta":"","stick-header-meta":"","header-above-stick-meta":"","header-main-stick-meta":"","header-below-stick-meta":"","astra-migrate-meta-layouts":"set","ast-page-background-enabled":"default","ast-page-background-meta":{"desktop":{"background-color":"var(--ast-global-color-4)","background-image":"","background-repeat":"repeat","background-position":"center center","background-size":"auto","background-attachment":"scroll","background-type":"","background-media":"","overlay-type":"","overlay-color":"","overlay-opacity":"","overlay-gradient":""},"tablet":{"background-color":"","background-image":"","background-repeat":"repeat","background-position":"center center","background-size":"auto","background-attachment":"scroll","background-type":"","background-media":"","overlay-type":"","overlay-color":"","overlay-opacity":"","overlay-gradient":""},"mobile":{"background-color":"","background-image":"","background-repeat":"repeat","background-position":"center center","background-size":"auto","background-attachment":"scroll","background-type":"","background-media":"","overlay-type":"","overlay-color":"","overlay-opacity":"","overlay-gradient":""}},"ast-content-background-meta":{"desktop":{"background-color":"var(--ast-global-color-5)","background-image":"","background-repeat":"repeat","background-position":"center center","background-size":"auto","background-attachment":"scroll","background-type":"","background-media":"","overlay-type":"","overlay-color":"","overlay-opacity":"","overlay-gradient":""},"tablet":{"background-color":"var(--ast-global-color-5)","background-image":"","background-repeat":"repeat","background-position":"center center","background-size":"auto","background-attachment":"scroll","background-type":"","background-media":"","overlay-type":"","overlay-color":"","overlay-opacity":"","overlay-gradient":""},"mobile":{"background-color":"var(--ast-global-color-5)","background-image":"","background-repeat":"repeat","background-position":"center center","background-size":"auto","background-attachment":"scroll","background-type":"","background-media":"","overlay-type":"","overlay-color":"","overlay-opacity":"","overlay-gradient":""}}},"product_brand":[],"product_cat":[17],"product_tag":[50],"class_list":{"0":"post-596","1":"product","2":"type-product","3":"status-publish","4":"has-post-thumbnail","6":"product_cat-ingles-britanico-adultos","7":"product_tag-ingles-britanico","8":"desktop-align-left","9":"tablet-align-left","10":"mobile-align-left","12":"first","13":"instock","14":"sale","15":"virtual","16":"purchasable","17":"product-type-simple"},"uagb_featured_image_src":{"full":["https:\/\/openbooks21.com\/wp-content\/uploads\/2024\/08\/CUTTING.jpg",1025,1025,false],"thumbnail":["https:\/\/openbooks21.com\/wp-content\/uploads\/2024\/08\/CUTTING-150x150.jpg",150,150,true],"medium":["https:\/\/openbooks21.com\/wp-content\/uploads\/2024\/08\/CUTTING-300x300.jpg",300,300,true],"medium_large":["https:\/\/openbooks21.com\/wp-content\/uploads\/2024\/08\/CUTTING-768x768.jpg",768,768,true],"large":["https:\/\/openbooks21.com\/wp-content\/uploads\/2024\/08\/CUTTING.jpg",1024,1024,false],"1536x1536":["https:\/\/openbooks21.com\/wp-content\/uploads\/2024\/08\/CUTTING.jpg",1025,1025,false],"2048x2048":["https:\/\/openbooks21.com\/wp-content\/uploads\/2024\/08\/CUTTING.jpg",1025,1025,false],"trp-custom-language-flag":["https:\/\/openbooks21.com\/wp-content\/uploads\/2024\/08\/CUTTING-12x12.jpg",12,12,true],"woocommerce_thumbnail":["https:\/\/openbooks21.com\/wp-content\/uploads\/2024\/08\/CUTTING-300x300.jpg",300,300,true],"woocommerce_single":["https:\/\/openbooks21.com\/wp-content\/uploads\/2024\/08\/CUTTING-600x600.jpg",600,600,true],"woocommerce_gallery_thumbnail":["https:\/\/openbooks21.com\/wp-content\/uploads\/2024\/08\/CUTTING-100x100.jpg",100,100,true],"dgwt-wcas-product-suggestion":["https:\/\/openbooks21.com\/wp-content\/uploads\/2024\/08\/CUTTING-64x64.jpg",64,64,true]},"uagb_author_info":{"display_name":"openbooks21.com","author_link":"https:\/\/openbooks21.com\/pt\/author\/"},"uagb_comment_info":0,"uagb_excerpt":"Cutting Edge esta conformado por 6 niveles, es un curso comunicativo con un enfoque basado en tareas que ayuda a los estudiantes a lograr sus objetivos.","jetpack_sharing_enabled":true,"_links":{"self":[{"href":"https:\/\/openbooks21.com\/pt\/wp-json\/wp\/v2\/product\/596","targetHints":{"allow":["GET"]}}],"collection":[{"href":"https:\/\/openbooks21.com\/pt\/wp-json\/wp\/v2\/product"}],"about":[{"href":"https:\/\/openbooks21.com\/pt\/wp-json\/wp\/v2\/types\/product"}],"wp:featuredmedia":[{"embeddable":true,"href":"https:\/\/openbooks21.com\/pt\/wp-json\/wp\/v2\/media\/597"}],"wp:attachment":[{"href":"https:\/\/openbooks21.com\/pt\/wp-json\/wp\/v2\/media?parent=596"}],"wp:term":[{"taxonomy":"product_brand","embeddable":true,"href":"https:\/\/openbooks21.com\/pt\/wp-json\/wp\/v2\/product_brand?post=596"},{"taxonomy":"product_cat","embeddable":true,"href":"https:\/\/openbooks21.com\/pt\/wp-json\/wp\/v2\/product_cat?post=596"},{"taxonomy":"product_tag","embeddable":true,"href":"https:\/\/openbooks21.com\/pt\/wp-json\/wp\/v2\/product_tag?post=596"}],"curies":[{"name":"wp","href":"https:\/\/api.w.org\/{rel}","templated":true}]}}