{"id":689,"date":"2024-09-26T08:08:00","date_gmt":"2024-09-26T06:08:00","guid":{"rendered":"https:\/\/openbooks21.com\/?post_type=product&#038;p=689"},"modified":"2026-03-08T01:05:05","modified_gmt":"2026-03-08T00:05:05","slug":"pack-super-minds-2nd-edition","status":"publish","type":"product","link":"https:\/\/openbooks21.com\/pt\/produto\/pack-super-minds-2nd-edition\/","title":{"rendered":"Pack Super Minds 2nd Edition (Material digital)"},"content":{"rendered":"<p><strong>Super Minds 2nd Edition<\/strong> es una nueva edici\u00f3n completamente actualizada y mejorada de un curso de ingl\u00e9s muy apreciado por este reconocido equipo de autores. Combina una rica experiencia de aprendizaje con la investigaci\u00f3n pedag\u00f3gica m\u00e1s reciente.<\/p>\n<p><strong>O CONTE\u00daDO DE TODOS OS N\u00cdVEIS<\/strong><\/p>\n<table>\n<tbody>\n<tr>\n<td colspan=\"3\" width=\"566\">\n<p style=\"text-align: center;\"><strong>SUPER MINDS 2ND EDITION<\/strong><\/p>\n<\/td>\n<\/tr>\n<tr>\n<td width=\"189\">\n<p style=\"text-align: center;\"><strong>SUPER MINDS STARTER<\/strong><\/p>\n<\/td>\n<td width=\"189\">\n<p style=\"text-align: center;\"><strong>SUPER MINDS 1<\/strong><\/p>\n<\/td>\n<td width=\"189\">\n<p style=\"text-align: center;\"><strong>SUPER MINDS 2<\/strong><\/p>\n<\/td>\n<\/tr>\n<tr>\n<td width=\"189\">\n<ul>\n<li>Students Book (PDF)<\/li>\n<li>Workbook (PDF)<\/li>\n<li>Teachers Book (PDF)<\/li>\n<li>Flashcards<\/li>\n<li>Posters<\/li>\n<li>Audio<\/li>\n<li>Animated Karaoke Video<\/li>\n<li>Animated Language Focus Video<\/li>\n<li>Animated Songs Video<\/li>\n<li>Animated Story Video<\/li>\n<li>Think and Learn Video<\/li>\n<li>Presentation Plus &#8211; <strong>Software Interactivo<\/strong><\/li>\n<\/ul>\n<\/td>\n<td width=\"189\">\n<ul>\n<li>Students Book (PDF)<\/li>\n<li>Workbook (PDF)<\/li>\n<li>Teachers Book (PDF)<\/li>\n<li>Resources (PDF)<\/li>\n<li>Flashcards<\/li>\n<li>Posters<\/li>\n<li>Audio<\/li>\n<li>Testes<\/li>\n<li>Animated Karaoke Video<\/li>\n<li>Animated Language Focus Video<\/li>\n<li>Animated Songs Video<\/li>\n<li>Animated Story Video<\/li>\n<li>Think and Learn Video<\/li>\n<li>Presentation Plus &#8211; <strong>Software Interactivo<\/strong><\/li>\n<\/ul>\n<\/td>\n<td width=\"189\">\n<ul>\n<li>Students Book (PDF)<\/li>\n<li>Workbook (PDF)<\/li>\n<li>Teachers Book (PDF)<\/li>\n<li>Resources (PDF)<\/li>\n<li>Flashcards<\/li>\n<li>Posters<\/li>\n<li>Audio<\/li>\n<li>Testes<\/li>\n<li>Animated Karaoke Video<\/li>\n<li>Animated Language Focus Video<\/li>\n<li>Animated Songs Video<\/li>\n<li>Animated Story Video<\/li>\n<li>Think and Learn Video<\/li>\n<li>Presentation Plus &#8211; <strong>Software Interactivo<\/strong><\/li>\n<\/ul>\n<\/td>\n<\/tr>\n<tr>\n<td width=\"189\">\n<p style=\"text-align: center;\"><strong>SUPER MINDS 3<\/strong><\/p>\n<\/td>\n<td width=\"189\">\n<p style=\"text-align: center;\"><strong>SUPER MINDS 4<\/strong><\/p>\n<\/td>\n<td width=\"189\">\n<p style=\"text-align: center;\"><strong>SUPER MINDS 5<\/strong><\/p>\n<\/td>\n<\/tr>\n<tr>\n<td width=\"189\">\n<ul>\n<li>Students Book (PDF)<\/li>\n<li>Workbook (PDF)<\/li>\n<li>Teachers Book (PDF)<\/li>\n<li>Resources (PDF)<\/li>\n<li>Flashcards<\/li>\n<li>Posters<\/li>\n<li>Audio<\/li>\n<li>Testes<\/li>\n<li>Animated Karaoke Video<\/li>\n<li>Animated Language Focus Video<\/li>\n<li>Animated Songs Video<\/li>\n<li>Animated Story Video<\/li>\n<li>Think and Learn Video<\/li>\n<li>Presentation Plus &#8211; <strong>Software Interactivo<\/strong><\/li>\n<\/ul>\n<\/td>\n<td width=\"189\">\n<ul>\n<li>Students Book (PDF)<\/li>\n<li>Workbook (PDF)<\/li>\n<li>Teachers Book (PDF)<\/li>\n<li>Resources (PDF)<\/li>\n<li>Flashcards<\/li>\n<li>Posters<\/li>\n<li>Audio<\/li>\n<li>Testes<\/li>\n<li>Animated Karaoke Video<\/li>\n<li>Animated Language Focus Video<\/li>\n<li>Animated Songs Video<\/li>\n<li>Animated Story Video<\/li>\n<li>Think and Learn Video<\/li>\n<li>Presentation Plus &#8211; <strong>Software Interactivo<\/strong><\/li>\n<\/ul>\n<\/td>\n<td width=\"189\">\n<ul>\n<li>Students Book (PDF)<\/li>\n<li>Workbook (PDF)<\/li>\n<li>Teachers Book (PDF)<\/li>\n<li>Flashcards<\/li>\n<li>Posters<\/li>\n<li>Audio<\/li>\n<li>Testes<\/li>\n<li>Animated Karaoke Video<\/li>\n<li>Animated Language Focus Video<\/li>\n<li>Think and Learn Video<\/li>\n<li>Presentation Plus &#8211; <strong>Software Interactivo<\/strong><\/li>\n<\/ul>\n<\/td>\n<\/tr>\n<tr>\n<td style=\"text-align: center;\" width=\"189\"><strong>SUPER MINDS 6<\/strong><\/td>\n<td width=\"189\"><strong>\u00a0<\/strong><\/td>\n<td width=\"189\"><strong>\u00a0<\/strong><\/td>\n<\/tr>\n<tr>\n<td width=\"189\">\n<ul>\n<li>Students Book (PDF)<\/li>\n<li>Workbook (PDF)<\/li>\n<li>Teachers Book (PDF)<\/li>\n<li>Flashcards<\/li>\n<li>Posters<\/li>\n<li>Audio<\/li>\n<li>Testes<\/li>\n<li>Animated Karaoke Video<\/li>\n<li>Animated Language Focus Video<\/li>\n<li>Think and Learn Video<\/li>\n<li>Presentation Plus &#8211; <strong>Software Interactivo<\/strong><\/li>\n<\/ul>\n<\/td>\n<td width=\"189\"><strong>\u00a0<\/strong><\/td>\n<td width=\"189\"><strong>\u00a0<\/strong><\/td>\n<\/tr>\n<\/tbody>\n<\/table>","protected":false},"excerpt":{"rendered":"<p><strong>Super Minds 2nd Edition<\/strong> es una nueva edici\u00f3n completamente actualizada y mejorada de un curso de ingl\u00e9s muy apreciado por este reconocido equipo de autores.<\/p>","protected":false},"featured_media":690,"template":"","meta":{"_uag_custom_page_level_css":"","site-sidebar-layout":"default","site-content-layout":"","ast-site-content-layout":"default","site-content-style":"default","site-sidebar-style":"default","ast-global-header-display":"","ast-banner-title-visibility":"","ast-main-header-display":"","ast-hfb-above-header-display":"","ast-hfb-below-header-display":"","ast-hfb-mobile-header-display":"","site-post-title":"","ast-breadcrumbs-content":"","ast-featured-img":"","footer-sml-layout":"","ast-disable-related-posts":"","theme-transparent-header-meta":"default","adv-header-id-meta":"","stick-header-meta":"","header-above-stick-meta":"","header-main-stick-meta":"","header-below-stick-meta":"","astra-migrate-meta-layouts":"set","ast-page-background-enabled":"default","ast-page-background-meta":{"desktop":{"background-color":"var(--ast-global-color-4)","background-image":"","background-repeat":"repeat","background-position":"center center","background-size":"auto","background-attachment":"scroll","background-type":"","background-media":"","overlay-type":"","overlay-color":"","overlay-opacity":"","overlay-gradient":""},"tablet":{"background-color":"","background-image":"","background-repeat":"repeat","background-position":"center center","background-size":"auto","background-attachment":"scroll","background-type":"","background-media":"","overlay-type":"","overlay-color":"","overlay-opacity":"","overlay-gradient":""},"mobile":{"background-color":"","background-image":"","background-repeat":"repeat","background-position":"center center","background-size":"auto","background-attachment":"scroll","background-type":"","background-media":"","overlay-type":"","overlay-color":"","overlay-opacity":"","overlay-gradient":""}},"ast-content-background-meta":{"desktop":{"background-color":"var(--ast-global-color-5)","background-image":"","background-repeat":"repeat","background-position":"center center","background-size":"auto","background-attachment":"scroll","background-type":"","background-media":"","overlay-type":"","overlay-color":"","overlay-opacity":"","overlay-gradient":""},"tablet":{"background-color":"var(--ast-global-color-5)","background-image":"","background-repeat":"repeat","background-position":"center center","background-size":"auto","background-attachment":"scroll","background-type":"","background-media":"","overlay-type":"","overlay-color":"","overlay-opacity":"","overlay-gradient":""},"mobile":{"background-color":"var(--ast-global-color-5)","background-image":"","background-repeat":"repeat","background-position":"center center","background-size":"auto","background-attachment":"scroll","background-type":"","background-media":"","overlay-type":"","overlay-color":"","overlay-opacity":"","overlay-gradient":""}}},"product_brand":[],"product_cat":[22],"product_tag":[50],"class_list":{"0":"post-689","1":"product","2":"type-product","3":"status-publish","4":"has-post-thumbnail","6":"product_cat-ingles-britanico-ninos-6-11-anos","7":"product_tag-ingles-britanico","8":"desktop-align-left","9":"tablet-align-left","10":"mobile-align-left","12":"first","13":"instock","14":"sale","15":"virtual","16":"purchasable","17":"product-type-simple"},"uagb_featured_image_src":{"full":["https:\/\/openbooks21.com\/wp-content\/uploads\/2024\/09\/Super_Minds_2nd.jpg",1025,1025,false],"thumbnail":["https:\/\/openbooks21.com\/wp-content\/uploads\/2024\/09\/Super_Minds_2nd-150x150.jpg",150,150,true],"medium":["https:\/\/openbooks21.com\/wp-content\/uploads\/2024\/09\/Super_Minds_2nd-300x300.jpg",300,300,true],"medium_large":["https:\/\/openbooks21.com\/wp-content\/uploads\/2024\/09\/Super_Minds_2nd-768x768.jpg",768,768,true],"large":["https:\/\/openbooks21.com\/wp-content\/uploads\/2024\/09\/Super_Minds_2nd.jpg",1024,1024,false],"1536x1536":["https:\/\/openbooks21.com\/wp-content\/uploads\/2024\/09\/Super_Minds_2nd.jpg",1025,1025,false],"2048x2048":["https:\/\/openbooks21.com\/wp-content\/uploads\/2024\/09\/Super_Minds_2nd.jpg",1025,1025,false],"trp-custom-language-flag":["https:\/\/openbooks21.com\/wp-content\/uploads\/2024\/09\/Super_Minds_2nd-12x12.jpg",12,12,true],"woocommerce_thumbnail":["https:\/\/openbooks21.com\/wp-content\/uploads\/2024\/09\/Super_Minds_2nd-300x300.jpg",300,300,true],"woocommerce_single":["https:\/\/openbooks21.com\/wp-content\/uploads\/2024\/09\/Super_Minds_2nd-600x600.jpg",600,600,true],"woocommerce_gallery_thumbnail":["https:\/\/openbooks21.com\/wp-content\/uploads\/2024\/09\/Super_Minds_2nd-100x100.jpg",100,100,true],"dgwt-wcas-product-suggestion":["https:\/\/openbooks21.com\/wp-content\/uploads\/2024\/09\/Super_Minds_2nd-64x64.jpg",64,64,true]},"uagb_author_info":{"display_name":"openbooks21.com","author_link":"https:\/\/openbooks21.com\/pt\/author\/"},"uagb_comment_info":0,"uagb_excerpt":"Super Minds 2nd Edition es una nueva edici\u00f3n completamente actualizada y mejorada de un curso de ingl\u00e9s muy apreciado por este reconocido equipo de autores.","jetpack_sharing_enabled":true,"_links":{"self":[{"href":"https:\/\/openbooks21.com\/pt\/wp-json\/wp\/v2\/product\/689","targetHints":{"allow":["GET"]}}],"collection":[{"href":"https:\/\/openbooks21.com\/pt\/wp-json\/wp\/v2\/product"}],"about":[{"href":"https:\/\/openbooks21.com\/pt\/wp-json\/wp\/v2\/types\/product"}],"wp:featuredmedia":[{"embeddable":true,"href":"https:\/\/openbooks21.com\/pt\/wp-json\/wp\/v2\/media\/690"}],"wp:attachment":[{"href":"https:\/\/openbooks21.com\/pt\/wp-json\/wp\/v2\/media?parent=689"}],"wp:term":[{"taxonomy":"product_brand","embeddable":true,"href":"https:\/\/openbooks21.com\/pt\/wp-json\/wp\/v2\/product_brand?post=689"},{"taxonomy":"product_cat","embeddable":true,"href":"https:\/\/openbooks21.com\/pt\/wp-json\/wp\/v2\/product_cat?post=689"},{"taxonomy":"product_tag","embeddable":true,"href":"https:\/\/openbooks21.com\/pt\/wp-json\/wp\/v2\/product_tag?post=689"}],"curies":[{"name":"wp","href":"https:\/\/api.w.org\/{rel}","templated":true}]}}