{"id":814,"date":"2024-11-18T06:37:23","date_gmt":"2024-11-18T05:37:23","guid":{"rendered":"https:\/\/openbooks21.com\/?post_type=product&#038;p=814"},"modified":"2026-03-08T00:59:20","modified_gmt":"2026-03-07T23:59:20","slug":"pack-collaborate-material-digital","status":"publish","type":"product","link":"https:\/\/openbooks21.com\/pt\/produto\/pack-collaborate-material-digital\/","title":{"rendered":"Pack Collaborate (Material digital)"},"content":{"rendered":"<p><strong>Collaborate<\/strong> es un curso innovador de escuela secundaria que le ayudar\u00e1 a usted y a sus alumnos a dar un paso importante hacia la creaci\u00f3n de un entorno de aula positivo y colaborativo. Ofrece un aprendizaje de idiomas de calidad, as\u00ed como una nueva forma de ense\u00f1ar y aprender que es innovadora pero pr\u00e1ctica.<\/p>\n<p><strong>O CONTE\u00daDO DE TODOS OS N\u00cdVEIS<\/strong><\/p>\n<table>\n<tbody>\n<tr>\n<td colspan=\"2\" width=\"566\">\n<p style=\"text-align: center;\"><strong>Collaborate<\/strong><\/p>\n<\/td>\n<\/tr>\n<tr>\n<td width=\"283\">\n<p style=\"text-align: center;\"><strong>Collaborate 1<\/strong><\/p>\n<\/td>\n<td width=\"283\">\n<p style=\"text-align: center;\"><strong>Collaborate 2<\/strong><\/p>\n<\/td>\n<\/tr>\n<tr>\n<td width=\"283\">\n<ul>\n<li>Collaborate 1 Students Book<\/li>\n<li>Collaborate 1 Class Audio CDs<\/li>\n<li>Collaborate 1 Workbook<\/li>\n<li>Collaborate 1 Workbook Audio CD<\/li>\n<li>Collaborate 1 Project Book<\/li>\n<li>Collaborate 1 Teachers book<\/li>\n<li>Collaborate 1 Video<\/li>\n<li>Collaborate 1 Presentation Plus DVD Windows <strong>(Software Interactivo)<\/strong><\/li>\n<\/ul>\n<\/td>\n<td width=\"283\">\n<ul>\n<li>Collaborate 2 Students Book<\/li>\n<li>Collaborate 2 Class Audio CDs<\/li>\n<li>Collaborate 2 Workbook<\/li>\n<li>Collaborate 2 Workbook Audio CD<\/li>\n<li>Collaborate 2 Project Book<\/li>\n<li>Collaborate 2 Teachers book<\/li>\n<li>Collaborate 2 Video<\/li>\n<li>Collaborate 2 Presentation Plus DVD Windows <strong>(Software Interactivo)<\/strong><\/li>\n<\/ul>\n<\/td>\n<\/tr>\n<tr>\n<td width=\"283\">\n<p style=\"text-align: center;\"><strong>Collaborate 3<\/strong><\/p>\n<\/td>\n<td width=\"283\">\n<p style=\"text-align: center;\"><strong>Collaborate 4<\/strong><\/p>\n<\/td>\n<\/tr>\n<tr>\n<td width=\"283\">\n<ul>\n<li>Collaborate 3 Students Book<\/li>\n<li>Collaborate 3 Class Audio CDs<\/li>\n<li>Collaborate 3 Workbook<\/li>\n<li>Collaborate 3 Workbook Audio CD<\/li>\n<li>Collaborate 3 Project Book<\/li>\n<li>Collaborate 3 Teachers book<\/li>\n<li>Collaborate 3 Video<\/li>\n<li>Collaborate 3 Presentation Plus DVD Windows <strong>(Software Interactivo)<\/strong><\/li>\n<\/ul>\n<\/td>\n<td width=\"283\">\n<ul>\n<li>Collaborate 4 Students Book<\/li>\n<li>Collaborate 4 Class Audio CDs<\/li>\n<li>Collaborate 4 Workbook<\/li>\n<li>Collaborate 4 Workbook Audio CD<\/li>\n<li>Collaborate 4 Project Book<\/li>\n<li>Collaborate 4 Teachers book<\/li>\n<li>Collaborate 4 Video<\/li>\n<li>Collaborate 4 Presentation Plus DVD Windows <strong>(Software Interactivo)<\/strong><\/li>\n<\/ul>\n<\/td>\n<\/tr>\n<\/tbody>\n<\/table>","protected":false},"excerpt":{"rendered":"<p><strong>Collaborate<\/strong> es un curso innovador de escuela secundaria que le ayudar\u00e1 a usted y a sus alumnos a dar un paso importante hacia la creaci\u00f3n de un entorno de aula positivo y colaborativo.<\/p>","protected":false},"featured_media":815,"template":"","meta":{"_uag_custom_page_level_css":"","site-sidebar-layout":"default","site-content-layout":"","ast-site-content-layout":"default","site-content-style":"default","site-sidebar-style":"default","ast-global-header-display":"","ast-banner-title-visibility":"","ast-main-header-display":"","ast-hfb-above-header-display":"","ast-hfb-below-header-display":"","ast-hfb-mobile-header-display":"","site-post-title":"","ast-breadcrumbs-content":"","ast-featured-img":"","footer-sml-layout":"","theme-transparent-header-meta":"default","adv-header-id-meta":"","stick-header-meta":"","header-above-stick-meta":"","header-main-stick-meta":"","header-below-stick-meta":"","astra-migrate-meta-layouts":"set","ast-page-background-enabled":"default","ast-page-background-meta":{"desktop":{"background-color":"var(--ast-global-color-4)","background-image":"","background-repeat":"repeat","background-position":"center center","background-size":"auto","background-attachment":"scroll","background-type":"","background-media":"","overlay-type":"","overlay-color":"","overlay-opacity":"","overlay-gradient":""},"tablet":{"background-color":"","background-image":"","background-repeat":"repeat","background-position":"center center","background-size":"auto","background-attachment":"scroll","background-type":"","background-media":"","overlay-type":"","overlay-color":"","overlay-opacity":"","overlay-gradient":""},"mobile":{"background-color":"","background-image":"","background-repeat":"repeat","background-position":"center center","background-size":"auto","background-attachment":"scroll","background-type":"","background-media":"","overlay-type":"","overlay-color":"","overlay-opacity":"","overlay-gradient":""}},"ast-content-background-meta":{"desktop":{"background-color":"var(--ast-global-color-5)","background-image":"","background-repeat":"repeat","background-position":"center center","background-size":"auto","background-attachment":"scroll","background-type":"","background-media":"","overlay-type":"","overlay-color":"","overlay-opacity":"","overlay-gradient":""},"tablet":{"background-color":"var(--ast-global-color-5)","background-image":"","background-repeat":"repeat","background-position":"center center","background-size":"auto","background-attachment":"scroll","background-type":"","background-media":"","overlay-type":"","overlay-color":"","overlay-opacity":"","overlay-gradient":""},"mobile":{"background-color":"var(--ast-global-color-5)","background-image":"","background-repeat":"repeat","background-position":"center center","background-size":"auto","background-attachment":"scroll","background-type":"","background-media":"","overlay-type":"","overlay-color":"","overlay-opacity":"","overlay-gradient":""}}},"product_brand":[],"product_cat":[63],"product_tag":[50],"class_list":{"0":"post-814","1":"product","2":"type-product","3":"status-publish","4":"has-post-thumbnail","6":"product_cat-ingles-britanico-adolescente","7":"product_tag-ingles-britanico","8":"desktop-align-left","9":"tablet-align-left","10":"mobile-align-left","12":"first","13":"instock","14":"sale","15":"virtual","16":"purchasable","17":"product-type-simple"},"uagb_featured_image_src":{"full":["https:\/\/openbooks21.com\/wp-content\/uploads\/2024\/11\/Collaborate.jpg",1025,1025,false],"thumbnail":["https:\/\/openbooks21.com\/wp-content\/uploads\/2024\/11\/Collaborate-150x150.jpg",150,150,true],"medium":["https:\/\/openbooks21.com\/wp-content\/uploads\/2024\/11\/Collaborate-300x300.jpg",300,300,true],"medium_large":["https:\/\/openbooks21.com\/wp-content\/uploads\/2024\/11\/Collaborate-768x768.jpg",768,768,true],"large":["https:\/\/openbooks21.com\/wp-content\/uploads\/2024\/11\/Collaborate.jpg",1024,1024,false],"1536x1536":["https:\/\/openbooks21.com\/wp-content\/uploads\/2024\/11\/Collaborate.jpg",1025,1025,false],"2048x2048":["https:\/\/openbooks21.com\/wp-content\/uploads\/2024\/11\/Collaborate.jpg",1025,1025,false],"trp-custom-language-flag":["https:\/\/openbooks21.com\/wp-content\/uploads\/2024\/11\/Collaborate-12x12.jpg",12,12,true],"woocommerce_thumbnail":["https:\/\/openbooks21.com\/wp-content\/uploads\/2024\/11\/Collaborate-300x300.jpg",300,300,true],"woocommerce_single":["https:\/\/openbooks21.com\/wp-content\/uploads\/2024\/11\/Collaborate-600x600.jpg",600,600,true],"woocommerce_gallery_thumbnail":["https:\/\/openbooks21.com\/wp-content\/uploads\/2024\/11\/Collaborate-100x100.jpg",100,100,true],"dgwt-wcas-product-suggestion":["https:\/\/openbooks21.com\/wp-content\/uploads\/2024\/11\/Collaborate-64x64.jpg",64,64,true]},"uagb_author_info":{"display_name":"openbooks21.com","author_link":"https:\/\/openbooks21.com\/pt\/author\/"},"uagb_comment_info":0,"uagb_excerpt":"Collaborate es un curso innovador de escuela secundaria que le ayudar\u00e1 a usted y a sus alumnos a dar un paso importante hacia la creaci\u00f3n de un entorno de aula positivo y colaborativo.","jetpack_sharing_enabled":true,"_links":{"self":[{"href":"https:\/\/openbooks21.com\/pt\/wp-json\/wp\/v2\/product\/814","targetHints":{"allow":["GET"]}}],"collection":[{"href":"https:\/\/openbooks21.com\/pt\/wp-json\/wp\/v2\/product"}],"about":[{"href":"https:\/\/openbooks21.com\/pt\/wp-json\/wp\/v2\/types\/product"}],"wp:featuredmedia":[{"embeddable":true,"href":"https:\/\/openbooks21.com\/pt\/wp-json\/wp\/v2\/media\/815"}],"wp:attachment":[{"href":"https:\/\/openbooks21.com\/pt\/wp-json\/wp\/v2\/media?parent=814"}],"wp:term":[{"taxonomy":"product_brand","embeddable":true,"href":"https:\/\/openbooks21.com\/pt\/wp-json\/wp\/v2\/product_brand?post=814"},{"taxonomy":"product_cat","embeddable":true,"href":"https:\/\/openbooks21.com\/pt\/wp-json\/wp\/v2\/product_cat?post=814"},{"taxonomy":"product_tag","embeddable":true,"href":"https:\/\/openbooks21.com\/pt\/wp-json\/wp\/v2\/product_tag?post=814"}],"curies":[{"name":"wp","href":"https:\/\/api.w.org\/{rel}","templated":true}]}}