{"id":817,"date":"2024-11-18T06:48:54","date_gmt":"2024-11-18T05:48:54","guid":{"rendered":"https:\/\/openbooks21.com\/?post_type=product&#038;p=817"},"modified":"2026-03-08T00:57:11","modified_gmt":"2026-03-07T23:57:11","slug":"pack-open-day-american-english-material-digital","status":"publish","type":"product","link":"https:\/\/openbooks21.com\/pt\/produto\/pack-open-day-american-english-material-digital\/","title":{"rendered":"Pack Open Day American English (Material digital)"},"content":{"rendered":"<p><strong>Open Day<\/strong> es un curso de ingl\u00e9s de seis niveles para estudiantes de primaria. El enfoque tem\u00e1tico de la jornada de puertas abiertas integra responsabilidad social, ciudadan\u00eda y conciencia ambiental, animando a los ni\u00f1os a desarrollar habilidades de pensamiento cr\u00edtico.<\/p>\n<p><strong>O CONTE\u00daDO DE TODOS OS N\u00cdVEIS<\/strong><\/p>\n<table>\n<tbody>\n<tr>\n<td colspan=\"3\" width=\"566\">\n<p style=\"text-align: center;\"><strong>Open Day American English<\/strong><\/p>\n<\/td>\n<\/tr>\n<tr>\n<td width=\"189\">\n<p style=\"text-align: center;\"><strong>Open Day American 1<\/strong><\/p>\n<\/td>\n<td width=\"189\">\n<p style=\"text-align: center;\"><strong>Open Day American 2<\/strong><\/p>\n<\/td>\n<td width=\"189\">\n<p style=\"text-align: center;\"><strong>Open Day American 3<\/strong><\/p>\n<\/td>\n<\/tr>\n<tr>\n<td width=\"189\">\n<ul>\n<li>Students Book (PDF)<\/li>\n<li>Class \u00c1udio<\/li>\n<li>Practice Book (PDF)<\/li>\n<li>Practice Book Audio<\/li>\n<li>Readers (PDF)<\/li>\n<li>Readers Audio<\/li>\n<li>Teachers book (PDF)<\/li>\n<li>Testes<\/li>\n<li>i-Solutions Topic 1<\/li>\n<li>i-Solutions Topic 2<\/li>\n<li>i-Solutions Topic 3<\/li>\n<li>i-Solutions Topic 4<\/li>\n<li>Video<\/li>\n<\/ul>\n<\/td>\n<td width=\"189\">\n<ul>\n<li>Students Book (PDF)<\/li>\n<li>Class \u00c1udio<\/li>\n<li>Practice Book (PDF)<\/li>\n<li>Practice Book Audio<\/li>\n<li>Readers (PDF)<\/li>\n<li>Readers Audio<\/li>\n<li>Teachers book (PDF)<\/li>\n<li>Testes<\/li>\n<li>i-Solutions Topic 1<\/li>\n<li>i-Solutions Topic 2<\/li>\n<li>i-Solutions Topic 3<\/li>\n<li>i-Solutions Topic 4<\/li>\n<li>Video<\/li>\n<\/ul>\n<\/td>\n<td width=\"189\">\n<ul>\n<li>Students Book (PDF)<\/li>\n<li>Class \u00c1udio<\/li>\n<li>Practice Book (PDF)<\/li>\n<li>Practice Book Audio<\/li>\n<li>Readers (PDF)<\/li>\n<li>Readers Audio<\/li>\n<li>Teachers book (PDF)<\/li>\n<li>Testes<\/li>\n<li>i-Solutions Topic 1<\/li>\n<li>i-Solutions Topic 2<\/li>\n<li>i-Solutions Topic 3<\/li>\n<li>i-Solutions Topic 4<\/li>\n<li>Video<\/li>\n<\/ul>\n<\/td>\n<\/tr>\n<tr>\n<td width=\"189\">\n<p style=\"text-align: center;\"><strong>Open Day American 4<\/strong><\/p>\n<\/td>\n<td width=\"189\">\n<p style=\"text-align: center;\"><strong>Open Day American 5<\/strong><\/p>\n<\/td>\n<td width=\"189\">\n<p style=\"text-align: center;\"><strong>Open Day American 6<\/strong><\/p>\n<\/td>\n<\/tr>\n<tr>\n<td width=\"189\">\n<ul>\n<li>Students Book (PDF)<\/li>\n<li>Class \u00c1udio<\/li>\n<li>Practice Book (PDF)<\/li>\n<li>Practice Book Audio<\/li>\n<li>Readers Audio<\/li>\n<li>Teachers book (PDF)<\/li>\n<li>Testes<\/li>\n<li>i-Solutions Topic 1<\/li>\n<li>i-Solutions Topic 2<\/li>\n<li>i-Solutions Topic 3<\/li>\n<li>i-Solutions Topic 4<\/li>\n<li>Video<\/li>\n<\/ul>\n<\/td>\n<td width=\"189\">\n<ul>\n<li>Students Book (PDF)<\/li>\n<li>Class \u00c1udio<\/li>\n<li>Practice Book (PDF)<\/li>\n<li>Practice Book Audio<\/li>\n<li>Readers (PDF)<\/li>\n<li>Readers Audio<\/li>\n<li>Teachers book (PDF)<\/li>\n<li>Testes<\/li>\n<li>i-Solutions Topic 1<\/li>\n<li>i-Solutions Topic 2<\/li>\n<li>i-Solutions Topic 3<\/li>\n<li>i-Solutions Topic 4<\/li>\n<li>Video<\/li>\n<\/ul>\n<\/td>\n<td width=\"189\">\n<ul>\n<li>Students Book (PDF)<\/li>\n<li>Class \u00c1udio<\/li>\n<li>Practice Book (PDF)<\/li>\n<li>Practice Book Audio<\/li>\n<li>Readers (PDF)<\/li>\n<li>Readers Audio<\/li>\n<li>Teachers book (PDF)<\/li>\n<li>Testes<\/li>\n<li>i-Solutions Topic 1<\/li>\n<li>i-Solutions Topic 2<\/li>\n<li>i-Solutions Topic 3<\/li>\n<li>i-Solutions Topic 4<\/li>\n<li>Video<\/li>\n<\/ul>\n<\/td>\n<\/tr>\n<\/tbody>\n<\/table>","protected":false},"excerpt":{"rendered":"<p><strong>Open Day<\/strong> es un curso de ingl\u00e9s de seis niveles para estudiantes de primaria. El enfoque tem\u00e1tico de la jornada de puertas abiertas integra responsabilidad social, ciudadan\u00eda y conciencia ambiental, animando a los ni\u00f1os a desarrollar habilidades de pensamiento cr\u00edtico.<\/p>","protected":false},"featured_media":818,"template":"","meta":{"_uag_custom_page_level_css":"","site-sidebar-layout":"default","site-content-layout":"","ast-site-content-layout":"default","site-content-style":"default","site-sidebar-style":"default","ast-global-header-display":"","ast-banner-title-visibility":"","ast-main-header-display":"","ast-hfb-above-header-display":"","ast-hfb-below-header-display":"","ast-hfb-mobile-header-display":"","site-post-title":"","ast-breadcrumbs-content":"","ast-featured-img":"","footer-sml-layout":"","theme-transparent-header-meta":"default","adv-header-id-meta":"","stick-header-meta":"","header-above-stick-meta":"","header-main-stick-meta":"","header-below-stick-meta":"","astra-migrate-meta-layouts":"set","ast-page-background-enabled":"default","ast-page-background-meta":{"desktop":{"background-color":"var(--ast-global-color-4)","background-image":"","background-repeat":"repeat","background-position":"center center","background-size":"auto","background-attachment":"scroll","background-type":"","background-media":"","overlay-type":"","overlay-color":"","overlay-opacity":"","overlay-gradient":""},"tablet":{"background-color":"","background-image":"","background-repeat":"repeat","background-position":"center center","background-size":"auto","background-attachment":"scroll","background-type":"","background-media":"","overlay-type":"","overlay-color":"","overlay-opacity":"","overlay-gradient":""},"mobile":{"background-color":"","background-image":"","background-repeat":"repeat","background-position":"center center","background-size":"auto","background-attachment":"scroll","background-type":"","background-media":"","overlay-type":"","overlay-color":"","overlay-opacity":"","overlay-gradient":""}},"ast-content-background-meta":{"desktop":{"background-color":"var(--ast-global-color-5)","background-image":"","background-repeat":"repeat","background-position":"center center","background-size":"auto","background-attachment":"scroll","background-type":"","background-media":"","overlay-type":"","overlay-color":"","overlay-opacity":"","overlay-gradient":""},"tablet":{"background-color":"var(--ast-global-color-5)","background-image":"","background-repeat":"repeat","background-position":"center center","background-size":"auto","background-attachment":"scroll","background-type":"","background-media":"","overlay-type":"","overlay-color":"","overlay-opacity":"","overlay-gradient":""},"mobile":{"background-color":"var(--ast-global-color-5)","background-image":"","background-repeat":"repeat","background-position":"center center","background-size":"auto","background-attachment":"scroll","background-type":"","background-media":"","overlay-type":"","overlay-color":"","overlay-opacity":"","overlay-gradient":""}}},"product_brand":[],"product_cat":[21],"product_tag":[49],"class_list":{"0":"post-817","1":"product","2":"type-product","3":"status-publish","4":"has-post-thumbnail","6":"product_cat-ingles-americano-ninos-6-11-anos","7":"product_tag-ingles-americano","8":"desktop-align-left","9":"tablet-align-left","10":"mobile-align-left","12":"first","13":"instock","14":"sale","15":"virtual","16":"purchasable","17":"product-type-simple"},"uagb_featured_image_src":{"full":["https:\/\/openbooks21.com\/wp-content\/uploads\/2024\/11\/Open-Day.jpg",1025,1025,false],"thumbnail":["https:\/\/openbooks21.com\/wp-content\/uploads\/2024\/11\/Open-Day-150x150.jpg",150,150,true],"medium":["https:\/\/openbooks21.com\/wp-content\/uploads\/2024\/11\/Open-Day-300x300.jpg",300,300,true],"medium_large":["https:\/\/openbooks21.com\/wp-content\/uploads\/2024\/11\/Open-Day-768x768.jpg",768,768,true],"large":["https:\/\/openbooks21.com\/wp-content\/uploads\/2024\/11\/Open-Day.jpg",1024,1024,false],"1536x1536":["https:\/\/openbooks21.com\/wp-content\/uploads\/2024\/11\/Open-Day.jpg",1025,1025,false],"2048x2048":["https:\/\/openbooks21.com\/wp-content\/uploads\/2024\/11\/Open-Day.jpg",1025,1025,false],"trp-custom-language-flag":["https:\/\/openbooks21.com\/wp-content\/uploads\/2024\/11\/Open-Day-12x12.jpg",12,12,true],"woocommerce_thumbnail":["https:\/\/openbooks21.com\/wp-content\/uploads\/2024\/11\/Open-Day-300x300.jpg",300,300,true],"woocommerce_single":["https:\/\/openbooks21.com\/wp-content\/uploads\/2024\/11\/Open-Day-600x600.jpg",600,600,true],"woocommerce_gallery_thumbnail":["https:\/\/openbooks21.com\/wp-content\/uploads\/2024\/11\/Open-Day-100x100.jpg",100,100,true],"dgwt-wcas-product-suggestion":["https:\/\/openbooks21.com\/wp-content\/uploads\/2024\/11\/Open-Day-64x64.jpg",64,64,true]},"uagb_author_info":{"display_name":"openbooks21.com","author_link":"https:\/\/openbooks21.com\/pt\/author\/"},"uagb_comment_info":0,"uagb_excerpt":"Open Day es un curso de ingl\u00e9s de seis niveles para estudiantes de primaria. El enfoque tem\u00e1tico de la jornada de puertas abiertas integra responsabilidad social, ciudadan\u00eda y conciencia ambiental, animando a los ni\u00f1os a desarrollar habilidades de pensamiento cr\u00edtico.","jetpack_sharing_enabled":true,"_links":{"self":[{"href":"https:\/\/openbooks21.com\/pt\/wp-json\/wp\/v2\/product\/817","targetHints":{"allow":["GET"]}}],"collection":[{"href":"https:\/\/openbooks21.com\/pt\/wp-json\/wp\/v2\/product"}],"about":[{"href":"https:\/\/openbooks21.com\/pt\/wp-json\/wp\/v2\/types\/product"}],"wp:featuredmedia":[{"embeddable":true,"href":"https:\/\/openbooks21.com\/pt\/wp-json\/wp\/v2\/media\/818"}],"wp:attachment":[{"href":"https:\/\/openbooks21.com\/pt\/wp-json\/wp\/v2\/media?parent=817"}],"wp:term":[{"taxonomy":"product_brand","embeddable":true,"href":"https:\/\/openbooks21.com\/pt\/wp-json\/wp\/v2\/product_brand?post=817"},{"taxonomy":"product_cat","embeddable":true,"href":"https:\/\/openbooks21.com\/pt\/wp-json\/wp\/v2\/product_cat?post=817"},{"taxonomy":"product_tag","embeddable":true,"href":"https:\/\/openbooks21.com\/pt\/wp-json\/wp\/v2\/product_tag?post=817"}],"curies":[{"name":"wp","href":"https:\/\/api.w.org\/{rel}","templated":true}]}}