{"id":85,"date":"2024-04-15T20:52:55","date_gmt":"2024-04-15T18:52:55","guid":{"rendered":"https:\/\/openbooks21.com\/?post_type=product&#038;p=85"},"modified":"2026-01-10T01:50:29","modified_gmt":"2026-01-10T00:50:29","slug":"pack-power-up","status":"publish","type":"product","link":"https:\/\/openbooks21.com\/pt\/produto\/pack-power-up\/","title":{"rendered":"Pack: Power Up (Material digital)"},"content":{"rendered":"<p>Com <strong>Power Up<\/strong>os alunos embarcam em uma emocionante aventura da vida com confian\u00e7a e determina\u00e7\u00e3o. Este programa introduz personagens cativantes que inspiram os alunos, fomentando a colabora\u00e7\u00e3o atrav\u00e9s de miss\u00f5es do mundo real que fortalecem suas habilidades sociais e cognitivas. Al\u00e9m disso, oferece uma prepara\u00e7\u00e3o integral para exames, garantindo que cada aluno alcance seu m\u00e1ximo desempenho.<\/p>\n<p><strong>O CONTE\u00daDO DE TODOS OS N\u00cdVEIS<\/strong><\/p>\n<table width=\"624\">\n<tbody>\n<tr>\n<td colspan=\"3\" width=\"624\">\n<h3 style=\"text-align: center;\"><strong>Power Up<\/strong><\/h3>\n<\/td>\n<\/tr>\n<tr>\n<td width=\"208\">\n<p style=\"text-align: center;\"><strong>Power Up 1<\/strong><\/p>\n<\/td>\n<td width=\"208\">\n<p style=\"text-align: center;\"><strong>Power Up 2<\/strong><\/p>\n<\/td>\n<td width=\"208\">\n<p style=\"text-align: center;\"><strong>Power Up 3<\/strong><\/p>\n<\/td>\n<\/tr>\n<tr>\n<td width=\"208\">\n<ul>\n<li>Activity Book (PDF)<\/li>\n<li>Activity Book Self Study \u00c1udio<\/li>\n<li>Class \u00c1udio<\/li>\n<li>Flashcards<\/li>\n<li>Home booklet<\/li>\n<li>Pupils Book<\/li>\n<li>Teacher&#039;s Books (PDF)<\/li>\n<li>Teacher&#039;s Materials<\/li>\n<li>Teacher&#039;s Resource Book \u00c1udio<\/li>\n<li>Teacher&#039;s Resource Book (PDF)<\/li>\n<li>Testes<\/li>\n<li>Presentation Plus <strong>(Software Interactivo)<\/strong><\/li>\n<\/ul>\n<\/td>\n<td width=\"208\">\n<ul>\n<li style=\"text-align: left;\">Activity Book (PDF)<\/li>\n<li style=\"text-align: left;\">Activity Book Self Study \u00c1udio<\/li>\n<li style=\"text-align: left;\">Flashcards<\/li>\n<li style=\"text-align: left;\">Home booklet<\/li>\n<li style=\"text-align: left;\">Pupils Book<\/li>\n<li style=\"text-align: left;\">Pupils Book \u00c1udio<\/li>\n<li style=\"text-align: left;\">Teacher&#039;s Books (PDF)<\/li>\n<li style=\"text-align: left;\">Teacher&#039;s Materials<\/li>\n<li style=\"text-align: left;\">Teacher&#039;s Resource Book \u00c1udio<\/li>\n<li style=\"text-align: left;\">Teacher&#039;s Resource Book (PDF)<\/li>\n<li style=\"text-align: left;\">Quizes V\u00eddeo<\/li>\n<li style=\"text-align: left;\">Testes<\/li>\n<li style=\"text-align: left;\">Presentation Plus <strong>(Software Interactivo)<\/strong><\/li>\n<\/ul>\n<\/td>\n<td width=\"208\">\n<ul>\n<li>Activity Book (PDF)<\/li>\n<li>Activity Book Self Study \u00c1udio<\/li>\n<li>Flashcards<\/li>\n<li>Home booklet<\/li>\n<li>Pupils Book<\/li>\n<li>Pupils Book \u00c1udio<\/li>\n<li>Teacher&#039;s Books (PDF)<\/li>\n<li>Teacher&#039;s Materials<\/li>\n<li>Teacher&#039;s Resource Book \u00c1udio<\/li>\n<li>Teacher&#039;s Resource Book (PDF)<\/li>\n<li>Quizes V\u00eddeo<\/li>\n<li>Testes Generator<\/li>\n<li>Presentation Plus <strong>(Software Interactivo)<\/strong><\/li>\n<\/ul>\n<\/td>\n<\/tr>\n<tr>\n<td width=\"208\">\n<p style=\"text-align: center;\"><strong>Power Up 4<\/strong><\/p>\n<\/td>\n<td width=\"208\">\n<p style=\"text-align: center;\"><strong>Power Up 5<\/strong><\/p>\n<\/td>\n<td width=\"208\">\n<p style=\"text-align: center;\"><strong>Power Up 6<\/strong><\/p>\n<\/td>\n<\/tr>\n<tr>\n<td width=\"208\">\n<ul>\n<li>Activity Book (PDF)<\/li>\n<li>Activity Book Self Study \u00c1udio<\/li>\n<li>Flashcards<\/li>\n<li>Home booklet<\/li>\n<li>Pupils Book<\/li>\n<li>Pupils Book \u00c1udio<\/li>\n<li>Teacher&#039;s Books (PDF)<\/li>\n<li>Teacher&#039;s Materials<\/li>\n<li>Teacher&#039;s Resource Book \u00c1udio<\/li>\n<li>Video<\/li>\n<li>Presentation Plus <strong>(Software Interactivo)<\/strong><\/li>\n<\/ul>\n<\/td>\n<td width=\"208\">\n<ul>\n<li>Activity Book (PDF)<\/li>\n<li>Activity Book Self Study \u00c1udio<\/li>\n<li>Home booklet<\/li>\n<li>Pupils Book<\/li>\n<li>Class \u00c1udio<\/li>\n<li>Teacher&#039;s Books (PDF)<\/li>\n<li>Teacher&#039;s Materials<\/li>\n<li>Teacher&#039;s Resource Book \u00c1udio<\/li>\n<li>Testes Generator<\/li>\n<li>Presentation Plus <strong>(Software Interactivo)<\/strong><\/li>\n<\/ul>\n<\/td>\n<td width=\"208\">\n<ul>\n<li>Activity Book (PDF)<\/li>\n<li>Activity Book Self Study \u00c1udio<\/li>\n<li>Flashcards<\/li>\n<li>Home booklet<\/li>\n<li>Pupils Book<\/li>\n<li>Class \u00c1udio<\/li>\n<li>Teacher&#039;s Books (PDF)<\/li>\n<li>Teacher&#039;s Materials<\/li>\n<li>Teacher&#039;s Resource Book \u00c1udio<\/li>\n<li>Teacher&#039;s Resource Book (PDF)<\/li>\n<li>Quizes V\u00eddeo<\/li>\n<li>Presentation Plus <strong>(Software Interactivo)<\/strong><\/li>\n<\/ul>\n<\/td>\n<\/tr>\n<\/tbody>\n<\/table>","protected":false},"excerpt":{"rendered":"<p>Com <strong>Power Up<\/strong>os alunos embarcam em uma emocionante aventura da vida com confian\u00e7a e determina\u00e7\u00e3o. Este programa introduz personagens cativantes que inspiram os alunos, fomentando a colabora\u00e7\u00e3o atrav\u00e9s de miss\u00f5es do mundo real que fortalecem suas habilidades sociais e cognitivas.<\/p>","protected":false},"featured_media":86,"template":"","meta":{"_uag_custom_page_level_css":"","site-sidebar-layout":"default","site-content-layout":"","ast-site-content-layout":"default","site-content-style":"default","site-sidebar-style":"default","ast-global-header-display":"","ast-banner-title-visibility":"","ast-main-header-display":"","ast-hfb-above-header-display":"","ast-hfb-below-header-display":"","ast-hfb-mobile-header-display":"","site-post-title":"","ast-breadcrumbs-content":"","ast-featured-img":"","footer-sml-layout":"","theme-transparent-header-meta":"default","adv-header-id-meta":"","stick-header-meta":"","header-above-stick-meta":"","header-main-stick-meta":"","header-below-stick-meta":"","astra-migrate-meta-layouts":"set","ast-page-background-enabled":"default","ast-page-background-meta":{"desktop":{"background-color":"var(--ast-global-color-4)","background-image":"","background-repeat":"repeat","background-position":"center center","background-size":"auto","background-attachment":"scroll","background-type":"","background-media":"","overlay-type":"","overlay-color":"","overlay-opacity":"","overlay-gradient":""},"tablet":{"background-color":"","background-image":"","background-repeat":"repeat","background-position":"center center","background-size":"auto","background-attachment":"scroll","background-type":"","background-media":"","overlay-type":"","overlay-color":"","overlay-opacity":"","overlay-gradient":""},"mobile":{"background-color":"","background-image":"","background-repeat":"repeat","background-position":"center center","background-size":"auto","background-attachment":"scroll","background-type":"","background-media":"","overlay-type":"","overlay-color":"","overlay-opacity":"","overlay-gradient":""}},"ast-content-background-meta":{"desktop":{"background-color":"var(--ast-global-color-5)","background-image":"","background-repeat":"repeat","background-position":"center center","background-size":"auto","background-attachment":"scroll","background-type":"","background-media":"","overlay-type":"","overlay-color":"","overlay-opacity":"","overlay-gradient":""},"tablet":{"background-color":"var(--ast-global-color-5)","background-image":"","background-repeat":"repeat","background-position":"center center","background-size":"auto","background-attachment":"scroll","background-type":"","background-media":"","overlay-type":"","overlay-color":"","overlay-opacity":"","overlay-gradient":""},"mobile":{"background-color":"var(--ast-global-color-5)","background-image":"","background-repeat":"repeat","background-position":"center center","background-size":"auto","background-attachment":"scroll","background-type":"","background-media":"","overlay-type":"","overlay-color":"","overlay-opacity":"","overlay-gradient":""}}},"product_brand":[],"product_cat":[22],"product_tag":[50],"class_list":{"0":"post-85","1":"product","2":"type-product","3":"status-publish","4":"has-post-thumbnail","6":"product_cat-ingles-britanico-ninos-6-11-anos","7":"product_tag-ingles-britanico","8":"desktop-align-left","9":"tablet-align-left","10":"mobile-align-left","12":"first","13":"instock","14":"sale","15":"virtual","16":"purchasable","17":"product-type-simple"},"uagb_featured_image_src":{"full":["https:\/\/openbooks21.com\/wp-content\/uploads\/2024\/04\/Power-Up.jpg",1025,1025,false],"thumbnail":["https:\/\/openbooks21.com\/wp-content\/uploads\/2024\/04\/Power-Up-150x150.jpg",150,150,true],"medium":["https:\/\/openbooks21.com\/wp-content\/uploads\/2024\/04\/Power-Up-300x300.jpg",300,300,true],"medium_large":["https:\/\/openbooks21.com\/wp-content\/uploads\/2024\/04\/Power-Up-768x768.jpg",768,768,true],"large":["https:\/\/openbooks21.com\/wp-content\/uploads\/2024\/04\/Power-Up.jpg",1024,1024,false],"1536x1536":["https:\/\/openbooks21.com\/wp-content\/uploads\/2024\/04\/Power-Up.jpg",1025,1025,false],"2048x2048":["https:\/\/openbooks21.com\/wp-content\/uploads\/2024\/04\/Power-Up.jpg",1025,1025,false],"trp-custom-language-flag":["https:\/\/openbooks21.com\/wp-content\/uploads\/2024\/04\/Power-Up.jpg",12,12,false],"woocommerce_thumbnail":["https:\/\/openbooks21.com\/wp-content\/uploads\/2024\/04\/Power-Up-300x300.jpg",300,300,true],"woocommerce_single":["https:\/\/openbooks21.com\/wp-content\/uploads\/2024\/04\/Power-Up-600x600.jpg",600,600,true],"woocommerce_gallery_thumbnail":["https:\/\/openbooks21.com\/wp-content\/uploads\/2024\/04\/Power-Up-100x100.jpg",100,100,true],"dgwt-wcas-product-suggestion":["https:\/\/openbooks21.com\/wp-content\/uploads\/2024\/04\/Power-Up-64x64.jpg",64,64,true]},"uagb_author_info":{"display_name":"openbooks21.com","author_link":"https:\/\/openbooks21.com\/pt\/author\/"},"uagb_comment_info":0,"uagb_excerpt":"Con Power Up, los estudiantes se embarcan en la emocionante aventura de la vida con confianza y determinaci\u00f3n. Este programa introduce personajes cautivadores que inspiran a los alumnos, fomentando la colaboraci\u00f3n a trav\u00e9s de misiones del mundo real que fortalecen sus habilidades sociales y cognitivas.","jetpack_sharing_enabled":true,"_links":{"self":[{"href":"https:\/\/openbooks21.com\/pt\/wp-json\/wp\/v2\/product\/85","targetHints":{"allow":["GET"]}}],"collection":[{"href":"https:\/\/openbooks21.com\/pt\/wp-json\/wp\/v2\/product"}],"about":[{"href":"https:\/\/openbooks21.com\/pt\/wp-json\/wp\/v2\/types\/product"}],"wp:featuredmedia":[{"embeddable":true,"href":"https:\/\/openbooks21.com\/pt\/wp-json\/wp\/v2\/media\/86"}],"wp:attachment":[{"href":"https:\/\/openbooks21.com\/pt\/wp-json\/wp\/v2\/media?parent=85"}],"wp:term":[{"taxonomy":"product_brand","embeddable":true,"href":"https:\/\/openbooks21.com\/pt\/wp-json\/wp\/v2\/product_brand?post=85"},{"taxonomy":"product_cat","embeddable":true,"href":"https:\/\/openbooks21.com\/pt\/wp-json\/wp\/v2\/product_cat?post=85"},{"taxonomy":"product_tag","embeddable":true,"href":"https:\/\/openbooks21.com\/pt\/wp-json\/wp\/v2\/product_tag?post=85"}],"curies":[{"name":"wp","href":"https:\/\/api.w.org\/{rel}","templated":true}]}}