{"id":867,"date":"2024-12-12T05:12:28","date_gmt":"2024-12-12T04:12:28","guid":{"rendered":"https:\/\/openbooks21.com\/?post_type=product&#038;p=867"},"modified":"2026-03-08T00:54:29","modified_gmt":"2026-03-07T23:54:29","slug":"pack-american-english-file-third-edition-material-digital","status":"publish","type":"product","link":"https:\/\/openbooks21.com\/pt\/produto\/pack-american-english-file-third-edition-material-digital\/","title":{"rendered":"Pack American English File Third Edition (Material digital)"},"content":{"rendered":"<p>Le presentamos un curso educativo y metodol\u00f3gico de seis niveles de ingl\u00e9s americano para adultos de Oxford University Publishing &#8211; <strong>American English File<\/strong>. <strong>American English File<\/strong> ense\u00f1a a los estudiantes a hablar con su f\u00f3rmula \u00fanica y probada. Los textos aut\u00e9nticos utilizan el humor para estimular la comunicaci\u00f3n en el aula.<\/p>\n<p><strong>O CONTE\u00daDO DE TODOS OS N\u00cdVEIS<\/strong><\/p>\n<table>\n<tbody>\n<tr>\n<td colspan=\"3\" width=\"566\">\n<p style=\"text-align: center;\"><strong>American English File Third Edition<\/strong><\/p>\n<\/td>\n<\/tr>\n<tr>\n<td width=\"189\">\n<p style=\"text-align: center;\"><strong>American English Starter<\/strong><\/p>\n<\/td>\n<td width=\"189\">\n<p style=\"text-align: center;\"><strong>American English 1<\/strong><\/p>\n<\/td>\n<td width=\"189\">\n<p style=\"text-align: center;\"><strong>American English 2<\/strong><\/p>\n<\/td>\n<\/tr>\n<tr>\n<td width=\"189\">\n<ul>\n<li>Students Book (PDF)<\/li>\n<li>Workbook (PDF)<\/li>\n<li>Teachers Guide (PDF)<\/li>\n<li>Student Book \u00c1udio<\/li>\n<li>WorkBook Audio<\/li>\n<li>Video<\/li>\n<li>Practice<\/li>\n<li>Testes<\/li>\n<\/ul>\n<\/td>\n<td width=\"189\">\n<ul>\n<li>Students Book (PDF)<\/li>\n<li>Workbook (PDF)<\/li>\n<li>Teachers Guide (PDF)<\/li>\n<li>Student Book \u00c1udio<\/li>\n<li>WorkBook Audio<\/li>\n<li>Video<\/li>\n<li>Testes<\/li>\n<\/ul>\n<\/td>\n<td width=\"189\">\n<ul>\n<li>Students Book (PDF)<\/li>\n<li>Workbook (PDF)<\/li>\n<li>Teachers Guide (PDF)<\/li>\n<li>Student Book \u00c1udio<\/li>\n<li>WorkBook Audio<\/li>\n<li>Video<\/li>\n<li>Practice<\/li>\n<li>Testes<\/li>\n<\/ul>\n<\/td>\n<\/tr>\n<tr>\n<td width=\"189\">\n<p style=\"text-align: center;\"><strong>American English 3<\/strong><\/p>\n<\/td>\n<td width=\"189\">\n<p style=\"text-align: center;\"><strong>American English 4<\/strong><\/p>\n<\/td>\n<td width=\"189\">\n<p style=\"text-align: center;\"><strong>American English 5<\/strong><\/p>\n<\/td>\n<\/tr>\n<tr>\n<td width=\"189\">\n<ul>\n<li>Students Book (PDF)<\/li>\n<li>Workbook (PDF)<\/li>\n<li>Teachers Guide (PDF)<\/li>\n<li>Student Book \u00c1udio<\/li>\n<li>WorkBook Audio<\/li>\n<li>Video<\/li>\n<li>Practice<\/li>\n<li>Testes<\/li>\n<\/ul>\n<\/td>\n<td width=\"189\">\n<ul>\n<li>Students Book (PDF)<\/li>\n<li>Workbook (PDF)<\/li>\n<li>Teachers Guide (PDF)<\/li>\n<li>Student Book \u00c1udio<\/li>\n<li>WorkBook Audio<\/li>\n<li>Video<\/li>\n<li>Testes<\/li>\n<\/ul>\n<\/td>\n<td width=\"189\">\n<ul>\n<li>Students Book (PDF)<\/li>\n<li>Workbook (PDF)<\/li>\n<li>Teachers Guide (PDF)<\/li>\n<li>Student Book \u00c1udio<\/li>\n<li>WorkBook Audio<\/li>\n<li>Video<\/li>\n<li>Testes<\/li>\n<\/ul>\n<\/td>\n<\/tr>\n<\/tbody>\n<\/table>","protected":false},"excerpt":{"rendered":"<p>Le presentamos un curso educativo y metodol\u00f3gico de seis niveles de ingl\u00e9s americano para adultos de Oxford University Publishing &#8211; <strong>American English File<\/strong>.<\/p>","protected":false},"featured_media":868,"template":"","meta":{"_uag_custom_page_level_css":"","site-sidebar-layout":"default","site-content-layout":"","ast-site-content-layout":"default","site-content-style":"default","site-sidebar-style":"default","ast-global-header-display":"","ast-banner-title-visibility":"","ast-main-header-display":"","ast-hfb-above-header-display":"","ast-hfb-below-header-display":"","ast-hfb-mobile-header-display":"","site-post-title":"","ast-breadcrumbs-content":"","ast-featured-img":"","footer-sml-layout":"","theme-transparent-header-meta":"default","adv-header-id-meta":"","stick-header-meta":"","header-above-stick-meta":"","header-main-stick-meta":"","header-below-stick-meta":"","astra-migrate-meta-layouts":"set","ast-page-background-enabled":"default","ast-page-background-meta":{"desktop":{"background-color":"var(--ast-global-color-4)","background-image":"","background-repeat":"repeat","background-position":"center center","background-size":"auto","background-attachment":"scroll","background-type":"","background-media":"","overlay-type":"","overlay-color":"","overlay-opacity":"","overlay-gradient":""},"tablet":{"background-color":"","background-image":"","background-repeat":"repeat","background-position":"center center","background-size":"auto","background-attachment":"scroll","background-type":"","background-media":"","overlay-type":"","overlay-color":"","overlay-opacity":"","overlay-gradient":""},"mobile":{"background-color":"","background-image":"","background-repeat":"repeat","background-position":"center center","background-size":"auto","background-attachment":"scroll","background-type":"","background-media":"","overlay-type":"","overlay-color":"","overlay-opacity":"","overlay-gradient":""}},"ast-content-background-meta":{"desktop":{"background-color":"var(--ast-global-color-5)","background-image":"","background-repeat":"repeat","background-position":"center center","background-size":"auto","background-attachment":"scroll","background-type":"","background-media":"","overlay-type":"","overlay-color":"","overlay-opacity":"","overlay-gradient":""},"tablet":{"background-color":"var(--ast-global-color-5)","background-image":"","background-repeat":"repeat","background-position":"center center","background-size":"auto","background-attachment":"scroll","background-type":"","background-media":"","overlay-type":"","overlay-color":"","overlay-opacity":"","overlay-gradient":""},"mobile":{"background-color":"var(--ast-global-color-5)","background-image":"","background-repeat":"repeat","background-position":"center center","background-size":"auto","background-attachment":"scroll","background-type":"","background-media":"","overlay-type":"","overlay-color":"","overlay-opacity":"","overlay-gradient":""}}},"product_brand":[],"product_cat":[16],"product_tag":[49],"class_list":{"0":"post-867","1":"product","2":"type-product","3":"status-publish","4":"has-post-thumbnail","6":"product_cat-ingles-americano-adultos","7":"product_tag-ingles-americano","8":"desktop-align-left","9":"tablet-align-left","10":"mobile-align-left","12":"first","13":"instock","14":"sale","15":"virtual","16":"purchasable","17":"product-type-simple"},"uagb_featured_image_src":{"full":["https:\/\/openbooks21.com\/wp-content\/uploads\/2024\/12\/American-English-File.jpg",1025,1025,false],"thumbnail":["https:\/\/openbooks21.com\/wp-content\/uploads\/2024\/12\/American-English-File-150x150.jpg",150,150,true],"medium":["https:\/\/openbooks21.com\/wp-content\/uploads\/2024\/12\/American-English-File-300x300.jpg",300,300,true],"medium_large":["https:\/\/openbooks21.com\/wp-content\/uploads\/2024\/12\/American-English-File-768x768.jpg",768,768,true],"large":["https:\/\/openbooks21.com\/wp-content\/uploads\/2024\/12\/American-English-File.jpg",1024,1024,false],"1536x1536":["https:\/\/openbooks21.com\/wp-content\/uploads\/2024\/12\/American-English-File.jpg",1025,1025,false],"2048x2048":["https:\/\/openbooks21.com\/wp-content\/uploads\/2024\/12\/American-English-File.jpg",1025,1025,false],"trp-custom-language-flag":["https:\/\/openbooks21.com\/wp-content\/uploads\/2024\/12\/American-English-File-12x12.jpg",12,12,true],"woocommerce_thumbnail":["https:\/\/openbooks21.com\/wp-content\/uploads\/2024\/12\/American-English-File-300x300.jpg",300,300,true],"woocommerce_single":["https:\/\/openbooks21.com\/wp-content\/uploads\/2024\/12\/American-English-File-600x600.jpg",600,600,true],"woocommerce_gallery_thumbnail":["https:\/\/openbooks21.com\/wp-content\/uploads\/2024\/12\/American-English-File-100x100.jpg",100,100,true],"dgwt-wcas-product-suggestion":["https:\/\/openbooks21.com\/wp-content\/uploads\/2024\/12\/American-English-File-64x64.jpg",64,64,true]},"uagb_author_info":{"display_name":"openbooks21.com","author_link":"https:\/\/openbooks21.com\/pt\/author\/"},"uagb_comment_info":0,"uagb_excerpt":"Le presentamos un curso educativo y metodol\u00f3gico de seis niveles de ingl\u00e9s americano para adultos de Oxford University Publishing - American English File.","jetpack_sharing_enabled":true,"_links":{"self":[{"href":"https:\/\/openbooks21.com\/pt\/wp-json\/wp\/v2\/product\/867","targetHints":{"allow":["GET"]}}],"collection":[{"href":"https:\/\/openbooks21.com\/pt\/wp-json\/wp\/v2\/product"}],"about":[{"href":"https:\/\/openbooks21.com\/pt\/wp-json\/wp\/v2\/types\/product"}],"wp:featuredmedia":[{"embeddable":true,"href":"https:\/\/openbooks21.com\/pt\/wp-json\/wp\/v2\/media\/868"}],"wp:attachment":[{"href":"https:\/\/openbooks21.com\/pt\/wp-json\/wp\/v2\/media?parent=867"}],"wp:term":[{"taxonomy":"product_brand","embeddable":true,"href":"https:\/\/openbooks21.com\/pt\/wp-json\/wp\/v2\/product_brand?post=867"},{"taxonomy":"product_cat","embeddable":true,"href":"https:\/\/openbooks21.com\/pt\/wp-json\/wp\/v2\/product_cat?post=867"},{"taxonomy":"product_tag","embeddable":true,"href":"https:\/\/openbooks21.com\/pt\/wp-json\/wp\/v2\/product_tag?post=867"}],"curies":[{"name":"wp","href":"https:\/\/api.w.org\/{rel}","templated":true}]}}